{"id":138927,"date":"2026-03-16T00:00:00","date_gmt":"2026-03-15T23:00:00","guid":{"rendered":"https:\/\/gpl-love.com\/fr\/produit\/wpc-product-timer-for-woocommerce\/"},"modified":"2026-03-21T00:00:40","modified_gmt":"2026-03-20T23:00:40","slug":"wpc-product-timer-for-woocommerce","status":"publish","type":"product","link":"https:\/\/gpl-love.com\/fr\/produit\/wpc-product-timer-for-woocommerce\/","title":{"rendered":"WPC Product Timer pour WooCommerce 5.3.2"},"content":{"rendered":"<h3>WPC Product Timer pour WooCommerce Traits<\/h3>\n<p>D\u00e9couvrez comment booster votre boutique WooCommerce avec le WPC Product Timer pour WooCommerce. Ce puissant plugin fait office de compte \u00e0 rebours et s&rsquo;int\u00e8gre parfaitement \u00e0 votre boutique en ligne pour cr\u00e9er un sentiment d&rsquo;urgence et augmenter vos conversions. Son installation est simple et rapide gr\u00e2ce au guide complet fourni.<\/p>\n<p>Apprenez \u00e0 utiliser efficacement le WPC Product Timer pour WooCommerce en suivant les bonnes pratiques. Optimisez votre boutique avec des minuteurs de produits qui mettent en avant les offres \u00e0 dur\u00e9e limit\u00e9e et les ventes flash, les rendant irr\u00e9sistibles pour vos clients. Ce minuteur de produits WooCommerce est id\u00e9al pour les promotions de fin d&rsquo;ann\u00e9e et permet d&rsquo;augmenter vos ventes gr\u00e2ce \u00e0 des comptes \u00e0 rebours strat\u00e9giques qui exploitent le sentiment d&rsquo;urgence.<\/p>\n<p>Explorez les avantages du WPC Product Timer pour WooCommerce gr\u00e2ce \u00e0 des tutoriels et des avis d\u00e9taill\u00e9s. Comparez-le avec d&rsquo;autres plugins de minuteur de produits WooCommerce pour trouver celui qui correspond le mieux \u00e0 vos besoins. Qu&rsquo;il s&rsquo;agisse de t\u00e9l\u00e9charger un plugin de minuteur pour vos soldes ou de configurer un minuteur d&rsquo;urgence pour vos produits, ce plugin r\u00e9pond \u00e0 tous vos besoins pour am\u00e9liorer les performances de votre boutique.<\/p>\n<p>Cr\u00e9ez des ventes flash, boostez vos conversions et\u2026<\/p>\n<ul>\n<li>Automatisation de la planification de la disponibilit\u00e9 des produits dans WooCommerce<\/li>\n<li><\/li>\n<li>Prise en charge des promotions \u00e0 dur\u00e9e limit\u00e9e et des ventes flash<\/li>\n<li><\/li>\n<li>Interface intuitive pour d\u00e9finir les heures de d\u00e9but et de fin<\/li>\n<li><\/li>\n<li>Compatible avec les produits variables et simples<\/li>\n<li><\/li>\n<li>Gestion optimis\u00e9e de la boutique gr\u00e2ce \u00e0 une planification pr\u00e9cise des produits<\/li>\n<li><\/li>\n<li>Augmentation des ventes gr\u00e2ce \u00e0 une visibilit\u00e9 strat\u00e9gique des produits<\/li>\n<li><\/li>\n<li>R\u00e9duction des t\u00e2ches manuelles gr\u00e2ce \u00e0 la planification automatis\u00e9e<\/li>\n<li><\/li>\n<li>Int\u00e9gration fluide avec votre installation WooCommerce existante<\/li>\n<li><\/li>\n<li>Param\u00e8tres personnalisables pour une planification adapt\u00e9e \u00e0 vos besoins<\/li>\n<li><\/li>\n<li>Optimisation de la rotation des stocks et de l&rsquo;engagement client<\/li>\n<\/ul>\n","protected":false},"excerpt":{"rendered":"<p>Le WPC Product Timer pour WooCommerce est un outil complet con\u00e7u sp\u00e9cifiquement pour g\u00e9rer la disponibilit\u00e9 et les prix des produits en fonction des param\u00e8tres de synchronisation. Ce minuteur tr\u00e8s flexible vous permet de d\u00e9terminer quand vos produits doivent \u00eatre mis en vente, disponibles au visionnage ou disponibles \u00e0 l&rsquo;achat. Cela r\u00e9duit le stress li\u00e9 \u00e0 la gestion des produits, en particulier pendant les hautes saisons, ce qui se traduit par un flux de travail plus rationalis\u00e9.<\/p>\n","protected":false},"featured_media":146869,"comment_status":"open","ping_status":"open","template":"","meta":[],"product_brand":[2772],"product_cat":[1182,1223,1181],"product_tag":[2364],"class_list":{"0":"post-138927","1":"product","2":"type-product","3":"status-publish","4":"has-post-thumbnail","6":"product_brand-wpclever","7":"product_cat-commerce-electronique-plugins","8":"product_cat-personnalisation-commerce-electronique-plugins","9":"product_cat-plugins","10":"product_tag-wpclever","11":"member-discount","12":"discount-restricted","14":"first","15":"instock","16":"sale","17":"downloadable","18":"virtual","19":"sold-individually","20":"purchasable","21":"product-type-simple"},"_links":{"self":[{"href":"https:\/\/gpl-love.com\/fr\/wp-json\/wp\/v2\/product\/138927","targetHints":{"allow":["GET"]}}],"collection":[{"href":"https:\/\/gpl-love.com\/fr\/wp-json\/wp\/v2\/product"}],"about":[{"href":"https:\/\/gpl-love.com\/fr\/wp-json\/wp\/v2\/types\/product"}],"replies":[{"embeddable":true,"href":"https:\/\/gpl-love.com\/fr\/wp-json\/wp\/v2\/comments?post=138927"}],"wp:featuredmedia":[{"embeddable":true,"href":"https:\/\/gpl-love.com\/fr\/wp-json\/wp\/v2\/media\/146869"}],"wp:attachment":[{"href":"https:\/\/gpl-love.com\/fr\/wp-json\/wp\/v2\/media?parent=138927"}],"wp:term":[{"taxonomy":"product_brand","embeddable":true,"href":"https:\/\/gpl-love.com\/fr\/wp-json\/wp\/v2\/product_brand?post=138927"},{"taxonomy":"product_cat","embeddable":true,"href":"https:\/\/gpl-love.com\/fr\/wp-json\/wp\/v2\/product_cat?post=138927"},{"taxonomy":"product_tag","embeddable":true,"href":"https:\/\/gpl-love.com\/fr\/wp-json\/wp\/v2\/product_tag?post=138927"}],"curies":[{"name":"wp","href":"https:\/\/api.w.org\/{rel}","templated":true}]}}