{"id":138925,"date":"2026-03-16T00:00:00","date_gmt":"2026-03-15T23:00:00","guid":{"rendered":"https:\/\/gpl-love.com\/fr\/produit\/wpc-product-tabs-for-woocommerce\/"},"modified":"2026-03-21T00:00:39","modified_gmt":"2026-03-20T23:00:39","slug":"wpc-product-tabs-for-woocommerce","status":"publish","type":"product","link":"https:\/\/gpl-love.com\/fr\/produit\/wpc-product-tabs-for-woocommerce\/","title":{"rendered":"WPC Product Tabs pour WooCommerce 4.2.7"},"content":{"rendered":"<h3>WPC Product Tabs pour WooCommerce Traits<\/h3>\n<p>Exploitez pleinement le potentiel de votre boutique WooCommerce gr\u00e2ce \u00e0 l&rsquo;extension polyvalente WPC Product Tabs pour WooCommerce. Cet outil essentiel permet une personnalisation fluide des onglets produits, am\u00e9liorant ainsi l&rsquo;exp\u00e9rience d&rsquo;achat et stimulant l&rsquo;engagement. Pour les nouveaux utilisateurs, un guide d&rsquo;installation complet de WPC Product Tabs pour WooCommerce est disponible, offrant un accompagnement pas \u00e0 pas pour une int\u00e9gration r\u00e9ussie.<\/p>\n<p>D\u00e9couvrez le meilleur tutoriel sur WPC Product Tabs pour WooCommerce, qui d\u00e9taille son utilisation optimale. L&rsquo;installation est un jeu d&rsquo;enfant gr\u00e2ce aux instructions claires fournies, et les utilisateurs peuvent facilement personnaliser leurs onglets gr\u00e2ce aux conseils d&rsquo;utilisation de WPC pour WooCommerce.<\/p>\n<p>Explorez toutes les fonctionnalit\u00e9s et tous les avantages de WPC Product Tabs pour WooCommerce, con\u00e7us pour optimiser les onglets produits WooCommerce gr\u00e2ce \u00e0 l&rsquo;extension WPC. Les mises \u00e0 jour r\u00e9guli\u00e8res de l&rsquo;extension WPC Product Tabs pour WooCommerce garantissent une compatibilit\u00e9 et des performances optimales. En cas de probl\u00e8me, le d\u00e9pannage de WPC Product Tabs dans WooCommerce est simple et l&rsquo;extension est compatible avec WooCommerce.<\/p>\n<ul>\n<li>Organise les d\u00e9tails des produits en onglets pour une navigation intuitive.<\/li>\n<li><\/li>\n<li>Am\u00e9liore l&rsquo;exp\u00e9rience utilisateur gr\u00e2ce \u00e0 une mise en page produit claire et structur\u00e9e.<\/li>\n<li><\/li>\n<li>Titres et contenu des onglets personnalisables pour r\u00e9pondre aux besoins sp\u00e9cifiques de chaque produit.<\/li>\n<li><\/li>\n<li>Prise en charge de diff\u00e9rents types de contenu\u00a0: texte, images et vid\u00e9os int\u00e9gr\u00e9es.<\/li>\n<li><\/li>\n<li>Compatible avec la plupart des th\u00e8mes et extensions WooCommerce pour une int\u00e9gration optimale.<\/li>\n<li><\/li>\n<li>Fonctionnalit\u00e9 glisser-d\u00e9poser pour une gestion simplifi\u00e9e des onglets.<\/li>\n<li><\/li>\n<li>Param\u00e8tres d&rsquo;onglets globaux et par produit (en option) pour une personnalisation flexible.<\/li>\n<li><\/li>\n<li>Am\u00e9liore l&rsquo;engagement en optimisant l&rsquo;acc\u00e8s aux informations produits.<\/li>\n<li><\/li>\n<li>L\u00e9ger et optimis\u00e9 pour des performances rapides sur les boutiques WooCommerce.<\/li>\n<li><\/li>\n<li>Mises \u00e0 jour r\u00e9guli\u00e8res et assistance pour une compatibilit\u00e9 avec les derni\u00e8res versions de WooCommerce.<\/li>\n<\/ul>\n","protected":false},"excerpt":{"rendered":"<p>WPC Product Tabs for WooCommerce est un plugin qui ajoute un avantage \u00e0 vos pages de produits en incorporant des onglets personnalis\u00e9s. Ces onglets contiennent des d\u00e9tails suppl\u00e9mentaires sur les produits qui peuvent renforcer la confiance des clients et potentiellement am\u00e9liorer les ventes. Besoin de fournir des descriptions d\u00e9taill\u00e9es, des sp\u00e9cifications ou une motivation d\u2019achat suppl\u00e9mentaire\u00a0? WPC Product Tabs est la solution plugin pratique et tr\u00e8s polyvalente pour approfondir les d\u00e9tails de votre produit sans effort.<\/p>\n","protected":false},"featured_media":146868,"comment_status":"open","ping_status":"open","template":"","meta":[],"product_brand":[2772],"product_cat":[1182,1223,1181],"product_tag":[2364],"class_list":{"0":"post-138925","1":"product","2":"type-product","3":"status-publish","4":"has-post-thumbnail","6":"product_brand-wpclever","7":"product_cat-commerce-electronique-plugins","8":"product_cat-personnalisation-commerce-electronique-plugins","9":"product_cat-plugins","10":"product_tag-wpclever","11":"member-discount","12":"discount-restricted","14":"first","15":"instock","16":"sale","17":"downloadable","18":"virtual","19":"sold-individually","20":"purchasable","21":"product-type-simple"},"_links":{"self":[{"href":"https:\/\/gpl-love.com\/fr\/wp-json\/wp\/v2\/product\/138925","targetHints":{"allow":["GET"]}}],"collection":[{"href":"https:\/\/gpl-love.com\/fr\/wp-json\/wp\/v2\/product"}],"about":[{"href":"https:\/\/gpl-love.com\/fr\/wp-json\/wp\/v2\/types\/product"}],"replies":[{"embeddable":true,"href":"https:\/\/gpl-love.com\/fr\/wp-json\/wp\/v2\/comments?post=138925"}],"wp:featuredmedia":[{"embeddable":true,"href":"https:\/\/gpl-love.com\/fr\/wp-json\/wp\/v2\/media\/146868"}],"wp:attachment":[{"href":"https:\/\/gpl-love.com\/fr\/wp-json\/wp\/v2\/media?parent=138925"}],"wp:term":[{"taxonomy":"product_brand","embeddable":true,"href":"https:\/\/gpl-love.com\/fr\/wp-json\/wp\/v2\/product_brand?post=138925"},{"taxonomy":"product_cat","embeddable":true,"href":"https:\/\/gpl-love.com\/fr\/wp-json\/wp\/v2\/product_cat?post=138925"},{"taxonomy":"product_tag","embeddable":true,"href":"https:\/\/gpl-love.com\/fr\/wp-json\/wp\/v2\/product_tag?post=138925"}],"curies":[{"name":"wp","href":"https:\/\/api.w.org\/{rel}","templated":true}]}}