{"id":138923,"date":"2026-03-16T00:00:00","date_gmt":"2026-03-15T23:00:00","guid":{"rendered":"https:\/\/gpl-love.com\/fr\/produit\/wpc-mystery-box-for-woocommerce\/"},"modified":"2026-03-21T00:00:39","modified_gmt":"2026-03-20T23:00:39","slug":"wpc-mystery-box-for-woocommerce","status":"publish","type":"product","link":"https:\/\/gpl-love.com\/fr\/produit\/wpc-mystery-box-for-woocommerce\/","title":{"rendered":"WPC Mystery Box pour WooCommerce 1.1.8"},"content":{"rendered":"<h3>WPC Mystery Box pour WooCommerce Traits<\/h3>\n<p>Lib\u00e9rez tout le potentiel de votre boutique en ligne avec WPC Mystery Box pour WooCommerce. Ce plugin innovant dynamise l&rsquo;exp\u00e9rience d&rsquo;achat en ligne en cr\u00e9ant la surprise et en attirant les clients. D\u00e9couvrez comment utiliser WPC Mystery Box dans WooCommerce gr\u00e2ce \u00e0 un guide d&rsquo;installation complet. Explorez les meilleurs th\u00e8mes WPC Mystery Box pour WooCommerce, con\u00e7us pour captiver et fid\u00e9liser vos clients.<\/p>\n<p>Le plugin WPC Mystery Box pour WooCommerce est disponible au t\u00e9l\u00e9chargement et offre une int\u00e9gration WooCommerce fluide. Suivez le tutoriel d\u00e9taill\u00e9 pour une installation facile et apprenez \u00e0 optimiser WPC Mystery Box pour WooCommerce afin de booster vos ventes. Des conseils de d\u00e9pannage vous permettent de r\u00e9soudre rapidement tout probl\u00e8me, tandis que les options de personnalisation vous offrent une solution sur mesure.<\/p>\n<p>Explorez les fonctionnalit\u00e9s et les avantages de WPC Mystery Box pour WooCommerce et apprenez \u00e0 vendre efficacement avec cet outil. Les avis clients soulignent son impact, les retours mettant en avant l&rsquo;augmentation de l&rsquo;engagement et des ventes. D\u00e9couvrez les meilleures pratiques et les strat\u00e9gies tarifaires adapt\u00e9es \u00e0 la r\u00e9ussite, et tirez parti de techniques marketing efficaces pour maximiser votre impact.<\/p>\n<p>Que ce soit pour une touche d&rsquo;originalit\u00e9\u2026<\/p>\n<ul>\n<li>Am\u00e9liorez votre boutique WooCommerce avec des offres de produits surprises<\/li>\n<li><\/li>\n<li>Contenu des bo\u00eetes personnalisable selon les pr\u00e9f\u00e9rences des clients<\/li>\n<li><\/li>\n<li>Fid\u00e9lisez vos clients gr\u00e2ce \u00e0 des exp\u00e9riences uniques<\/li>\n<li><\/li>\n<li>Boostez vos ventes gr\u00e2ce \u00e0 une exp\u00e9rience d&rsquo;achat ludique et captivante<\/li>\n<li><\/li>\n<li>Int\u00e9gration facile avec votre installation WooCommerce existante<\/li>\n<li><\/li>\n<li>Gestion des variations de produits et des stocks<\/li>\n<li><\/li>\n<li>Traitement automatis\u00e9 des commandes pour un fonctionnement optimal<\/li>\n<li><\/li>\n<li>Interface intuitive pour une configuration et une gestion simplifi\u00e9es<\/li>\n<li><\/li>\n<li>Compatible avec les appareils mobiles et les ordinateurs<\/li>\n<li><\/li>\n<li>Encouragez les achats r\u00e9p\u00e9t\u00e9s en suscitant la curiosit\u00e9 et l&rsquo;enthousiasme<\/li>\n<\/ul>\n","protected":false},"excerpt":{"rendered":"<p>Le plugin WooCommerce Mystery Box de WPC est un outil innovant destin\u00e9 aux propri\u00e9taires de magasins de commerce \u00e9lectronique qui leur permet de cr\u00e9er des packages surprises de produits. Les clients ach\u00e8tent ces forfaits sans savoir exactement ce qu\u2019ils contiennent, ce qui stimule leur curiosit\u00e9 et leur enthousiasme, cr\u00e9ant ainsi un plus grand engagement client. Ce plugin contribue \u00e0 augmenter les taux de conversion en captivant l\u2019instinct humain de surprise et d\u2019anticipation.<\/p>\n","protected":false},"featured_media":146867,"comment_status":"open","ping_status":"open","template":"","meta":[],"product_brand":[2772],"product_cat":[1182,1223,1181],"product_tag":[2364],"class_list":{"0":"post-138923","1":"product","2":"type-product","3":"status-publish","4":"has-post-thumbnail","6":"product_brand-wpclever","7":"product_cat-commerce-electronique-plugins","8":"product_cat-personnalisation-commerce-electronique-plugins","9":"product_cat-plugins","10":"product_tag-wpclever","11":"member-discount","12":"discount-restricted","14":"first","15":"instock","16":"sale","17":"downloadable","18":"virtual","19":"sold-individually","20":"purchasable","21":"product-type-simple"},"_links":{"self":[{"href":"https:\/\/gpl-love.com\/fr\/wp-json\/wp\/v2\/product\/138923","targetHints":{"allow":["GET"]}}],"collection":[{"href":"https:\/\/gpl-love.com\/fr\/wp-json\/wp\/v2\/product"}],"about":[{"href":"https:\/\/gpl-love.com\/fr\/wp-json\/wp\/v2\/types\/product"}],"replies":[{"embeddable":true,"href":"https:\/\/gpl-love.com\/fr\/wp-json\/wp\/v2\/comments?post=138923"}],"wp:featuredmedia":[{"embeddable":true,"href":"https:\/\/gpl-love.com\/fr\/wp-json\/wp\/v2\/media\/146867"}],"wp:attachment":[{"href":"https:\/\/gpl-love.com\/fr\/wp-json\/wp\/v2\/media?parent=138923"}],"wp:term":[{"taxonomy":"product_brand","embeddable":true,"href":"https:\/\/gpl-love.com\/fr\/wp-json\/wp\/v2\/product_brand?post=138923"},{"taxonomy":"product_cat","embeddable":true,"href":"https:\/\/gpl-love.com\/fr\/wp-json\/wp\/v2\/product_cat?post=138923"},{"taxonomy":"product_tag","embeddable":true,"href":"https:\/\/gpl-love.com\/fr\/wp-json\/wp\/v2\/product_tag?post=138923"}],"curies":[{"name":"wp","href":"https:\/\/api.w.org\/{rel}","templated":true}]}}