{"id":138921,"date":"2026-03-16T00:00:00","date_gmt":"2026-03-15T23:00:00","guid":{"rendered":"https:\/\/gpl-love.com\/fr\/produit\/wpc-force-sells-for-woocommerce\/"},"modified":"2026-03-21T00:00:38","modified_gmt":"2026-03-20T23:00:38","slug":"wpc-force-sells-for-woocommerce","status":"publish","type":"product","link":"https:\/\/gpl-love.com\/fr\/produit\/wpc-force-sells-for-woocommerce\/","title":{"rendered":"WPC Force Sells pour WooCommerce 6.3.8"},"content":{"rendered":"<h3>WPC Force Sells pour WooCommerce Traits<\/h3>\n<p>Exploitez pleinement le potentiel de votre boutique en ligne gr\u00e2ce \u00e0 l&rsquo;extension WPC Force Sells pour WooCommerce. Cet outil puissant est la meilleure extension de vente forc\u00e9e pour WooCommerce, con\u00e7ue pour booster vos ventes gr\u00e2ce \u00e0 des strat\u00e9gies efficaces de regroupement de produits et de vente crois\u00e9e. Vous vous demandez comment utiliser WPC Force Sells pour WooCommerce\u00a0? C&rsquo;est simple\u00a0! Un tutoriel WPC Force Sells vous guidera pas \u00e0 pas dans l&rsquo;installation et vous permettra de regrouper vos produits WooCommerce en toute simplicit\u00e9.<\/p>\n<p>Gr\u00e2ce \u00e0 cette extension de regroupement de produits WooCommerce, augmentez vos ventes en associant des produits similaires et en cr\u00e9ant des opportunit\u00e9s de vente incitative fluides. Ses fonctionnalit\u00e9s et avantages incluent des techniques de vente WooCommerce avanc\u00e9es, telles que le regroupement et l&rsquo;association de produits, ce qui en fait un choix incontournable pour l&rsquo;optimisation des ventes.<\/p>\n<p>Consultez le guide d&rsquo;installation de WPC Force Sells pour d\u00e9couvrir les strat\u00e9gies de regroupement de produits WooCommerce. Explorez la puissance de cette extension de vente crois\u00e9e WooCommerce en testant les produits associ\u00e9s. Comparez-la aux autres extensions de vente forc\u00e9e WooCommerce et d\u00e9couvrez pourquoi WPC Force Sells se distingue. Suivez WPC.<\/p>\n<ul>\n<li>Int\u00e9gration fluide avec WooCommerce pour des capacit\u00e9s de vente optimis\u00e9es<\/li>\n<li>Fonctionnalit\u00e9s avanc\u00e9es de gestion des produits pour un contr\u00f4le des stocks simplifi\u00e9<\/li>\n<li>Configuration facile et interface intuitive pour une prise en main rapide<\/li>\n<li>Rapports de vente automatis\u00e9s pour suivre les performances et optimiser les strat\u00e9gies<\/li>\n<li>Options de tarification personnalisables pour booster les conversions et les ventes<\/li>\n<li>Traitement des paiements s\u00e9curis\u00e9 pour garantir la confiance et la satisfaction client<\/li>\n<li>Compatibilit\u00e9 avec une large gamme de th\u00e8mes et d&rsquo;extensions pour une flexibilit\u00e9 maximale<\/li>\n<li>Conception responsive pour une gestion mobile optimale<\/li>\n<li>Assistance client performante pour r\u00e9soudre les probl\u00e8mes rapidement et efficacement<\/li>\n<li>Mises \u00e0 jour r\u00e9guli\u00e8res pour int\u00e9grer de nouvelles fonctionnalit\u00e9s et am\u00e9liorer le fonctionnement<\/li>\n<\/ul>\n","protected":false},"excerpt":{"rendered":"<p>Le plugin WPC Force Sells pour WooCommerce est un outil complet con\u00e7u pour cr\u00e9er et g\u00e9rer des offres de groupe compos\u00e9es de nombreux produits associ\u00e9s, vendus ensemble sous forme de forfait. Ce plugin aide non seulement les propri\u00e9taires de magasins \u00e0 augmenter leurs revenus gr\u00e2ce \u00e0 la vente de lots d&rsquo;articles, mais pr\u00e9sente \u00e9galement efficacement les avantages de l&rsquo;offre aux clients, les incitant \u00e0 acheter le package complet.<\/p>\n","protected":false},"featured_media":146866,"comment_status":"open","ping_status":"open","template":"","meta":[],"product_brand":[2772],"product_cat":[1182,1223,1181],"product_tag":[2364],"class_list":{"0":"post-138921","1":"product","2":"type-product","3":"status-publish","4":"has-post-thumbnail","6":"product_brand-wpclever","7":"product_cat-commerce-electronique-plugins","8":"product_cat-personnalisation-commerce-electronique-plugins","9":"product_cat-plugins","10":"product_tag-wpclever","11":"member-discount","12":"discount-restricted","14":"first","15":"instock","16":"sale","17":"downloadable","18":"virtual","19":"sold-individually","20":"purchasable","21":"product-type-simple"},"_links":{"self":[{"href":"https:\/\/gpl-love.com\/fr\/wp-json\/wp\/v2\/product\/138921","targetHints":{"allow":["GET"]}}],"collection":[{"href":"https:\/\/gpl-love.com\/fr\/wp-json\/wp\/v2\/product"}],"about":[{"href":"https:\/\/gpl-love.com\/fr\/wp-json\/wp\/v2\/types\/product"}],"replies":[{"embeddable":true,"href":"https:\/\/gpl-love.com\/fr\/wp-json\/wp\/v2\/comments?post=138921"}],"wp:featuredmedia":[{"embeddable":true,"href":"https:\/\/gpl-love.com\/fr\/wp-json\/wp\/v2\/media\/146866"}],"wp:attachment":[{"href":"https:\/\/gpl-love.com\/fr\/wp-json\/wp\/v2\/media?parent=138921"}],"wp:term":[{"taxonomy":"product_brand","embeddable":true,"href":"https:\/\/gpl-love.com\/fr\/wp-json\/wp\/v2\/product_brand?post=138921"},{"taxonomy":"product_cat","embeddable":true,"href":"https:\/\/gpl-love.com\/fr\/wp-json\/wp\/v2\/product_cat?post=138921"},{"taxonomy":"product_tag","embeddable":true,"href":"https:\/\/gpl-love.com\/fr\/wp-json\/wp\/v2\/product_tag?post=138921"}],"curies":[{"name":"wp","href":"https:\/\/api.w.org\/{rel}","templated":true}]}}