{"id":138919,"date":"2026-03-16T00:00:00","date_gmt":"2026-03-15T23:00:00","guid":{"rendered":"https:\/\/gpl-love.com\/fr\/produit\/wpc-ajax-search-for-woocommerce\/"},"modified":"2026-03-21T00:00:37","modified_gmt":"2026-03-20T23:00:37","slug":"wpc-ajax-search-for-woocommerce","status":"publish","type":"product","link":"https:\/\/gpl-love.com\/fr\/produit\/wpc-ajax-search-for-woocommerce\/","title":{"rendered":"WPC AJAX Search pour WooCommerce 2.5.1"},"content":{"rendered":"<h3>WPC AJAX Search pour WooCommerce Traits<\/h3>\n<p>D\u00e9couvrez la solution id\u00e9ale pour optimiser votre boutique en ligne gr\u00e2ce \u00e0 l&rsquo;extension WPC AJAX Search pour WooCommerce. Cet outil se distingue comme la meilleure int\u00e9gration de recherche AJAX pour WooCommerce, offrant une exp\u00e9rience de recherche fluide et performante \u00e0 vos clients. L&rsquo;installation de WPC AJAX Search est simple et rapide, gr\u00e2ce \u00e0 un guide d&rsquo;installation qui vous accompagne \u00e0 chaque \u00e9tape.<\/p>\n<p>Une fois int\u00e9gr\u00e9e, l&rsquo;extension optimise consid\u00e9rablement les fonctions de recherche de WooCommerce, fournissant des r\u00e9sultats instantan\u00e9s et pr\u00e9cis pour une satisfaction utilisateur accrue. Les fonctionnalit\u00e9s de recherche AJAX pour WooCommerce garantissent une recherche de produits plus rapide et intuitive, essentielle aussi bien pour les visiteurs occasionnels que pour les acheteurs confirm\u00e9s.<\/p>\n<p>L&rsquo;un des principaux atouts de l&rsquo;extension WPC AJAX Search r\u00e9side dans ses nombreuses options de personnalisation, permettant des am\u00e9liorations de recherche sur mesure, adapt\u00e9es aux besoins sp\u00e9cifiques de votre boutique. L&rsquo;optimisation de la recherche de produits WooCommerce avec WPC se traduit par une nette am\u00e9lioration des r\u00e9sultats de recherche.<\/p>\n<p>Pour les nouveaux utilisateurs, un tutoriel complet sur la recherche AJAX pour WooCommerce vous guidera pour exploiter pleinement son potentiel. Vous pouvez vous attendre \u00e0 des performances exceptionnelles de WPC AJAX Search.<\/p>\n<ul>\n<li>R\u00e9sultats de recherche en temps r\u00e9el fluides pour une exp\u00e9rience d&rsquo;achat optimis\u00e9e<\/li>\n<li><\/li>\n<li>Suggestions de saisie semi-automatique intuitives pour une recherche de produits plus rapide<\/li>\n<li><\/li>\n<li>Compatible avec WooCommerce pour une int\u00e9gration facile aux boutiques existantes<\/li>\n<li><\/li>\n<li>Design personnalisable pour s&rsquo;harmoniser avec l&rsquo;esth\u00e9tique et l&rsquo;image de marque de votre boutique<\/li>\n<li>Prise en charge des filtres et cat\u00e9gories de produits pour des r\u00e9sultats de recherche plus pr\u00e9cis<\/li>\n<li>L\u00e9ger et optimis\u00e9 pour des performances rapides et des temps de chargement minimaux<\/li>\n<li>Compatible avec les appareils mobiles pour une exp\u00e9rience fluide sur tous les supports<\/li>\n<li>Prise en charge multilingue pour une accessibilit\u00e9 et une port\u00e9e mondiales<\/li>\n<li>Installation facile, sans aucune comp\u00e9tence en programmation<\/li>\n<li>Mises \u00e0 jour r\u00e9guli\u00e8res pour garantir la compatibilit\u00e9 avec les derni\u00e8res versions de WooCommerce<\/li>\n<\/ul>\n","protected":false},"excerpt":{"rendered":"<p>Le plugin WPC Ajax Search pour WooCommerce am\u00e9liore l&rsquo;exp\u00e9rience de recherche de produits de votre boutique en ligne en offrant des r\u00e9sultats de recherche instantan\u00e9s et des aper\u00e7us de produits lorsque les utilisateurs tapent dans la barre de recherche. Ce plugin est particuli\u00e8rement utile pour les grands magasins ou les grossistes, fournissant une fonction de recherche rapide et efficace qui peut consid\u00e9rablement am\u00e9liorer l&rsquo;exp\u00e9rience utilisateur et potentiellement augmenter les taux de conversion.<\/p>\n","protected":false},"featured_media":146865,"comment_status":"open","ping_status":"open","template":"","meta":[],"product_brand":[2772],"product_cat":[1182,1223,1181],"product_tag":[2364],"class_list":{"0":"post-138919","1":"product","2":"type-product","3":"status-publish","4":"has-post-thumbnail","6":"product_brand-wpclever","7":"product_cat-commerce-electronique-plugins","8":"product_cat-personnalisation-commerce-electronique-plugins","9":"product_cat-plugins","10":"product_tag-wpclever","11":"member-discount","12":"discount-restricted","14":"first","15":"instock","16":"sale","17":"downloadable","18":"virtual","19":"sold-individually","20":"purchasable","21":"product-type-simple"},"_links":{"self":[{"href":"https:\/\/gpl-love.com\/fr\/wp-json\/wp\/v2\/product\/138919","targetHints":{"allow":["GET"]}}],"collection":[{"href":"https:\/\/gpl-love.com\/fr\/wp-json\/wp\/v2\/product"}],"about":[{"href":"https:\/\/gpl-love.com\/fr\/wp-json\/wp\/v2\/types\/product"}],"replies":[{"embeddable":true,"href":"https:\/\/gpl-love.com\/fr\/wp-json\/wp\/v2\/comments?post=138919"}],"wp:featuredmedia":[{"embeddable":true,"href":"https:\/\/gpl-love.com\/fr\/wp-json\/wp\/v2\/media\/146865"}],"wp:attachment":[{"href":"https:\/\/gpl-love.com\/fr\/wp-json\/wp\/v2\/media?parent=138919"}],"wp:term":[{"taxonomy":"product_brand","embeddable":true,"href":"https:\/\/gpl-love.com\/fr\/wp-json\/wp\/v2\/product_brand?post=138919"},{"taxonomy":"product_cat","embeddable":true,"href":"https:\/\/gpl-love.com\/fr\/wp-json\/wp\/v2\/product_cat?post=138919"},{"taxonomy":"product_tag","embeddable":true,"href":"https:\/\/gpl-love.com\/fr\/wp-json\/wp\/v2\/product_tag?post=138919"}],"curies":[{"name":"wp","href":"https:\/\/api.w.org\/{rel}","templated":true}]}}