{"id":138917,"date":"2026-03-16T00:00:00","date_gmt":"2026-03-15T23:00:00","guid":{"rendered":"https:\/\/gpl-love.com\/fr\/produit\/wpc-order-tip-for-woocommerce\/"},"modified":"2026-03-21T00:00:36","modified_gmt":"2026-03-20T23:00:36","slug":"wpc-order-tip-for-woocommerce","status":"publish","type":"product","link":"https:\/\/gpl-love.com\/fr\/produit\/wpc-order-tip-for-woocommerce\/","title":{"rendered":"WPC Order Tip pour WooCommerce 3.2.5"},"content":{"rendered":"<h3>WPC Order Tip pour WooCommerce Traits<\/h3>\n<p>Am\u00e9liorez votre boutique WooCommerce avec l&rsquo;extension WPC Order Tip pour WooCommerce, la meilleure extension pour fid\u00e9liser vos clients et augmenter les pourboires. D\u00e9couvrez comment ajouter des pourboires aux commandes WooCommerce gr\u00e2ce \u00e0 une installation simple et rapide. Cette extension propose un guide d&rsquo;installation facile pour personnaliser les pourboires WooCommerce et les adapter aux besoins de chaque boutique, garantissant ainsi une exp\u00e9rience client personnalis\u00e9e.<\/p>\n<p>Gr\u00e2ce aux param\u00e8tres de pourboires WooCommerce, les entreprises peuvent g\u00e9rer et ajuster facilement les options de pourboire au moment du paiement, offrant ainsi aux clients la possibilit\u00e9 d&rsquo;exprimer leur reconnaissance. L&rsquo;int\u00e9gration de cette fonctionnalit\u00e9 de pourboires WooCommerce est con\u00e7ue pour am\u00e9liorer l&rsquo;exp\u00e9rience utilisateur et potentiellement augmenter les pourboires dans toute boutique WooCommerce, ce qui en fait un atout pr\u00e9cieux pour les entreprises ax\u00e9es sur les services.<\/p>\n<p>Explorez les avantages de cette extension de pourboires WooCommerce qui transforme le processus de paiement gr\u00e2ce \u00e0 des options personnalisables et un guide d&rsquo;installation simple. Les avis soulignent la facilit\u00e9 d&rsquo;utilisation et l&rsquo;efficacit\u00e9 de l&rsquo;extension de pourboires WooCommerce, ce qui en fait un choix de premier ordre pour ceux qui souhaitent ajouter des pourboires \u00e0 leurs boutiques.<\/p>\n<ul>\n<li>Int\u00e9gration fluide avec WooCommerce pour une gestion des commandes optimis\u00e9e.<\/li>\n<li><\/li>\n<li>Permet de personnaliser les pourboires pour enrichir les options offertes aux clients.<\/li>\n<li><\/li>\n<li>Interface utilisateur intuitive pour une configuration simple et rapide.<\/li>\n<li><\/li>\n<li>Prise en charge du calcul des pourboires en pourcentage ou en montant fixe pour une flexibilit\u00e9 maximale.<\/li>\n<li><\/li>\n<li>Fournit des rapports d\u00e9taill\u00e9s pour le suivi des pourboires.<\/li>\n<li><\/li>\n<li>Compatible avec diverses passerelles de paiement pour un traitement fluide des transactions.<\/li>\n<li><\/li>\n<li>Optimisation de l&rsquo;exp\u00e9rience de paiement gr\u00e2ce aux options de pourboire.<\/li>\n<li><\/li>\n<li>Suggestions de pourboire personnalisables selon les besoins de votre entreprise.<\/li>\n<li><\/li>\n<li>Conception optimis\u00e9e pour les mobiles garantissant une accessibilit\u00e9 sur tous les appareils.<\/li>\n<li><\/li>\n<li>Mises \u00e0 jour r\u00e9guli\u00e8res pour des performances am\u00e9lior\u00e9es et de nouvelles fonctionnalit\u00e9s.<\/li>\n<\/ul>\n","protected":false},"excerpt":{"rendered":"<p>Le plugin WPC Order Tip pour WooCommerce est un outil adaptatif qui permet aux clients d&rsquo;augmenter la valeur de leur commande en ajoutant un pourboire ou un don. Cette fonctionnalit\u00e9 peut faciliter les pourboires pour le vendeur ou le personnel de livraison, ou m\u00eame les dons \u00e0 des \u0153uvres caritatives et \u00e0 des organisations.<\/p>\n","protected":false},"featured_media":146864,"comment_status":"open","ping_status":"open","template":"","meta":[],"product_brand":[2772],"product_cat":[1182,1223,1181],"product_tag":[2364],"class_list":{"0":"post-138917","1":"product","2":"type-product","3":"status-publish","4":"has-post-thumbnail","6":"product_brand-wpclever","7":"product_cat-commerce-electronique-plugins","8":"product_cat-personnalisation-commerce-electronique-plugins","9":"product_cat-plugins","10":"product_tag-wpclever","11":"member-discount","12":"discount-restricted","14":"first","15":"instock","16":"sale","17":"downloadable","18":"virtual","19":"sold-individually","20":"purchasable","21":"product-type-simple"},"_links":{"self":[{"href":"https:\/\/gpl-love.com\/fr\/wp-json\/wp\/v2\/product\/138917","targetHints":{"allow":["GET"]}}],"collection":[{"href":"https:\/\/gpl-love.com\/fr\/wp-json\/wp\/v2\/product"}],"about":[{"href":"https:\/\/gpl-love.com\/fr\/wp-json\/wp\/v2\/types\/product"}],"replies":[{"embeddable":true,"href":"https:\/\/gpl-love.com\/fr\/wp-json\/wp\/v2\/comments?post=138917"}],"wp:featuredmedia":[{"embeddable":true,"href":"https:\/\/gpl-love.com\/fr\/wp-json\/wp\/v2\/media\/146864"}],"wp:attachment":[{"href":"https:\/\/gpl-love.com\/fr\/wp-json\/wp\/v2\/media?parent=138917"}],"wp:term":[{"taxonomy":"product_brand","embeddable":true,"href":"https:\/\/gpl-love.com\/fr\/wp-json\/wp\/v2\/product_brand?post=138917"},{"taxonomy":"product_cat","embeddable":true,"href":"https:\/\/gpl-love.com\/fr\/wp-json\/wp\/v2\/product_cat?post=138917"},{"taxonomy":"product_tag","embeddable":true,"href":"https:\/\/gpl-love.com\/fr\/wp-json\/wp\/v2\/product_tag?post=138917"}],"curies":[{"name":"wp","href":"https:\/\/api.w.org\/{rel}","templated":true}]}}