{"id":138915,"date":"2026-03-16T00:00:00","date_gmt":"2026-03-15T23:00:00","guid":{"rendered":"https:\/\/gpl-love.com\/fr\/produit\/wpc-fly-cart-for-woocommerce\/"},"modified":"2026-03-21T00:00:33","modified_gmt":"2026-03-20T23:00:33","slug":"wpc-fly-cart-for-woocommerce","status":"publish","type":"product","link":"https:\/\/gpl-love.com\/fr\/produit\/wpc-fly-cart-for-woocommerce\/","title":{"rendered":"WPC Fly Cart pour WooCommerce 6.0.1"},"content":{"rendered":"<h3>WPC Fly Cart pour WooCommerce Traits<\/h3>\n<p>D\u00e9couvrez une exp\u00e9rience d&rsquo;achat fluide avec WPC Fly Cart pour WooCommerce. Ce puissant plugin transforme les boutiques en ligne en offrant un syst\u00e8me de panier dynamique et intuitif qui am\u00e9liore la satisfaction client. Besoin d&rsquo;aide pour l&rsquo;installer\u00a0? Le guide d&rsquo;installation de WPC Fly Cart pour WooCommerce simplifie les \u00e9tapes et facilite la prise en main. Pour ceux qui souhaitent utiliser WPC Fly Cart pour WooCommerce efficacement, des bonnes pratiques sont disponibles pour optimiser ses fonctionnalit\u00e9s.<\/p>\n<p>La personnalisation est essentielle, et ce plugin offre de nombreuses options pour adapter le panier \u00e0 n&rsquo;importe quel th\u00e8me WooCommerce. Les param\u00e8tres avanc\u00e9s permettent une personnalisation pouss\u00e9e, garantissant compatibilit\u00e9 et un design unique. D\u00e9couvrez l&rsquo;int\u00e9gration de WPC Fly Cart avec WooCommerce pour un fonctionnement optimal dans n&rsquo;importe quel environnement de boutique.<\/p>\n<p>Les avis des utilisateurs soulignent sa simplicit\u00e9 d&rsquo;utilisation et son efficacit\u00e9, tandis que les vid\u00e9os de d\u00e9monstration offrent un aper\u00e7u visuel de ses fonctionnalit\u00e9s. Des conseils de d\u00e9pannage et les tarifs sont clairement pr\u00e9sent\u00e9s, pour une exp\u00e9rience sans accroc. En optimisant WPC Fly Cart pour les boutiques en ligne, l&rsquo;exp\u00e9rience utilisateur est grandement am\u00e9lior\u00e9e, ce qui se traduit par une augmentation des ventes.<\/p>\n<ul>\n<li>Simplifie le processus de paiement en permettant les achats directement depuis la page produit.<\/li>\n<li><\/li>\n<li>Offre un mini-panier personnalisable pour une exp\u00e9rience d&rsquo;achat optimale.<\/li>\n<li><\/li>\n<li>S&rsquo;int\u00e8gre facilement aux installations WooCommerce existantes.<\/li>\n<li><\/li>\n<li>Compatible avec AJAX pour des mises \u00e0 jour fluides et rapides du panier, sans rechargement de page.<\/li>\n<li><\/li>\n<li>Permet aux utilisateurs de consulter le contenu et le total de leur panier sans quitter la page.<\/li>\n<li><\/li>\n<li>Propose des options d&rsquo;affichage de produits similaires pour optimiser les ventes additionnelles.<\/li>\n<li><\/li>\n<li>Inclut des \u00e9l\u00e9ments de design adaptatifs pour une performance optimale sur mobile.<\/li>\n<li><\/li>\n<li>Offre la personnalisation du style et des couleurs du panier pour une harmonie parfaite avec le th\u00e8me du site web.<\/li>\n<li><\/li>\n<li>Compatible avec divers plugins WooCommerce pour une boutique en ligne plus performante.<\/li>\n<li><\/li>\n<li>Con\u00e7u pour am\u00e9liorer les taux de conversion en r\u00e9duisant l&rsquo;abandon de panier.<\/li>\n<\/ul>\n","protected":false},"excerpt":{"rendered":"<p>Le WPC Fly Cart pour WooCommerce est extr\u00eamement r\u00e9actif et dot\u00e9 de nombreuses fonctionnalit\u00e9s, notamment faciliter l&rsquo;ajout de produits au panier de mani\u00e8re transparente, sans avoir \u00e0 quitter ou recharger la page. Cela am\u00e9liore consid\u00e9rablement l&rsquo;exp\u00e9rience d&rsquo;achat en ligne des clients. En se concentrant sur les aspects UI et UX, ce plugin garantit un parcours d&rsquo;achat fluide et rapide aux utilisateurs.<\/p>\n","protected":false},"featured_media":146863,"comment_status":"open","ping_status":"open","template":"","meta":[],"product_brand":[2772],"product_cat":[1182,1223,1181],"product_tag":[2364],"class_list":{"0":"post-138915","1":"product","2":"type-product","3":"status-publish","4":"has-post-thumbnail","6":"product_brand-wpclever","7":"product_cat-commerce-electronique-plugins","8":"product_cat-personnalisation-commerce-electronique-plugins","9":"product_cat-plugins","10":"product_tag-wpclever","11":"member-discount","12":"discount-restricted","14":"first","15":"instock","16":"sale","17":"downloadable","18":"virtual","19":"sold-individually","20":"purchasable","21":"product-type-simple"},"_links":{"self":[{"href":"https:\/\/gpl-love.com\/fr\/wp-json\/wp\/v2\/product\/138915","targetHints":{"allow":["GET"]}}],"collection":[{"href":"https:\/\/gpl-love.com\/fr\/wp-json\/wp\/v2\/product"}],"about":[{"href":"https:\/\/gpl-love.com\/fr\/wp-json\/wp\/v2\/types\/product"}],"replies":[{"embeddable":true,"href":"https:\/\/gpl-love.com\/fr\/wp-json\/wp\/v2\/comments?post=138915"}],"wp:featuredmedia":[{"embeddable":true,"href":"https:\/\/gpl-love.com\/fr\/wp-json\/wp\/v2\/media\/146863"}],"wp:attachment":[{"href":"https:\/\/gpl-love.com\/fr\/wp-json\/wp\/v2\/media?parent=138915"}],"wp:term":[{"taxonomy":"product_brand","embeddable":true,"href":"https:\/\/gpl-love.com\/fr\/wp-json\/wp\/v2\/product_brand?post=138915"},{"taxonomy":"product_cat","embeddable":true,"href":"https:\/\/gpl-love.com\/fr\/wp-json\/wp\/v2\/product_cat?post=138915"},{"taxonomy":"product_tag","embeddable":true,"href":"https:\/\/gpl-love.com\/fr\/wp-json\/wp\/v2\/product_tag?post=138915"}],"curies":[{"name":"wp","href":"https:\/\/api.w.org\/{rel}","templated":true}]}}