{"id":138913,"date":"2026-03-16T00:00:00","date_gmt":"2026-03-15T23:00:00","guid":{"rendered":"https:\/\/gpl-love.com\/fr\/produit\/affiliatewp-affiliate-portal\/"},"modified":"2026-03-21T00:00:33","modified_gmt":"2026-03-20T23:00:33","slug":"affiliatewp-affiliate-portal","status":"publish","type":"product","link":"https:\/\/gpl-love.com\/fr\/produit\/affiliatewp-affiliate-portal\/","title":{"rendered":"WPC Admin Columns 2.2.0"},"content":{"rendered":"<h3>WPC Admin Columns Traits<\/h3>\n<p>Vous cherchez \u00e0 optimiser WordPress et \u00e0 simplifier son interface d&rsquo;administration\u00a0? L&rsquo;extension WPC Admin Columns est un outil puissant con\u00e7u pour am\u00e9liorer la gestion de WordPress. D\u00e9couvrez comment utiliser WPC Admin Columns gr\u00e2ce \u00e0 son guide d&rsquo;installation intuitif et ses conseils de personnalisation. Cette extension brille par ses fonctionnalit\u00e9s exceptionnelles, permettant aux utilisateurs d&rsquo;adapter facilement les colonnes du panneau d&rsquo;administration \u00e0 leurs besoins sp\u00e9cifiques.<\/p>\n<p>Pour les d\u00e9butants, un tutoriel complet de WPC Admin Columns offre un accompagnement pas \u00e0 pas, garantissant une prise en main facile. L&rsquo;installation est simple et rapide, la rendant accessible m\u00eame aux novices en mati\u00e8re d&rsquo;extensions. Les avis et \u00e9valuations de WPC Admin Columns soulignent sa facilit\u00e9 d&rsquo;utilisation et son efficacit\u00e9, les retours des utilisateurs louant sa compatibilit\u00e9 avec de nombreux th\u00e8mes.<\/p>\n<p>Vous h\u00e9sitez entre WPC Admin Columns et d&rsquo;autres extensions\u00a0? Elle se distingue par un support et une documentation complets, assurant une r\u00e9solution rapide de tout probl\u00e8me. Diff\u00e9rents tarifs et formules s&rsquo;adaptent aux besoins de chaque utilisateur, offrant flexibilit\u00e9 et rapport qualit\u00e9-prix.<\/p>\n<p>Exploitez pleinement le potentiel de WordPress avec WPC Admin Columns, en explorant ses options de personnalisation pour cr\u00e9er une exp\u00e9rience d&rsquo;administration qui correspond parfaitement \u00e0 vos pr\u00e9f\u00e9rences.<\/p>\n<ul>\n<li>Simplifie la gestion du tableau de bord WordPress pour une productivit\u00e9 accrue<\/li>\n<li>Personnalise les colonnes d&rsquo;administration selon vos besoins sp\u00e9cifiques<\/li>\n<li>Prise en charge du tri, du filtrage et de la modification directement depuis la page d&rsquo;aper\u00e7u<\/li>\n<li>Compatible avec les types de publications et les taxonomies personnalis\u00e9s pour une utilisation polyvalente<\/li>\n<li>Int\u00e9gration fluide avec les extensions populaires telles que WooCommerce et Yoast SEO<\/li>\n<li>Interface glisser-d\u00e9poser pour une organisation ais\u00e9e des colonnes<\/li>\n<li>Options de tri avanc\u00e9es pour une meilleure organisation des donn\u00e9es<\/li>\n<li>Exp\u00e9rience utilisateur am\u00e9lior\u00e9e gr\u00e2ce \u00e0 une conception \u00e9pur\u00e9e et intuitive<\/li>\n<li>Performances optimis\u00e9es gr\u00e2ce \u00e0 un code l\u00e9ger et une ex\u00e9cution efficace<\/li>\n<li>Mises \u00e0 jour r\u00e9guli\u00e8res pour une compatibilit\u00e9 avec les derni\u00e8res versions de WordPress<\/li>\n<\/ul>\n","protected":false},"excerpt":{"rendered":"<p>Colonnes d&rsquo;administration WPC &#8211; Am\u00e9liorez la gestion de votre site de commerce \u00e9lectronique WordPress avec le plugin WPC Admin Columns. Cet outil rationalise l&rsquo;ajustement et l&rsquo;affichage d&rsquo;une vari\u00e9t\u00e9 de colonnes de donn\u00e9es dans le tableau de bord d&rsquo;administration, applicables \u00e0 diff\u00e9rents types de publications tels que les produits, les publications, les pages et les commandes.<\/p>\n","protected":false},"featured_media":146862,"comment_status":"open","ping_status":"open","template":"","meta":[],"product_brand":[2772],"product_cat":[1187,1181,1186],"product_tag":[2364],"class_list":{"0":"post-138913","1":"product","2":"type-product","3":"status-publish","4":"has-post-thumbnail","6":"product_brand-wpclever","7":"product_cat-administration-wordpress-plugins","8":"product_cat-plugins","9":"product_cat-wordpress-plugins","10":"product_tag-wpclever","11":"member-discount","12":"discount-restricted","14":"first","15":"instock","16":"sale","17":"downloadable","18":"virtual","19":"sold-individually","20":"purchasable","21":"product-type-simple"},"_links":{"self":[{"href":"https:\/\/gpl-love.com\/fr\/wp-json\/wp\/v2\/product\/138913","targetHints":{"allow":["GET"]}}],"collection":[{"href":"https:\/\/gpl-love.com\/fr\/wp-json\/wp\/v2\/product"}],"about":[{"href":"https:\/\/gpl-love.com\/fr\/wp-json\/wp\/v2\/types\/product"}],"replies":[{"embeddable":true,"href":"https:\/\/gpl-love.com\/fr\/wp-json\/wp\/v2\/comments?post=138913"}],"wp:featuredmedia":[{"embeddable":true,"href":"https:\/\/gpl-love.com\/fr\/wp-json\/wp\/v2\/media\/146862"}],"wp:attachment":[{"href":"https:\/\/gpl-love.com\/fr\/wp-json\/wp\/v2\/media?parent=138913"}],"wp:term":[{"taxonomy":"product_brand","embeddable":true,"href":"https:\/\/gpl-love.com\/fr\/wp-json\/wp\/v2\/product_brand?post=138913"},{"taxonomy":"product_cat","embeddable":true,"href":"https:\/\/gpl-love.com\/fr\/wp-json\/wp\/v2\/product_cat?post=138913"},{"taxonomy":"product_tag","embeddable":true,"href":"https:\/\/gpl-love.com\/fr\/wp-json\/wp\/v2\/product_tag?post=138913"}],"curies":[{"name":"wp","href":"https:\/\/api.w.org\/{rel}","templated":true}]}}