{"id":138909,"date":"2026-02-06T00:00:00","date_gmt":"2026-02-05T23:00:00","guid":{"rendered":"https:\/\/gpl-love.com\/fr\/produit\/code-snippets-pro\/"},"modified":"2026-03-21T00:00:31","modified_gmt":"2026-03-20T23:00:31","slug":"code-snippets-pro","status":"publish","type":"product","link":"https:\/\/gpl-love.com\/fr\/produit\/code-snippets-pro\/","title":{"rendered":"Code Snippets Pro 3.9.5"},"content":{"rendered":"<h3>Code Snippets Pro Traits<\/h3>\n<p>D\u00e9couvrez l&rsquo;outil ultime pour les d\u00e9veloppeurs WordPress\u00a0: Code Snippets Pro. Ce puissant plugin simplifie l&rsquo;ajout de code personnalis\u00e9 aux sites web sans modifier les fichiers du th\u00e8me, ce qui en fait un incontournable pour les d\u00e9veloppeurs. Consultez les tutoriels Code Snippets Pro pour apprendre \u00e0 l&rsquo;utiliser efficacement et exploiter tout son potentiel.<\/p>\n<p>Vous vous demandez quelle est sa position sur le march\u00e9\u00a0? Un avis complet sur le plugin Code Snippets Pro d\u00e9montre comment il surpasse ses concurrents gr\u00e2ce \u00e0 son interface intuitive et ses fonctionnalit\u00e9s robustes. Des d\u00e9butants aux utilisateurs avanc\u00e9s, les atouts de Code Snippets Pro s&rsquo;adaptent \u00e0 tous les niveaux de comp\u00e9tence.<\/p>\n<p>Vous envisagez l&rsquo;int\u00e9gration\u00a0? D\u00e9couvrez nos conseils d&rsquo;int\u00e9gration pour int\u00e9grer facilement Code Snippets Pro \u00e0 vos flux de travail existants. Le guide d&rsquo;installation et le guide utilisateur de Code Snippets Pro garantissent une configuration sans accroc, tandis que l&rsquo;assistance est disponible pour r\u00e9pondre \u00e0 toutes vos questions.<\/p>\n<p>Pour les d\u00e9veloppeurs en qu\u00eate de fonctionnalit\u00e9s avanc\u00e9es et d&rsquo;efficacit\u00e9, Code Snippets Pro offre des options de personnalisation in\u00e9gal\u00e9es. Comparez Code Snippets Pro \u00e0 ses concurrents pour d\u00e9couvrir pourquoi ce plugin est si performant.<\/p>\n<ul>\n<li>Biblioth\u00e8que \u00e9tendue d&rsquo;extraits de code pr\u00e9-construits pour un d\u00e9veloppement plus rapide<\/li>\n<li>Interface conviviale pour une navigation ais\u00e9e et un acc\u00e8s rapide<\/li>\n<li>Cat\u00e9gories d&rsquo;extraits personnalisables pour une organisation optimale<\/li>\n<li>Compatible avec de nombreux langages de programmation pour une utilisation polyvalente<\/li>\n<li>Int\u00e9gration fluide avec les \u00e9diteurs de code et IDE les plus populaires<\/li>\n<li>Stockage cloud pour un acc\u00e8s multiplateforme<\/li>\n<li>Fonctionnalit\u00e9 de recherche avanc\u00e9e pour trouver rapidement des extraits de code<\/li>\n<li>Fonctionnalit\u00e9s collaboratives pour partager des extraits de code avec votre \u00e9quipe<\/li>\n<li>Mises \u00e0 jour r\u00e9guli\u00e8res avec de nouveaux extraits et des am\u00e9liorations<\/li>\n<li>Environnement s\u00e9curis\u00e9 garantissant la confidentialit\u00e9 et la protection du code<\/li>\n<\/ul>\n","protected":false},"excerpt":{"rendered":"<p>Avec le plugin WordPress Code Snippets Pro, les utilisateurs ont la libert\u00e9 d&rsquo;incorporer des extraits CSS, HTML, Javascript et autres personnalis\u00e9s distincts du th\u00e8me. De cette fa\u00e7on, ces \u00e9l\u00e9ments restent intacts lors de la mise \u00e0 jour ou du changement de th\u00e8me. Essentiellement, ce plugin sert d&rsquo;alternative \u00e0 l&rsquo;utilisation d&rsquo;un th\u00e8me enfant pour des fonctionnalit\u00e9s suppl\u00e9mentaires, principalement lorsqu&rsquo;il n&rsquo;y a pas besoin de fonctionnalit\u00e9s de cr\u00e9ation de mod\u00e8les avanc\u00e9es. De plus, il fonctionne efficacement et n\u2019entrave pas de mani\u00e8re audible les performances du site, m\u00eame lorsque de nombreux extraits de code sont impliqu\u00e9s.<\/p>\n","protected":false},"featured_media":146860,"comment_status":"open","ping_status":"open","template":"","meta":[],"product_brand":[2771],"product_cat":[1187,1181,1186],"product_tag":[2363],"class_list":{"0":"post-138909","1":"product","2":"type-product","3":"status-publish","4":"has-post-thumbnail","6":"product_brand-code-snippets","7":"product_cat-administration-wordpress-plugins","8":"product_cat-plugins","9":"product_cat-wordpress-plugins","10":"product_tag-code-snippets","11":"member-discount","12":"discount-restricted","14":"first","15":"instock","16":"sale","17":"downloadable","18":"virtual","19":"sold-individually","20":"purchasable","21":"product-type-simple"},"_links":{"self":[{"href":"https:\/\/gpl-love.com\/fr\/wp-json\/wp\/v2\/product\/138909","targetHints":{"allow":["GET"]}}],"collection":[{"href":"https:\/\/gpl-love.com\/fr\/wp-json\/wp\/v2\/product"}],"about":[{"href":"https:\/\/gpl-love.com\/fr\/wp-json\/wp\/v2\/types\/product"}],"replies":[{"embeddable":true,"href":"https:\/\/gpl-love.com\/fr\/wp-json\/wp\/v2\/comments?post=138909"}],"wp:featuredmedia":[{"embeddable":true,"href":"https:\/\/gpl-love.com\/fr\/wp-json\/wp\/v2\/media\/146860"}],"wp:attachment":[{"href":"https:\/\/gpl-love.com\/fr\/wp-json\/wp\/v2\/media?parent=138909"}],"wp:term":[{"taxonomy":"product_brand","embeddable":true,"href":"https:\/\/gpl-love.com\/fr\/wp-json\/wp\/v2\/product_brand?post=138909"},{"taxonomy":"product_cat","embeddable":true,"href":"https:\/\/gpl-love.com\/fr\/wp-json\/wp\/v2\/product_cat?post=138909"},{"taxonomy":"product_tag","embeddable":true,"href":"https:\/\/gpl-love.com\/fr\/wp-json\/wp\/v2\/product_tag?post=138909"}],"curies":[{"name":"wp","href":"https:\/\/api.w.org\/{rel}","templated":true}]}}