{"id":138907,"date":"2025-10-30T00:00:00","date_gmt":"2025-10-29T23:00:00","guid":{"rendered":"https:\/\/gpl-love.com\/fr\/produit\/almighty-support\/"},"modified":"2026-03-21T00:00:30","modified_gmt":"2026-03-20T23:00:30","slug":"almighty-support","status":"publish","type":"product","link":"https:\/\/gpl-love.com\/fr\/produit\/almighty-support\/","title":{"rendered":"Almighty Support 1.9.0"},"content":{"rendered":"<h3>Almighty Support Traits<\/h3>\n<p>D\u00e9couvrez la s\u00e9r\u00e9nit\u00e9 avec Almighty Support, la solution id\u00e9ale pour tous vos besoins techniques. Qu&rsquo;il s&rsquo;agisse de r\u00e9soudre des probl\u00e8mes logiciels complexes ou de configurer de nouveaux appareils, Almighty Support est l\u00e0 pour vous. Gr\u00e2ce \u00e0 un guide de d\u00e9pannage complet et des instructions d&rsquo;installation claires, r\u00e9soudre vos probl\u00e8mes techniques n&rsquo;a jamais \u00e9t\u00e9 aussi simple.<\/p>\n<p>Besoin d&rsquo;aide imm\u00e9diate\u00a0? Le chat en direct d&rsquo;Almighty Support est disponible pour une assistance en temps r\u00e9el, et vous pouvez contacter notre \u00e9quipe d\u00e9di\u00e9e au service client par t\u00e9l\u00e9phone ou par e-mail. Pour ceux qui pr\u00e9f\u00e8rent se d\u00e9brouiller seuls, les ressources d&rsquo;aide en ligne fournissent des conseils d&rsquo;installation d\u00e9taill\u00e9s et une assistance technique.<\/p>\n<p>Les t\u00e9moignages des utilisateurs d&rsquo;Almighty Support soulignent la fiabilit\u00e9 et l&rsquo;efficacit\u00e9 de ces services, ainsi que la praticit\u00e9 des diff\u00e9rents forfaits adapt\u00e9s \u00e0 chaque besoin. Les solutions logicielles propos\u00e9es sont con\u00e7ues pour simplifier et optimiser l&rsquo;utilisation de la technologie, permettant ainsi \u00e0 chaque utilisateur de tirer le meilleur parti de ses appareils.<\/p>\n<p>L&rsquo;engagement d&rsquo;Almighty Support envers l&rsquo;excellence est manifeste dans les excellents avis clients. Pour savoir comment b\u00e9n\u00e9ficier du soutien d&rsquo;Almighty Support ou pour obtenir plus d&rsquo;informations, contactez-nous par t\u00e9l\u00e9phone ou consultez nos ressources en ligne. D\u00e9couvrez la diff\u00e9rence avec Almighty Support.<\/p>\n<ul>\n<li>Offre un soutien exceptionnel de la vo\u00fbte plantaire et du talon pour un confort accru.<\/li>\n<li><\/li>\n<li>Con\u00e7u pour soulager les douleurs et la fatigue des pieds tout au long de la journ\u00e9e.<\/li>\n<li><\/li>\n<li>Fabriqu\u00e9 \u00e0 partir de mat\u00e9riaux durables et respirants pour une utilisation prolong\u00e9e.<\/li>\n<li>Sa conception l\u00e9g\u00e8re minimise la fatigue des pieds.<\/li>\n<li>Facile \u00e0 enfiler dans diff\u00e9rents types de chaussures, y compris les chaussures de sport.<\/li>\n<li>Sa conception antid\u00e9rapante assure un maintien optimal lors des mouvements.<\/li>\n<li>Contribue \u00e0 am\u00e9liorer la posture et l&rsquo;alignement pour un soutien global du corps.<\/li>\n<li>Convient aux hommes et aux femmes de toutes pointures.<\/li>\n<li>Id\u00e9al pour les athl\u00e8tes, les professionnels et toute personne passant de longues heures debout.<\/li>\n<li>Lavable et facile d&rsquo;entretien pour une fra\u00eecheur et une hygi\u00e8ne constantes.<\/li>\n<\/ul>\n","protected":false},"excerpt":{"rendered":"<p>Almighty Support est une plateforme d&rsquo;assistance avanc\u00e9e et facile \u00e0 utiliser, sp\u00e9cialement con\u00e7ue pour WordPress. Il r\u00e9volutionne le service client en offrant un syst\u00e8me de billetterie simple qui acc\u00e9l\u00e8re consid\u00e9rablement le processus d&rsquo;assistance. Cette plate-forme est la solution id\u00e9ale pour les entreprises souhaitant am\u00e9liorer leur exp\u00e9rience de support client WordPress et garantir la satisfaction et la fid\u00e9lit\u00e9 de leurs clients gr\u00e2ce \u00e0 son syst\u00e8me rationalis\u00e9 et bien organis\u00e9.<\/p>\n","protected":false},"featured_media":146859,"comment_status":"open","ping_status":"open","template":"","meta":[],"product_brand":[2770],"product_cat":[1187,1181,1186],"product_tag":[2362],"class_list":{"0":"post-138907","1":"product","2":"type-product","3":"status-publish","4":"has-post-thumbnail","6":"product_brand-almighty-support","7":"product_cat-administration-wordpress-plugins","8":"product_cat-plugins","9":"product_cat-wordpress-plugins","10":"product_tag-almighty-support","11":"member-discount","12":"discount-restricted","14":"first","15":"instock","16":"sale","17":"downloadable","18":"virtual","19":"sold-individually","20":"purchasable","21":"product-type-simple"},"_links":{"self":[{"href":"https:\/\/gpl-love.com\/fr\/wp-json\/wp\/v2\/product\/138907","targetHints":{"allow":["GET"]}}],"collection":[{"href":"https:\/\/gpl-love.com\/fr\/wp-json\/wp\/v2\/product"}],"about":[{"href":"https:\/\/gpl-love.com\/fr\/wp-json\/wp\/v2\/types\/product"}],"replies":[{"embeddable":true,"href":"https:\/\/gpl-love.com\/fr\/wp-json\/wp\/v2\/comments?post=138907"}],"wp:featuredmedia":[{"embeddable":true,"href":"https:\/\/gpl-love.com\/fr\/wp-json\/wp\/v2\/media\/146859"}],"wp:attachment":[{"href":"https:\/\/gpl-love.com\/fr\/wp-json\/wp\/v2\/media?parent=138907"}],"wp:term":[{"taxonomy":"product_brand","embeddable":true,"href":"https:\/\/gpl-love.com\/fr\/wp-json\/wp\/v2\/product_brand?post=138907"},{"taxonomy":"product_cat","embeddable":true,"href":"https:\/\/gpl-love.com\/fr\/wp-json\/wp\/v2\/product_cat?post=138907"},{"taxonomy":"product_tag","embeddable":true,"href":"https:\/\/gpl-love.com\/fr\/wp-json\/wp\/v2\/product_tag?post=138907"}],"curies":[{"name":"wp","href":"https:\/\/api.w.org\/{rel}","templated":true}]}}