{"id":138905,"date":"2025-05-16T00:00:00","date_gmt":"2025-05-15T22:00:00","guid":{"rendered":"https:\/\/gpl-love.com\/fr\/produit\/mainwp-fathom\/"},"modified":"2026-03-21T00:00:29","modified_gmt":"2026-03-20T23:00:29","slug":"mainwp-fathom","status":"publish","type":"product","link":"https:\/\/gpl-love.com\/fr\/produit\/mainwp-fathom\/","title":{"rendered":"MainWP Fathom 5.0.2"},"content":{"rendered":"<h3>MainWP Fathom Traits<\/h3>\n<p>Exploitez pleinement le potentiel de l&rsquo;analyse web gr\u00e2ce \u00e0 l&rsquo;int\u00e9gration de MainWP Fathom. Ce puissant plugin d&rsquo;analyse MainWP Fathom offre une solution simple pour surveiller et optimiser les sites WordPress. Vous souhaitez savoir comment utiliser MainWP Fathom\u00a0? Le guide d&rsquo;installation MainWP Fathom vous fournit des instructions pas \u00e0 pas pour une prise en main rapide.<\/p>\n<p>Plongez dans le tutoriel MainWP Fathom pour d\u00e9couvrir ses fonctionnalit\u00e9s impressionnantes, du suivi d\u00e9taill\u00e9 \u00e0 la surveillance robuste des performances. Un avis complet sur MainWP Fathom met en lumi\u00e8re son interface intuitive et ses capacit\u00e9s d&rsquo;optimisation SEO efficaces. La structure tarifaire de MainWP Fathom garantit l&rsquo;accessibilit\u00e9 et offre un excellent rapport qualit\u00e9-prix.<\/p>\n<p>Besoin d&rsquo;aide\u00a0? L&rsquo;assistance MainWP Fathom est toujours pr\u00eate \u00e0 vous aider. Les instructions d&rsquo;installation sont simples et assurent la compatibilit\u00e9 avec diff\u00e9rentes configurations WordPress. Profitez d&rsquo;une exp\u00e9rience simplifi\u00e9e gr\u00e2ce au tableau de bord MainWP Fathom, qui facilite l&rsquo;interpr\u00e9tation des donn\u00e9es et la prise de d\u00e9cision.<\/p>\n<p>Restez inform\u00e9 gr\u00e2ce au guide utilisateur MainWP Fathom, qui couvre tous les aspects, des bonnes pratiques au suivi avanc\u00e9.<\/p>\n<ul>\n<li>Solution compl\u00e8te de gestion de sites web pour WordPress<\/li>\n<li><\/li>\n<li>Tableau de bord centralis\u00e9 pour la supervision de plusieurs sites<\/li>\n<li>Int\u00e9gration analytique d\u00e9taill\u00e9e avec Fathom Analytics<\/li>\n<li>Suivi respectueux de la vie priv\u00e9e, sans compromettre les donn\u00e9es utilisateur<\/li>\n<li>Interface intuitive pour un suivi simplifi\u00e9 des performances du site web<\/li>\n<li>Rapports et analyses personnalisables pour des d\u00e9cisions bas\u00e9es sur les donn\u00e9es<\/li>\n<li>Int\u00e9gration fluide avec divers plugins WordPress<\/li>\n<li>Mises \u00e0 jour et sauvegardes automatiques pour la s\u00e9curit\u00e9 du site<\/li>\n<li>Surveillance efficace du site et alertes de disponibilit\u00e9<\/li>\n<li>Capacit\u00e9 d&rsquo;adaptation pour g\u00e9rer des sites web de toute taille<\/li>\n<\/ul>\n","protected":false},"excerpt":{"rendered":"<p>L&rsquo;extension Fathom pour MainWP rationalise le processus d&rsquo;utilisation des analyses Fathom sur tous vos sites subordonn\u00e9s directement \u00e0 partir de votre tableau de bord MainWP. Sont inclus des widgets mondiaux et individuels, pr\u00e9sentant le nombre de visiteurs et des analyses p\u00e9n\u00e9trantes, vous permettant de faire des choix \u00e9clair\u00e9s pour vos sites subordonn\u00e9s.<\/p>\n","protected":false},"featured_media":146858,"comment_status":"open","ping_status":"open","template":"","meta":[],"product_brand":[2587],"product_cat":[1187,1181,1186],"product_tag":[1299],"class_list":{"0":"post-138905","1":"product","2":"type-product","3":"status-publish","4":"has-post-thumbnail","6":"product_brand-main-wp","7":"product_cat-administration-wordpress-plugins","8":"product_cat-plugins","9":"product_cat-wordpress-plugins","10":"product_tag-main-wp","11":"member-discount","12":"discount-restricted","14":"first","15":"instock","16":"sale","17":"downloadable","18":"virtual","19":"sold-individually","20":"purchasable","21":"product-type-simple"},"_links":{"self":[{"href":"https:\/\/gpl-love.com\/fr\/wp-json\/wp\/v2\/product\/138905","targetHints":{"allow":["GET"]}}],"collection":[{"href":"https:\/\/gpl-love.com\/fr\/wp-json\/wp\/v2\/product"}],"about":[{"href":"https:\/\/gpl-love.com\/fr\/wp-json\/wp\/v2\/types\/product"}],"replies":[{"embeddable":true,"href":"https:\/\/gpl-love.com\/fr\/wp-json\/wp\/v2\/comments?post=138905"}],"wp:featuredmedia":[{"embeddable":true,"href":"https:\/\/gpl-love.com\/fr\/wp-json\/wp\/v2\/media\/146858"}],"wp:attachment":[{"href":"https:\/\/gpl-love.com\/fr\/wp-json\/wp\/v2\/media?parent=138905"}],"wp:term":[{"taxonomy":"product_brand","embeddable":true,"href":"https:\/\/gpl-love.com\/fr\/wp-json\/wp\/v2\/product_brand?post=138905"},{"taxonomy":"product_cat","embeddable":true,"href":"https:\/\/gpl-love.com\/fr\/wp-json\/wp\/v2\/product_cat?post=138905"},{"taxonomy":"product_tag","embeddable":true,"href":"https:\/\/gpl-love.com\/fr\/wp-json\/wp\/v2\/product_tag?post=138905"}],"curies":[{"name":"wp","href":"https:\/\/api.w.org\/{rel}","templated":true}]}}