{"id":138903,"date":"2025-12-12T00:00:00","date_gmt":"2025-12-11T23:00:00","guid":{"rendered":"https:\/\/gpl-love.com\/fr\/produit\/peepso-almighty-support\/"},"modified":"2026-03-21T00:00:29","modified_gmt":"2026-03-20T23:00:29","slug":"peepso-almighty-support","status":"publish","type":"product","link":"https:\/\/gpl-love.com\/fr\/produit\/peepso-almighty-support\/","title":{"rendered":"PeepSo Almighty Support 8.0.0.0"},"content":{"rendered":"<h3>PeepSo Almighty Support Traits<\/h3>\n<p>Vous souhaitez am\u00e9liorer votre exp\u00e9rience WordPress\u00a0? PeepSo Almighty Support offre une suite compl\u00e8te de fonctionnalit\u00e9s con\u00e7ues pour simplifier la gestion du support. Consultez le tutoriel PeepSo Almighty Support pour apprendre \u00e0 l&rsquo;utiliser efficacement et d\u00e9couvrir ses options d&rsquo;int\u00e9gration fluides qui en font un outil indispensable pour les utilisateurs WordPress.<\/p>\n<p>Les utilisateurs appr\u00e9cient particuli\u00e8rement les avantages de PeepSo Almighty Support, notamment son interface intuitive et ses fonctionnalit\u00e9s robustes. Vous vous interrogez sur les tarifs de PeepSo Almighty Support\u00a0? Des formules comp\u00e9titives et flexibles s&rsquo;adaptent \u00e0 tous les budgets. Pour ceux qui recherchent des alternatives, comparer PeepSo Almighty Support \u00e0 ses concurrents permet de mieux comprendre ses atouts.<\/p>\n<p>Son installation est un jeu d&rsquo;enfant gr\u00e2ce aux instructions claires et au guide utilisateur complet de PeepSo Almighty Support. En cas de probl\u00e8me, les conseils de d\u00e9pannage et la FAQ de PeepSo Almighty Support sont des ressources pr\u00e9cieuses. Les t\u00e9moignages clients sont unanimes\u00a0: PeepSo Almighty Support lui attribue une note tr\u00e8s \u00e9lev\u00e9e, soulignant sa facilit\u00e9 d&rsquo;utilisation et l&rsquo;excellence de son support.<\/p>\n<p>Vous cherchez les meilleures alternatives \u00e0 PeepSo Almighty Support\u00a0? Beaucoup ont du mal \u00e0 \u00e9galer la profondeur et l\u2019efficacit\u00e9 offertes ici. Consultez<\/p>\n<ul>\n<li>Int\u00e9gration fluide avec les plugins WordPress les plus populaires<\/li>\n<li><\/li>\n<li>Prise en charge compl\u00e8te des fonctionnalit\u00e9s de cr\u00e9ation de communaut\u00e9<\/li>\n<li><\/li>\n<li>Interface conviviale pour une navigation et une gestion simplifi\u00e9es<\/li>\n<li><\/li>\n<li>Options d&rsquo;assistance personnalisables pour r\u00e9pondre \u00e0 vos besoins sp\u00e9cifiques<\/li>\n<li>Assistance en temps r\u00e9el pour une r\u00e9solution rapide des probl\u00e8mes<\/li>\n<li><\/li>\n<li>Acc\u00e8s \u00e0 une documentation et des ressources compl\u00e8tes<\/li>\n<li><\/li>\n<li>\u00c9quipe d\u00e9di\u00e9e pour une assistance personnalis\u00e9e<\/li>\n<li>Mises \u00e0 jour r\u00e9guli\u00e8res pour des performances optimales<\/li>\n<li><\/li>\n<li>Compatibilit\u00e9 avec de nombreux th\u00e8mes et extensions<\/li>\n<li><\/li>\n<li>Notre priorit\u00e9\u00a0: am\u00e9liorer l&rsquo;engagement et la satisfaction des utilisateurs<\/li>\n<\/ul>\n","protected":false},"excerpt":{"rendered":"<p>Le module compl\u00e9mentaire Almighty Support Integration de PeepSo connecte deux de vos outils pr\u00e9f\u00e9r\u00e9s. Peepso comme plugin de r\u00e9seau social incontournable pour WordPress et Almighty Support comme syst\u00e8me de billetterie convivial et intuitif.<\/p>\n","protected":false},"featured_media":146857,"comment_status":"open","ping_status":"open","template":"","meta":[],"product_brand":[2621],"product_cat":[1300,1181,1186],"product_tag":[2297],"class_list":{"0":"post-138903","1":"product","2":"type-product","3":"status-publish","4":"has-post-thumbnail","6":"product_brand-peepso","7":"product_cat-adhesion","8":"product_cat-plugins","9":"product_cat-wordpress-plugins","10":"product_tag-peepso","11":"member-discount","12":"discount-restricted","14":"first","15":"instock","16":"sale","17":"downloadable","18":"virtual","19":"sold-individually","20":"purchasable","21":"product-type-simple"},"_links":{"self":[{"href":"https:\/\/gpl-love.com\/fr\/wp-json\/wp\/v2\/product\/138903","targetHints":{"allow":["GET"]}}],"collection":[{"href":"https:\/\/gpl-love.com\/fr\/wp-json\/wp\/v2\/product"}],"about":[{"href":"https:\/\/gpl-love.com\/fr\/wp-json\/wp\/v2\/types\/product"}],"replies":[{"embeddable":true,"href":"https:\/\/gpl-love.com\/fr\/wp-json\/wp\/v2\/comments?post=138903"}],"wp:featuredmedia":[{"embeddable":true,"href":"https:\/\/gpl-love.com\/fr\/wp-json\/wp\/v2\/media\/146857"}],"wp:attachment":[{"href":"https:\/\/gpl-love.com\/fr\/wp-json\/wp\/v2\/media?parent=138903"}],"wp:term":[{"taxonomy":"product_brand","embeddable":true,"href":"https:\/\/gpl-love.com\/fr\/wp-json\/wp\/v2\/product_brand?post=138903"},{"taxonomy":"product_cat","embeddable":true,"href":"https:\/\/gpl-love.com\/fr\/wp-json\/wp\/v2\/product_cat?post=138903"},{"taxonomy":"product_tag","embeddable":true,"href":"https:\/\/gpl-love.com\/fr\/wp-json\/wp\/v2\/product_tag?post=138903"}],"curies":[{"name":"wp","href":"https:\/\/api.w.org\/{rel}","templated":true}]}}