{"id":138901,"date":"2026-01-10T00:00:00","date_gmt":"2026-01-09T23:00:00","guid":{"rendered":"https:\/\/gpl-love.com\/fr\/produit\/woocommerce-shop-as-a-customer\/"},"modified":"2026-03-21T00:00:28","modified_gmt":"2026-03-20T23:00:28","slug":"woocommerce-shop-as-a-customer","status":"publish","type":"product","link":"https:\/\/gpl-love.com\/fr\/produit\/woocommerce-shop-as-a-customer\/","title":{"rendered":"WooCommerce Shop as a Customer 1.3.6"},"content":{"rendered":"<h3>WooCommerce Shop as a Customer Traits<\/h3>\n<p>Faire des achats sur WooCommerce peut \u00eatre un jeu d&rsquo;enfant avec les bons conseils et les bons outils. D\u00e9couvrez comment acheter en tant que client sur WooCommerce gr\u00e2ce \u00e0 ce guide complet, con\u00e7u pour optimiser votre exp\u00e9rience d&rsquo;achat. En utilisant l&rsquo;extension WooCommerce \u00ab\u00a0Boutique en tant que client\u00a0\u00bb, le processus devient intuitif et simple, garantissant ainsi une exp\u00e9rience d&rsquo;achat facile pour vos clients WooCommerce.<\/p>\n<p>Explorez la fonctionnalit\u00e9 \u00ab\u00a0Boutique en tant que client\u00a0\u00bb de WooCommerce, qui offre une exp\u00e9rience fluide du d\u00e9but \u00e0 la fin. Plongez dans un tutoriel d\u00e9taill\u00e9 sur les achats en tant que client WooCommerce, qui fournit des instructions \u00e9tape par \u00e9tape et des conseils utiles pour tirer le meilleur parti de chaque achat. Le processus d&rsquo;achat WooCommerce pour les clients est simplifi\u00e9 gr\u00e2ce \u00e0 une pr\u00e9sentation pratique de la fonctionnalit\u00e9 \u00ab\u00a0Boutique en tant que client\u00a0\u00bb, expliquant clairement son fonctionnement.<\/p>\n<p>Mettez en \u0153uvre les meilleures pratiques pour les achats en tant que client WooCommerce en suivant la configuration de la fonctionnalit\u00e9 \u00ab\u00a0Boutique en tant que client\u00a0\u00bb. Pour les nouveaux utilisateurs de la plateforme, une d\u00e9monstration des achats en tant que client WooCommerce constitue une introduction id\u00e9ale, permettant d&rsquo;acheter en toute confiance.<\/p>\n<ul>\n<li>Passez facilement du mode propri\u00e9taire du magasin au mode client pour une exp\u00e9rience utilisateur optimale.<\/li>\n<li><\/li>\n<li>Pr\u00e9visualisez ais\u00e9ment les pages produits et le processus de paiement du point de vue client.<\/li>\n<li><\/li>\n<li>Am\u00e9liorez le support client en comprenant directement le parcours d&rsquo;achat des clients.<\/li>\n<li><\/li>\n<li>Identifiez et corrigez les probl\u00e8mes potentiels du processus d&rsquo;achat avant m\u00eame que les clients ne les rencontrent.<\/li>\n<li><\/li>\n<li>Testez les nouvelles fonctionnalit\u00e9s et mises \u00e0 jour sans impacter les donn\u00e9es clients r\u00e9elles.<\/li>\n<li><\/li>\n<li>Am\u00e9liorez l&rsquo;ergonomie de votre boutique en l&rsquo;exp\u00e9rimentant du point de vue client.<\/li>\n<li><\/li>\n<li>Obtenez des informations pr\u00e9cieuses sur le comportement et les pr\u00e9f\u00e9rences des clients pour optimiser vos strat\u00e9gies de vente.<\/li>\n<li><\/li>\n<li>Simplifiez le d\u00e9pannage en reproduisant les probl\u00e8mes signal\u00e9s par les clients.<\/li>\n<li><\/li>\n<li>Gagnez du temps en basculant rapidement entre les r\u00f4les sans avoir \u00e0 vous connecter et vous d\u00e9connecter.<\/li>\n<li><\/li>\n<li>Garantissez une exp\u00e9rience d&rsquo;achat fluide et intuitive pour tous les utilisateurs.<\/li>\n<\/ul>\n","protected":false},"excerpt":{"rendered":"<p>Le plugin Shop as a Customer pour WooCommerce vous permet de passer instantan\u00e9ment du mode administrateur au point de vue client. Pour utiliser ce plugin, il vous suffit de l&rsquo;installer. Apr\u00e8s l&rsquo;installation, acc\u00e9dez au menu Profil administrateur sur votre panneau d&rsquo;administration et cliquez sur l&rsquo;option Passer au client. Une fen\u00eatre contextuelle appara\u00eetra alors, vous permettant de changer plus facilement de vue. Cette fonctionnalit\u00e9 est parfaite pour comprendre et am\u00e9liorer l\u2019exp\u00e9rience d\u2019achat de vos clients.<\/p>\n","protected":false},"featured_media":146856,"comment_status":"open","ping_status":"open","template":"","meta":[],"product_brand":[2440],"product_cat":[1183,1182,1181],"product_tag":[1398],"class_list":{"0":"post-138901","1":"product","2":"type-product","3":"status-publish","4":"has-post-thumbnail","6":"product_brand-woocommerce","7":"product_cat-administration","8":"product_cat-commerce-electronique-plugins","9":"product_cat-plugins","10":"product_tag-woocommerce","11":"member-discount","12":"discount-restricted","14":"first","15":"instock","16":"sale","17":"downloadable","18":"virtual","19":"sold-individually","20":"purchasable","21":"product-type-simple"},"_links":{"self":[{"href":"https:\/\/gpl-love.com\/fr\/wp-json\/wp\/v2\/product\/138901","targetHints":{"allow":["GET"]}}],"collection":[{"href":"https:\/\/gpl-love.com\/fr\/wp-json\/wp\/v2\/product"}],"about":[{"href":"https:\/\/gpl-love.com\/fr\/wp-json\/wp\/v2\/types\/product"}],"replies":[{"embeddable":true,"href":"https:\/\/gpl-love.com\/fr\/wp-json\/wp\/v2\/comments?post=138901"}],"wp:featuredmedia":[{"embeddable":true,"href":"https:\/\/gpl-love.com\/fr\/wp-json\/wp\/v2\/media\/146856"}],"wp:attachment":[{"href":"https:\/\/gpl-love.com\/fr\/wp-json\/wp\/v2\/media?parent=138901"}],"wp:term":[{"taxonomy":"product_brand","embeddable":true,"href":"https:\/\/gpl-love.com\/fr\/wp-json\/wp\/v2\/product_brand?post=138901"},{"taxonomy":"product_cat","embeddable":true,"href":"https:\/\/gpl-love.com\/fr\/wp-json\/wp\/v2\/product_cat?post=138901"},{"taxonomy":"product_tag","embeddable":true,"href":"https:\/\/gpl-love.com\/fr\/wp-json\/wp\/v2\/product_tag?post=138901"}],"curies":[{"name":"wp","href":"https:\/\/api.w.org\/{rel}","templated":true}]}}