{"id":138899,"date":"2024-08-29T00:00:00","date_gmt":"2024-08-28T22:00:00","guid":{"rendered":"https:\/\/gpl-love.com\/fr\/produit\/zoho-crm-connector-pro-for-woocommerce\/"},"modified":"2026-03-21T00:00:27","modified_gmt":"2026-03-20T23:00:27","slug":"zoho-crm-connector-pro-for-woocommerce","status":"publish","type":"product","link":"https:\/\/gpl-love.com\/fr\/produit\/zoho-crm-connector-pro-for-woocommerce\/","title":{"rendered":"Zoho CRM Connector Pro pour WooCommerce 2.1.14"},"content":{"rendered":"<h3>Zoho CRM Connector Pro pour WooCommerce Traits<\/h3>\n<p>Exploitez pleinement le potentiel de votre boutique en ligne gr\u00e2ce \u00e0 l&rsquo;int\u00e9gration Zoho CRM Connector Pro pour WooCommerce. Cet outil puissant offre la meilleure solution pour une synchronisation fluide entre WooCommerce et Zoho CRM. D\u00e9couvrez comment connecter WooCommerce \u00e0 Zoho CRM en toute simplicit\u00e9 et transformez votre processus de vente gr\u00e2ce \u00e0 une automatisation avanc\u00e9e.<\/p>\n<p>Zoho CRM Connector Pro fait office de pont, assurant une synchronisation fluide des donn\u00e9es entre WooCommerce et Zoho CRM. Imaginez toutes vos donn\u00e9es clients WooCommerce int\u00e9gr\u00e9es \u00e0 Zoho CRM, pour des processus simplifi\u00e9s et des strat\u00e9gies de vente optimis\u00e9es. Le guide d&rsquo;installation de Zoho CRM Connector Pro pour WooCommerce est simple et intuitif, permettant une mise en \u0153uvre rapide et efficace.<\/p>\n<p>Les utilisateurs sont unanimes quant aux avantages de Zoho CRM Connector Pro avec WooCommerce. De l&rsquo;optimisation des ventes \u00e0 l&rsquo;am\u00e9lioration de la gestion de la relation client, ce plugin est un outil indispensable pour toute entreprise e-commerce. L&rsquo;outil d&rsquo;automatisation WooCommerce Zoho CRM am\u00e9liore non seulement les ventes, mais offre \u00e9galement une exp\u00e9rience d&rsquo;int\u00e9gration fluide.<\/p>\n<p>Boostez l&rsquo;efficacit\u00e9 de votre entreprise et stimulez sa croissance en configurant Zoho CRM Connector Pro.<\/p>\n<ul>\n<li>Int\u00e9gration fluide entre WooCommerce et Zoho CRM pour une gestion des donn\u00e9es simplifi\u00e9e<\/li>\n<li><\/li>\n<li>Synchronisation automatique des informations client et des d\u00e9tails des commandes<\/li>\n<li><\/li>\n<li>Mises \u00e0 jour en temps r\u00e9el pour des donn\u00e9es pr\u00e9cises et \u00e0 jour<\/li>\n<li>Mappage personnalisable des champs de donn\u00e9es WooCommerce avec Zoho CRM<\/li>\n<li>Prise en charge de la segmentation client pour des campagnes marketing cibl\u00e9es<\/li>\n<li>Analyse et rapports complets pour une meilleure visibilit\u00e9 des ventes<\/li>\n<li>Configuration facile gr\u00e2ce \u00e0 des options intuitives<\/li>\n<li>R\u00e9duction de la saisie manuelle des donn\u00e9es, gain de temps et r\u00e9duction des erreurs<\/li>\n<li>Solution \u00e9volutive con\u00e7ue pour accompagner la croissance de votre entreprise<\/li>\n<li>Assistance d\u00e9di\u00e9e pour le d\u00e9pannage et le support<\/li>\n<\/ul>\n","protected":false},"excerpt":{"rendered":"<p>Le Zoho CRM Connector Pro pour WooCommerce est un outil indispensable pour les entreprises qui recherchent une synchronisation de donn\u00e9es transparente et pr\u00e9cise entre leur boutique WooCommerce et Zoho CRM. Ce connecteur simplifie le processus d&rsquo;int\u00e9gration, en mettant automatiquement \u00e0 jour les donn\u00e9es clients et commandes de votre boutique en ligne vers Zoho CRM. Dites adieu \u00e0 la saisie manuelle\u00a0! Son interface conviviale vous permet de mapper sans effort vos champs WooCommerce aux champs Zoho CRM, et vous pouvez m\u00eame activer la synchronisation bidirectionnelle. Gr\u00e2ce \u00e0 ses fonctionnalit\u00e9s avanc\u00e9es, ce connecteur garantit un fonctionnement fluide et efficace de votre activit\u00e9 en ligne, offrant une exp\u00e9rience transparente \u00e0 vos clients. Vous pouvez acheter Zoho CRM Connector Pro sur le site Web WPZone, o\u00f9 vous trouverez \u00e9galement des guides d&rsquo;utilisation utiles, des FAQ et d&rsquo;autres ressources pr\u00e9cieuses pour vous aider \u00e0 d\u00e9marrer.<\/p>\n","protected":false},"featured_media":146855,"comment_status":"open","ping_status":"open","template":"","meta":[],"product_brand":[2634],"product_cat":[1200,1182,1181],"product_tag":[2326],"class_list":{"0":"post-138899","1":"product","2":"type-product","3":"status-publish","4":"has-post-thumbnail","6":"product_brand-wp-zone","7":"product_cat-commercialisation","8":"product_cat-commerce-electronique-plugins","9":"product_cat-plugins","10":"product_tag-wp-zone","11":"member-discount","12":"discount-restricted","14":"first","15":"instock","16":"sale","17":"downloadable","18":"virtual","19":"sold-individually","20":"purchasable","21":"product-type-simple"},"_links":{"self":[{"href":"https:\/\/gpl-love.com\/fr\/wp-json\/wp\/v2\/product\/138899","targetHints":{"allow":["GET"]}}],"collection":[{"href":"https:\/\/gpl-love.com\/fr\/wp-json\/wp\/v2\/product"}],"about":[{"href":"https:\/\/gpl-love.com\/fr\/wp-json\/wp\/v2\/types\/product"}],"replies":[{"embeddable":true,"href":"https:\/\/gpl-love.com\/fr\/wp-json\/wp\/v2\/comments?post=138899"}],"wp:featuredmedia":[{"embeddable":true,"href":"https:\/\/gpl-love.com\/fr\/wp-json\/wp\/v2\/media\/146855"}],"wp:attachment":[{"href":"https:\/\/gpl-love.com\/fr\/wp-json\/wp\/v2\/media?parent=138899"}],"wp:term":[{"taxonomy":"product_brand","embeddable":true,"href":"https:\/\/gpl-love.com\/fr\/wp-json\/wp\/v2\/product_brand?post=138899"},{"taxonomy":"product_cat","embeddable":true,"href":"https:\/\/gpl-love.com\/fr\/wp-json\/wp\/v2\/product_cat?post=138899"},{"taxonomy":"product_tag","embeddable":true,"href":"https:\/\/gpl-love.com\/fr\/wp-json\/wp\/v2\/product_tag?post=138899"}],"curies":[{"name":"wp","href":"https:\/\/api.w.org\/{rel}","templated":true}]}}