{"id":138894,"date":"2024-01-12T00:00:00","date_gmt":"2024-01-11T23:00:00","guid":{"rendered":"https:\/\/gpl-love.com\/fr\/produit\/divi-business-pro\/"},"modified":"2026-03-21T00:00:24","modified_gmt":"2026-03-20T23:00:24","slug":"divi-business-pro","status":"publish","type":"product","link":"https:\/\/gpl-love.com\/fr\/produit\/divi-business-pro\/","title":{"rendered":"Divi Business Pro 1.0.15"},"content":{"rendered":"<h3>Divi Business Pro Traits<\/h3>\n<p>D\u00e9couvrez la solution id\u00e9ale pour la conception de sites web professionnels avec les th\u00e8mes Divi Business Pro pour WordPress. Parfaits pour les petites entreprises souhaitant d\u00e9velopper une forte pr\u00e9sence en ligne, ces th\u00e8mes offrent des options de personnalisation in\u00e9gal\u00e9es. Gr\u00e2ce aux meilleurs mod\u00e8les Divi Business Pro \u00e0 port\u00e9e de main, cr\u00e9er un site web attrayant et convivial n&rsquo;a jamais \u00e9t\u00e9 aussi simple.<\/p>\n<p>Vous vous interrogez sur les tarifs de Divi Business Pro\u00a0? Des options flexibles sont disponibles pour s&rsquo;adapter \u00e0 tous les budgets, vous garantissant l&rsquo;acc\u00e8s \u00e0 des fonctionnalit\u00e9s de conception haut de gamme sans vous ruiner. Vous d\u00e9butez dans la cr\u00e9ation de sites web\u00a0? Le tutoriel et le guide d&rsquo;installation de Divi Business Pro vous fournissent des instructions \u00e9tape par \u00e9tape pour utiliser efficacement Divi Business Pro, le rendant accessible m\u00eame aux d\u00e9butants.<\/p>\n<p>Compar\u00e9 \u00e0 ses concurrents, Divi Business Pro se distingue par ses fonctionnalit\u00e9s exceptionnelles, son support fiable et ses mises \u00e0 jour r\u00e9guli\u00e8res. Les utilisateurs soulignent fr\u00e9quemment sa facilit\u00e9 d&rsquo;utilisation et sa polyvalence dans les avis sur Divi Business Pro. Pr\u00eat \u00e0 vous lancer\u00a0? T\u00e9l\u00e9chargez Divi Business Pro en un clin d&rsquo;\u0153il et cr\u00e9ez un site web remarquable.<\/p>\n<p>Pour ceux qui recherchent une solution puissante, adaptable et\u2026<\/p>\n<ul>\n<li>Cr\u00e9ateur de site web performant avec interface glisser-d\u00e9poser<\/li>\n<li><\/li>\n<li>\u00c9l\u00e9ments de design personnalisables pour une identit\u00e9 visuelle unique<\/li>\n<li><\/li>\n<li>Mises en page responsives optimis\u00e9es pour mobiles et ordinateurs<\/li>\n<li><\/li>\n<li>Outils SEO int\u00e9gr\u00e9s pour un meilleur r\u00e9f\u00e9rencement<\/li>\n<li><\/li>\n<li>Th\u00e8mes polyvalents adapt\u00e9s \u00e0 tous types d&rsquo;entreprises<\/li>\n<li>Fonctionnalit\u00e9s de s\u00e9curit\u00e9 int\u00e9gr\u00e9es pour prot\u00e9ger vos donn\u00e9es sensibles<\/li>\n<li>Vaste biblioth\u00e8que de mod\u00e8les pr\u00e9d\u00e9finis pour une mise en place rapide<\/li>\n<li>Int\u00e9gration fluide avec les plugins tiers les plus populaires<\/li>\n<li>Mises \u00e0 jour r\u00e9guli\u00e8res pour une compatibilit\u00e9 optimale avec les derni\u00e8res normes web<\/li>\n<li>Assistance compl\u00e8te et ressources communautaires pour le d\u00e9pannage et l&rsquo;apprentissage<\/li>\n<\/ul>\n","protected":false},"excerpt":{"rendered":"<p>Divi Business Pro est livr\u00e9 avec une gamme de fonctionnalit\u00e9s \u00e9tonnantes. Il permet aux utilisateurs de choisir entre deux options pour les pages d&rsquo;accueil et \u00e0 propos, leur garantissant ainsi de cr\u00e9er la premi\u00e8re impression id\u00e9ale pour leur entreprise. En mettant en \u00e9vidence les t\u00e2ches accomplies dans la section Projets, Divi Business Pro permet aux entreprises d&rsquo;exposer avec \u00e9l\u00e9gance leur travail termin\u00e9. De plus, il comporte un \u00e9l\u00e9ment de t\u00e9moignage pr\u00e9d\u00e9fini, qui peut augmenter la preuve sociale des produits ou services des entreprises.<\/p>\n","protected":false},"featured_media":146852,"comment_status":"open","ping_status":"open","template":"","meta":[],"product_brand":[2634],"product_cat":[1516,1212,1213],"product_tag":[2326],"class_list":{"0":"post-138894","1":"product","2":"type-product","3":"status-publish","4":"has-post-thumbnail","6":"product_brand-wp-zone","7":"product_cat-entreprise","8":"product_cat-themes","9":"product_cat-wordpress-themes","10":"product_tag-wp-zone","11":"member-discount","12":"discount-restricted","14":"first","15":"instock","16":"sale","17":"downloadable","18":"virtual","19":"sold-individually","20":"purchasable","21":"product-type-simple"},"_links":{"self":[{"href":"https:\/\/gpl-love.com\/fr\/wp-json\/wp\/v2\/product\/138894","targetHints":{"allow":["GET"]}}],"collection":[{"href":"https:\/\/gpl-love.com\/fr\/wp-json\/wp\/v2\/product"}],"about":[{"href":"https:\/\/gpl-love.com\/fr\/wp-json\/wp\/v2\/types\/product"}],"replies":[{"embeddable":true,"href":"https:\/\/gpl-love.com\/fr\/wp-json\/wp\/v2\/comments?post=138894"}],"wp:featuredmedia":[{"embeddable":true,"href":"https:\/\/gpl-love.com\/fr\/wp-json\/wp\/v2\/media\/146852"}],"wp:attachment":[{"href":"https:\/\/gpl-love.com\/fr\/wp-json\/wp\/v2\/media?parent=138894"}],"wp:term":[{"taxonomy":"product_brand","embeddable":true,"href":"https:\/\/gpl-love.com\/fr\/wp-json\/wp\/v2\/product_brand?post=138894"},{"taxonomy":"product_cat","embeddable":true,"href":"https:\/\/gpl-love.com\/fr\/wp-json\/wp\/v2\/product_cat?post=138894"},{"taxonomy":"product_tag","embeddable":true,"href":"https:\/\/gpl-love.com\/fr\/wp-json\/wp\/v2\/product_tag?post=138894"}],"curies":[{"name":"wp","href":"https:\/\/api.w.org\/{rel}","templated":true}]}}