{"id":138888,"date":"2024-03-13T00:00:00","date_gmt":"2024-03-12T23:00:00","guid":{"rendered":"https:\/\/gpl-love.com\/fr\/produit\/divi-ecommerce\/"},"modified":"2026-03-21T00:00:21","modified_gmt":"2026-03-20T23:00:21","slug":"divi-ecommerce","status":"publish","type":"product","link":"https:\/\/gpl-love.com\/fr\/produit\/divi-ecommerce\/","title":{"rendered":"Divi Ecommerce 1.3.5"},"content":{"rendered":"<h3>Divi Ecommerce Traits<\/h3>\n<p>La solution e-commerce Divi est con\u00e7ue pour booster vos ventes en ligne, ce qui la rend id\u00e9ale pour toute entreprise souhaitant vendre ses produits sur internet. Cette solution e-commerce exceptionnelle offre des fonctionnalit\u00e9s fantastiques pour simplifier vos processus de vente. Le pack inclut deux pages d&rsquo;accueil distinctes, dot\u00e9es d&rsquo;\u00e9l\u00e9ments uniques tels que des options pour mettre en avant les produits tendance et les produits phares, un compte \u00e0 rebours pour l&rsquo;offre du jour \u00e0 dur\u00e9e limit\u00e9e et un formulaire d&rsquo;inscription \u00e0 la newsletter bien visible pour d\u00e9velopper votre liste d&rsquo;abonn\u00e9s.<\/p>\n<p>Cette boutique, con\u00e7ue avec soin, b\u00e9n\u00e9ficie d&rsquo;une mise en page esth\u00e9tique et d&rsquo;une barre lat\u00e9rale personnalis\u00e9e, sp\u00e9cialement con\u00e7ue pour WooCommerce. De plus, chaque page produit int\u00e8gre des \u00e9l\u00e9ments essentiels tels que la navigation par fil d&rsquo;Ariane, les articles li\u00e9s par \u00e9tiquette et les articles associ\u00e9s par cat\u00e9gorie, ainsi que des onglets verticaux personnalis\u00e9s qui affichent clairement des informations compl\u00e9mentaires.<\/p>\n<p>Outre une fonctionnalit\u00e9 blog et des pages \u00ab\u00a0\u00c0 propos\u00a0\u00bb et \u00ab\u00a0Contact\u00a0\u00bb \u00e9l\u00e9gantes, la solution e-commerce Divi propose des pages d&rsquo;achat pr\u00e9configur\u00e9es et optimis\u00e9es, comme le panier, la connexion et le paiement.<\/p>\n<ul>\n<li>Choisissez parmi deux pages d&rsquo;accueil riches en fonctionnalit\u00e9s pour cr\u00e9er une premi\u00e8re impression durable<\/li>\n<li>Utilisez la barre lat\u00e9rale WooCommerce con\u00e7ue sur mesure pour aider les produits \u00e0 se d\u00e9marquer<\/li>\n<li>Exploitez la puissance du marketing de contenu pour augmenter la visibilit\u00e9 dans les recherches<\/li>\n<li>Cr\u00e9ez une boutique en ligne rapidement sans toucher \u00e0 une ligne de code<\/li>\n<\/ul>\n","protected":false},"excerpt":{"rendered":"<p>Le th\u00e8me de commerce \u00e9lectronique Divi, regorgeant d&rsquo;innombrables fonctionnalit\u00e9s ax\u00e9es sur les ventes, est un choix id\u00e9al pour les entreprises en qu\u00eate de ventes en ligne et de g\u00e9n\u00e9ration de revenus. Parfaitement align\u00e9 et int\u00e9gr\u00e9 \u00e0 WooCommerce, le commerce \u00e9lectronique Divi a rationalis\u00e9 l&rsquo;ensemble du processus d&rsquo;achat des clients, obligeant les entreprises \u00e0 simplement ajouter leur contenu unique et leurs photographies de produits pour lancer leurs ventes en ligne. B\u00e9n\u00e9ficiant d&rsquo;un design attrayant rempli de facettes attrayantes et orient\u00e9es vers la vente, ce th\u00e8me WooCommerce complet aide les entreprises \u00e0 cr\u00e9er un environnement d&rsquo;achat en ligne captivant qui garantit des visites r\u00e9p\u00e9t\u00e9es des clients.<\/p>\n","protected":false},"featured_media":146849,"comment_status":"open","ping_status":"open","template":"","meta":[],"product_brand":[2634],"product_cat":[1238,1851,1212],"product_tag":[2326],"class_list":{"0":"post-138888","1":"product","2":"type-product","3":"status-publish","4":"has-post-thumbnail","6":"product_brand-wp-zone","7":"product_cat-commerce-electronique-themes","8":"product_cat-entreprise-commerce-electronique-themes","9":"product_cat-themes","10":"product_tag-wp-zone","11":"member-discount","12":"discount-restricted","14":"first","15":"instock","16":"sale","17":"downloadable","18":"virtual","19":"sold-individually","20":"purchasable","21":"product-type-simple"},"_links":{"self":[{"href":"https:\/\/gpl-love.com\/fr\/wp-json\/wp\/v2\/product\/138888","targetHints":{"allow":["GET"]}}],"collection":[{"href":"https:\/\/gpl-love.com\/fr\/wp-json\/wp\/v2\/product"}],"about":[{"href":"https:\/\/gpl-love.com\/fr\/wp-json\/wp\/v2\/types\/product"}],"replies":[{"embeddable":true,"href":"https:\/\/gpl-love.com\/fr\/wp-json\/wp\/v2\/comments?post=138888"}],"wp:featuredmedia":[{"embeddable":true,"href":"https:\/\/gpl-love.com\/fr\/wp-json\/wp\/v2\/media\/146849"}],"wp:attachment":[{"href":"https:\/\/gpl-love.com\/fr\/wp-json\/wp\/v2\/media?parent=138888"}],"wp:term":[{"taxonomy":"product_brand","embeddable":true,"href":"https:\/\/gpl-love.com\/fr\/wp-json\/wp\/v2\/product_brand?post=138888"},{"taxonomy":"product_cat","embeddable":true,"href":"https:\/\/gpl-love.com\/fr\/wp-json\/wp\/v2\/product_cat?post=138888"},{"taxonomy":"product_tag","embeddable":true,"href":"https:\/\/gpl-love.com\/fr\/wp-json\/wp\/v2\/product_tag?post=138888"}],"curies":[{"name":"wp","href":"https:\/\/api.w.org\/{rel}","templated":true}]}}