{"id":138886,"date":"2024-01-12T00:00:00","date_gmt":"2024-01-11T23:00:00","guid":{"rendered":"https:\/\/gpl-love.com\/fr\/produit\/divi-ecommerce-pro\/"},"modified":"2026-03-21T00:00:20","modified_gmt":"2026-03-20T23:00:20","slug":"divi-ecommerce-pro","status":"publish","type":"product","link":"https:\/\/gpl-love.com\/fr\/produit\/divi-ecommerce-pro\/","title":{"rendered":"Divi Ecommerce Pro 1.0.10"},"content":{"rendered":"<h3>Divi Ecommerce Pro Traits<\/h3>\n<p>Divi Ecommerce Pro est un cr\u00e9ateur de boutique en ligne professionnel de haute qualit\u00e9 con\u00e7u sp\u00e9cifiquement pour les sites Web WordPress. Cet outil puissant vous permet de cr\u00e9er et de g\u00e9rer en toute transparence une boutique de commerce \u00e9lectronique directement depuis votre site WordPress. Il offre une large gamme de fonctionnalit\u00e9s personnalisables, notamment des pages de produits, des paniers d&rsquo;achat, des caisses, etc. De plus, Divi Ecommerce Pro s&rsquo;int\u00e8gre parfaitement aux passerelles de paiement les plus populaires, rendant les transactions faciles et s\u00e9curis\u00e9es pour vous et vos clients. Il est convivial, polyvalent et con\u00e7u dans un souci d\u2019optimisation du r\u00e9f\u00e9rencement, garantissant ainsi \u00e0 votre boutique en ligne un classement \u00e9lev\u00e9 dans les r\u00e9sultats de recherche. Que vous vendiez des produits physiques, des t\u00e9l\u00e9chargements num\u00e9riques ou m\u00eame des services, Divi Ecommerce Pro facilite la cr\u00e9ation d&rsquo;une boutique en ligne.<\/p>\n<ul>\n<li>Plus de 20 mises en page enti\u00e8rement personnalisables<\/li>\n<li>Comprend 3 mod\u00e8les de pages produits<\/li>\n<li>Con\u00e7u pour tirer pleinement parti du Divi Page Builder<\/li>\n<li>Tableau de prix de style professionnel pour la vente de services<\/li>\n<li>Curseurs, boutons d&rsquo;appel \u00e0 l&rsquo;action, t\u00e9moignages et FAQ<\/li>\n<li>4 mises en page d&rsquo;offres sp\u00e9ciales pour mettre en valeur les produits<\/li>\n<li>Compte \u00e0 rebours de vente stylis\u00e9<\/li>\n<li>Badges de vente et autres produits<\/li>\n<li>Style complet et options pour toutes les pages du blog<\/li>\n<li>Formulaire d&rsquo;inscription aux newsletters et d\u00e9veloppement de votre audience<\/li>\n<li>Bouton de panier collant sur votre site<\/li>\n<li>Option de panier coulissant pour chaque page<\/li>\n<li>Ic\u00f4nes pour le partage social et les cartes de cr\u00e9dit<\/li>\n<li>Styles d\u2019en-t\u00eate et de pied de page pour optimiser les ventes<\/li>\n<li>Concevoir des int\u00e9grations avec les plugins Wishlist et Quick View<\/li>\n<li>Styles de compte WooCommerce, de panier, de produit et de page de boutique<\/li>\n<li>Conceptions popup pour augmenter les ventes<\/li>\n<li>Produits associ\u00e9s pour la promotion crois\u00e9e<\/li>\n<li>Int\u00e9gration de cartes et formulaires de contact<\/li>\n<li>Conceptions de pages 404, \u00c0 propos et Contactez-nous<\/li>\n<\/ul>\n","protected":false},"excerpt":{"rendered":"<p>Pr\u00e9sentation de Divi Ecommerce Pro : une solution compl\u00e8te de qualit\u00e9 professionnelle con\u00e7ue pour r\u00e9volutionner la fa\u00e7on dont vous faites des affaires en ligne. Ce puissant syst\u00e8me de commerce \u00e9lectronique, dot\u00e9 d&rsquo;un \u00e9ventail de caract\u00e9ristiques et de fonctionnalit\u00e9s, est m\u00e9ticuleusement adapt\u00e9 pour r\u00e9pondre aux besoins uniques des entreprises en ligne modernes. Con\u00e7u pour s&rsquo;int\u00e9grer sans effort au th\u00e8me Divi, il \u00e9tablit de nouvelles r\u00e9f\u00e9rences en mati\u00e8re de conception et de fonctionnalit\u00e9s de commerce \u00e9lectronique, garantissant une exp\u00e9rience utilisateur hautement intuitive et rationalis\u00e9e.<\/p>\n<p>Divi Ecommerce Pro offre un niveau de contr\u00f4le et de personnalisation sans pr\u00e9c\u00e9dent, vous offrant la possibilit\u00e9 de cr\u00e9er une vitrine en ligne distincte et convaincante qui s&rsquo;aligne parfaitement avec votre marque. Il s&rsquo;agit d&rsquo;un outil r\u00e9volutionnaire qui permet non seulement aux propri\u00e9taires d&rsquo;entreprise de cr\u00e9er des pages de produits visuellement \u00e9poustouflantes, mais permet \u00e9galement un suivi et une analyse robustes du comportement des clients, am\u00e9liorant ainsi votre capacit\u00e9 \u00e0 interagir avec votre public cible et \u00e0 g\u00e9n\u00e9rer des conversions.<\/p>\n<p>Le g\u00e9nie de Divi Ecommerce Pro r\u00e9side dans sa polyvalence et son adaptabilit\u00e9. Que vous exploitiez une petite boutique ou que vous dirigiez une vaste entreprise multinationale, cette solution est con\u00e7ue pour \u00e9voluer avec votre entreprise, garantissant que votre boutique en ligne reste \u00e0 la fois comp\u00e9titive et ax\u00e9e sur le client.<\/p>\n<p>De plus, Divi Ecommerce Pro est construit avec une grande attention aux d\u00e9tails, offrant une interface intuitive qui facilite la navigation, m\u00eame pour les utilisateurs non techniques. Par cons\u00e9quent, quel que soit votre niveau d\u2019expertise technique, vous pouvez aborder le commerce \u00e9lectronique en toute confiance, sachant que Divi Ecommerce Pro vous offrira une exp\u00e9rience transparente, efficace et enrichissante.<\/p>\n<p>En r\u00e9sum\u00e9, Divi Ecommerce Pro est une plateforme de commerce \u00e9lectronique compl\u00e8te qui fusionne des fonctionnalit\u00e9s sup\u00e9rieures avec un design spectaculaire. Il s&rsquo;agit d&rsquo;un outil fiable et convivial qui permet aux entreprises de lib\u00e9rer tout leur potentiel en ligne, offrant une exp\u00e9rience de commerce \u00e9lectronique in\u00e9gal\u00e9e aux entreprises et aux consommateurs. Avec Divi Ecommerce Pro \u00e0 votre disposition, cr\u00e9er et g\u00e9rer une boutique en ligne n\u2019a jamais \u00e9t\u00e9 aussi simple.<\/p>\n","protected":false},"featured_media":146848,"comment_status":"open","ping_status":"open","template":"","meta":[],"product_brand":[2634],"product_cat":[1238,1851,1212],"product_tag":[2326],"class_list":{"0":"post-138886","1":"product","2":"type-product","3":"status-publish","4":"has-post-thumbnail","6":"product_brand-wp-zone","7":"product_cat-commerce-electronique-themes","8":"product_cat-entreprise-commerce-electronique-themes","9":"product_cat-themes","10":"product_tag-wp-zone","11":"member-discount","12":"discount-restricted","14":"first","15":"instock","16":"sale","17":"downloadable","18":"virtual","19":"sold-individually","20":"purchasable","21":"product-type-simple"},"_links":{"self":[{"href":"https:\/\/gpl-love.com\/fr\/wp-json\/wp\/v2\/product\/138886","targetHints":{"allow":["GET"]}}],"collection":[{"href":"https:\/\/gpl-love.com\/fr\/wp-json\/wp\/v2\/product"}],"about":[{"href":"https:\/\/gpl-love.com\/fr\/wp-json\/wp\/v2\/types\/product"}],"replies":[{"embeddable":true,"href":"https:\/\/gpl-love.com\/fr\/wp-json\/wp\/v2\/comments?post=138886"}],"wp:featuredmedia":[{"embeddable":true,"href":"https:\/\/gpl-love.com\/fr\/wp-json\/wp\/v2\/media\/146848"}],"wp:attachment":[{"href":"https:\/\/gpl-love.com\/fr\/wp-json\/wp\/v2\/media?parent=138886"}],"wp:term":[{"taxonomy":"product_brand","embeddable":true,"href":"https:\/\/gpl-love.com\/fr\/wp-json\/wp\/v2\/product_brand?post=138886"},{"taxonomy":"product_cat","embeddable":true,"href":"https:\/\/gpl-love.com\/fr\/wp-json\/wp\/v2\/product_cat?post=138886"},{"taxonomy":"product_tag","embeddable":true,"href":"https:\/\/gpl-love.com\/fr\/wp-json\/wp\/v2\/product_tag?post=138886"}],"curies":[{"name":"wp","href":"https:\/\/api.w.org\/{rel}","templated":true}]}}