{"id":138882,"date":"2024-01-12T00:00:00","date_gmt":"2024-01-11T23:00:00","guid":{"rendered":"https:\/\/gpl-love.com\/fr\/produit\/divi-health-clinic\/"},"modified":"2026-03-21T00:00:19","modified_gmt":"2026-03-20T23:00:19","slug":"divi-health-clinic","status":"publish","type":"product","link":"https:\/\/gpl-love.com\/fr\/produit\/divi-health-clinic\/","title":{"rendered":"Divi Health Clinic 1.0.7"},"content":{"rendered":"<h3>Divi Health Clinic Traits<\/h3>\n<p>Le th\u00e8me enfant a \u00e9t\u00e9 m\u00e9ticuleusement con\u00e7u, chaque \u00e9l\u00e9ment \u00e9tant con\u00e7u pour transmettre efficacement votre message et inciter les patients potentiels \u00e0 vous contacter. Il est livr\u00e9 facilement pr\u00e9par\u00e9 avec une conception, une mise en page, un espacement des images et une s\u00e9lection de polices distinctifs, vous permettant d&rsquo;ins\u00e9rer simplement votre contenu et de commencer imm\u00e9diatement le marketing de votre clinique de sant\u00e9. Le contenu de d\u00e9monstration du th\u00e8me enfant n&rsquo;est qu&rsquo;\u00e0 quelques clics. Il servira de guide illustrant exactement o\u00f9 vous devez placer les textes et les images, vous permettant ainsi d&rsquo;\u00e9conomiser non seulement du temps, mais \u00e9galement des co\u00fbts de d\u00e9veloppement associ\u00e9s \u00e0 la cr\u00e9ation initiale d&rsquo;un site Web.<\/p>\n<ul>\n<li>Ajoutez un fil d&rsquo;Ariane pour aider vos spectateurs \u00e0 naviguer sur votre site<\/li>\n<li>Offrez une exp\u00e9rience utilisateur exceptionnelle qui incite les visiteurs du site \u00e0 revenir<\/li>\n<li>Utilisez la page 404 pour prot\u00e9ger les liens rompus et rediriger le trafic<\/li>\n<li>Commencez \u00e0 publier du contenu avec le blog con\u00e7u sur mesure<\/li>\n<li>Pr\u00e9senter les informations sp\u00e9cialis\u00e9es et les membres de l\u2019\u00e9quipe<\/li>\n<li>Personnalisez la palette de couleurs de votre site pour qu&rsquo;elle corresponde \u00e0 votre identit\u00e9 de marque<\/li>\n<li>Utilisez le puissant Divi builder pour saisir votre contenu<\/li>\n<li>Lancez votre site Internet en quelques heures seulement<\/li>\n<\/ul>\n","protected":false},"excerpt":{"rendered":"<p>Le th\u00e8me enfant Divi Health Clinic est sp\u00e9cialement con\u00e7u pour les m\u00e9decins, les cliniques de sant\u00e9 et les \u00e9tablissements m\u00e9dicaux. Il permet aux professionnels de la sant\u00e9 de cr\u00e9er leur site Web sans effort. En utilisant ce th\u00e8me enfant esth\u00e9tiquement agr\u00e9able pour Divi, vous pouvez facilement partager les d\u00e9tails et les services de votre clinique ou cabinet avec des patients potentiels, \u00e9conomisant ainsi votre temps, votre \u00e9nergie et vos efforts dans la cr\u00e9ation de sites Web.<\/p>\n","protected":false},"featured_media":146846,"comment_status":"open","ping_status":"open","template":"","meta":[],"product_brand":[2634],"product_cat":[1242,1212,1213],"product_tag":[2326],"class_list":{"0":"post-138882","1":"product","2":"type-product","3":"status-publish","4":"has-post-thumbnail","6":"product_brand-wp-zone","7":"product_cat-creatif","8":"product_cat-themes","9":"product_cat-wordpress-themes","10":"product_tag-wp-zone","11":"member-discount","12":"discount-restricted","14":"first","15":"instock","16":"sale","17":"downloadable","18":"virtual","19":"sold-individually","20":"purchasable","21":"product-type-simple"},"_links":{"self":[{"href":"https:\/\/gpl-love.com\/fr\/wp-json\/wp\/v2\/product\/138882","targetHints":{"allow":["GET"]}}],"collection":[{"href":"https:\/\/gpl-love.com\/fr\/wp-json\/wp\/v2\/product"}],"about":[{"href":"https:\/\/gpl-love.com\/fr\/wp-json\/wp\/v2\/types\/product"}],"replies":[{"embeddable":true,"href":"https:\/\/gpl-love.com\/fr\/wp-json\/wp\/v2\/comments?post=138882"}],"wp:featuredmedia":[{"embeddable":true,"href":"https:\/\/gpl-love.com\/fr\/wp-json\/wp\/v2\/media\/146846"}],"wp:attachment":[{"href":"https:\/\/gpl-love.com\/fr\/wp-json\/wp\/v2\/media?parent=138882"}],"wp:term":[{"taxonomy":"product_brand","embeddable":true,"href":"https:\/\/gpl-love.com\/fr\/wp-json\/wp\/v2\/product_brand?post=138882"},{"taxonomy":"product_cat","embeddable":true,"href":"https:\/\/gpl-love.com\/fr\/wp-json\/wp\/v2\/product_cat?post=138882"},{"taxonomy":"product_tag","embeddable":true,"href":"https:\/\/gpl-love.com\/fr\/wp-json\/wp\/v2\/product_tag?post=138882"}],"curies":[{"name":"wp","href":"https:\/\/api.w.org\/{rel}","templated":true}]}}