{"id":138874,"date":"2024-01-12T00:00:00","date_gmt":"2024-01-11T23:00:00","guid":{"rendered":"https:\/\/gpl-love.com\/fr\/produit\/divi-photography\/"},"modified":"2026-03-21T00:00:15","modified_gmt":"2026-03-20T23:00:15","slug":"divi-photography","status":"publish","type":"product","link":"https:\/\/gpl-love.com\/fr\/produit\/divi-photography\/","title":{"rendered":"Divi Photography 1.0.11"},"content":{"rendered":"<h3>Divi Photography Traits<\/h3>\n<p>Con\u00e7u pour accompagner les photographes dans leurs diff\u00e9rentes strat\u00e9gies marketing, le Divi Photography Child Theme offre un \u00e9ventail de fonctions haut de gamme et de fonctionnalit\u00e9s de premier plan. Outre une boutique en ligne WooCommerce enti\u00e8rement int\u00e9gr\u00e9e, il propose \u00e9galement un portefeuille polyvalent avec trois options d&rsquo;affichage dynamique des projets, un blog con\u00e7u sur mesure et une fonction de prise de rendez-vous simple.<\/p>\n<p>Le th\u00e8me Enfant va encore plus loin en int\u00e9grant la plateforme d&rsquo;apprentissage LifterLMS. Cette fonctionnalit\u00e9 permet aux photographes individuels ou aux marques de photographie de d\u00e9velopper et de distribuer des cours en ligne \u00e0 l&rsquo;\u00e9chelle mondiale, \u00e9largissant ainsi leur capacit\u00e9 \u00e0 partager leurs id\u00e9es avec les professionnels en herbe.<\/p>\n<p>Favorisant l&rsquo;engagement communautaire, le th\u00e8me comprend un composant d&rsquo;adh\u00e9sion d\u00e9j\u00e0 configur\u00e9 encourageant l&rsquo;interaction entre les photographes. Pour compl\u00e9ter les outils utilitaires, il est livr\u00e9 avec un segment d&rsquo;\u00e9v\u00e9nements convivial permettant la cr\u00e9ation et le partage sans effort d&rsquo;\u00e9v\u00e9nements allant des ateliers aux d\u00e9monstrations en direct et bien plus encore.<\/p>\n<p>Le th\u00e8me enfant Divi Photography fournit \u00e9galement aux utilisateurs des \u00e9l\u00e9ments compl\u00e9mentaires tels que 50 ic\u00f4nes de conception de sondage sp\u00e9cifiquement li\u00e9es aux secteurs de la photographie, de l&rsquo;\u00e9dition d&rsquo;images et du traitement des actifs num\u00e9riques. Ces \u00e9l\u00e9ments peuvent \u00eatre facilement personnalis\u00e9s pour correspondre \u00e0 n\u2019importe quelle identit\u00e9 de marque. De plus, il comporte une page d&rsquo;erreur 404 personnalis\u00e9e pour \u00e9viter les liens bris\u00e9s et pr\u00e9server l&rsquo;exp\u00e9rience du visiteur.<\/p>\n<ul>\n<li>Boutique en ligne WooCommerce enti\u00e8rement int\u00e9gr\u00e9e et fonctionnelle avec des pages Panier, Compte, Paiement et Produit d\u00e9j\u00e0 configur\u00e9es et stylis\u00e9es, ainsi que trois pages produit uniques alternatives<\/li>\n<li>Fonction de liste d&rsquo;\u00e9v\u00e9nements, dot\u00e9e d&rsquo;une fonction de recherche et d&rsquo;affichage dynamique, d&rsquo;un mod\u00e8le de liste d&rsquo;\u00e9v\u00e9nements unique personnalis\u00e9 et d&rsquo;une fonction de r\u00e9servation sur site<\/li>\n<li>Int\u00e9gr\u00e9 \u00e0 la plateforme d&rsquo;apprentissage LifterLMS pour la cr\u00e9ation, l&rsquo;ex\u00e9cution et la vente de cours en ligne et de packages d&rsquo;adh\u00e9sion<\/li>\n<li>Portfolio magnifiquement con\u00e7u avec trois mod\u00e8les d&rsquo;affichage de portfolio alternatifs parmi lesquels choisir, avec des pages de projet au style personnalis\u00e9<\/li>\n<li>Fonctionnalit\u00e9 de blog unique avec des pages d&rsquo;archives con\u00e7ues sur mesure, une barre lat\u00e9rale, une mise en page individuelle des articles et une section de commentaires, ainsi que des articles connexes int\u00e9gr\u00e9s et une navigation dans le fil d&rsquo;Ariane pour une lecture facile.<\/li>\n<li>Plus de 2 500 ic\u00f4nes avec des ic\u00f4nes personnalis\u00e9es li\u00e9es \u00e0 la photographie, compl\u00e9t\u00e9es par des fichiers AI et PSD modifiables, gratuites pour une utilisation dans des projets cr\u00e9atifs<\/li>\n<\/ul>\n","protected":false},"excerpt":{"rendered":"<p>Le th\u00e8me Divi Photography Child incarne le style et l\u2019\u00e9l\u00e9gance avec son look saisissant, sa large gamme de fonctionnalit\u00e9s et son esth\u00e9tique moderne. Il offre aux photographes et aux marques de photographie une plateforme en ligne pour afficher leurs produits et services. Avec des paires de polices esth\u00e9tiques, des animations douces et des compositions d&rsquo;images fascinantes sur un th\u00e8me clair ou sombre, il ajoute un avantage suppl\u00e9mentaire \u00e0 la pr\u00e9sence de votre marque.<\/p>\n<p>Il est dot\u00e9 de toutes les fonctionnalit\u00e9s n\u00e9cessaires \u00e0 la gestion d\u2019une entreprise de photographie florissante. E-commerce, planification d\u2019\u00e9v\u00e9nements, plateformes d\u2019apprentissage ou prise de rendez-vous, tous sont int\u00e9gr\u00e9s au Divi Photography Child Theme, offrant une solution compl\u00e8te.<\/p>\n","protected":false},"featured_media":146842,"comment_status":"open","ping_status":"open","template":"","meta":[],"product_brand":[2634],"product_cat":[1242,1212,1213],"product_tag":[2326],"class_list":{"0":"post-138874","1":"product","2":"type-product","3":"status-publish","4":"has-post-thumbnail","6":"product_brand-wp-zone","7":"product_cat-creatif","8":"product_cat-themes","9":"product_cat-wordpress-themes","10":"product_tag-wp-zone","11":"member-discount","12":"discount-restricted","14":"first","15":"instock","16":"sale","17":"downloadable","18":"virtual","19":"sold-individually","20":"purchasable","21":"product-type-simple"},"_links":{"self":[{"href":"https:\/\/gpl-love.com\/fr\/wp-json\/wp\/v2\/product\/138874","targetHints":{"allow":["GET"]}}],"collection":[{"href":"https:\/\/gpl-love.com\/fr\/wp-json\/wp\/v2\/product"}],"about":[{"href":"https:\/\/gpl-love.com\/fr\/wp-json\/wp\/v2\/types\/product"}],"replies":[{"embeddable":true,"href":"https:\/\/gpl-love.com\/fr\/wp-json\/wp\/v2\/comments?post=138874"}],"wp:featuredmedia":[{"embeddable":true,"href":"https:\/\/gpl-love.com\/fr\/wp-json\/wp\/v2\/media\/146842"}],"wp:attachment":[{"href":"https:\/\/gpl-love.com\/fr\/wp-json\/wp\/v2\/media?parent=138874"}],"wp:term":[{"taxonomy":"product_brand","embeddable":true,"href":"https:\/\/gpl-love.com\/fr\/wp-json\/wp\/v2\/product_brand?post=138874"},{"taxonomy":"product_cat","embeddable":true,"href":"https:\/\/gpl-love.com\/fr\/wp-json\/wp\/v2\/product_cat?post=138874"},{"taxonomy":"product_tag","embeddable":true,"href":"https:\/\/gpl-love.com\/fr\/wp-json\/wp\/v2\/product_tag?post=138874"}],"curies":[{"name":"wp","href":"https:\/\/api.w.org\/{rel}","templated":true}]}}