{"id":138866,"date":"2024-01-12T00:00:00","date_gmt":"2024-01-11T23:00:00","guid":{"rendered":"https:\/\/gpl-love.com\/fr\/produit\/divi-woocommerce-store\/"},"modified":"2026-03-21T00:00:12","modified_gmt":"2026-03-20T23:00:12","slug":"divi-woocommerce-store","status":"publish","type":"product","link":"https:\/\/gpl-love.com\/fr\/produit\/divi-woocommerce-store\/","title":{"rendered":"Divi WooCommerce Store 1.0.6"},"content":{"rendered":"<h3>Divi WooCommerce Store Traits<\/h3>\n<p>La boutique Divi WooCommerce est une plateforme de boutique en ligne de premier plan qui combine les puissantes fonctionnalit\u00e9s de WooCommerce avec les capacit\u00e9s de conception \u00e9l\u00e9gantes de Divi. Ce m\u00e9lange incroyable vous permet de cr\u00e9er et de g\u00e9rer en toute transparence une boutique en ligne hautement r\u00e9active, personnalisable et accrocheuse. Il est livr\u00e9 avec une gamme de fonctionnalit\u00e9s exceptionnelles telles que des variantes de produits, des filtres et plusieurs options de passerelle de paiement. La boutique Divi WooCommerce est tr\u00e8s intuitive et conviviale, ce qui en fait un excellent choix pour les v\u00e9t\u00e9rans chevronn\u00e9s du commerce \u00e9lectronique et ceux qui d\u00e9butent dans la vente en ligne. Il vous permet de pr\u00e9senter vos produits dans des mises en page attrayantes tout en garantissant une exp\u00e9rience d&rsquo;achat fluide \u00e0 vos clients. La plateforme offre des fonctionnalit\u00e9s de s\u00e9curit\u00e9 robustes et s&rsquo;int\u00e8gre facilement \u00e0 divers outils marketing pour vous aider \u00e0 augmenter vos ventes.<\/p>\n<ul>\n<li>Cr\u00e9ez un site Web de commerce \u00e9lectronique complet en moins d&rsquo;une heure<\/li>\n<li>Style de page WooCommerce, y compris les pages de compte, de panier, de produit et de boutique<\/li>\n<li>Curseur d&rsquo;image de fonctionnalit\u00e9 Hero avec plusieurs options de navigation et CTA<\/li>\n<li>Pages de produits avec options de pleine largeur et de barre lat\u00e9rale<\/li>\n<li>Mises en page du blog, y compris les archives, les articles et les pages de recherche<\/li>\n<li>Mises en page \u00c0 propos, Contact et 404<\/li>\n<li>Cartes, formulaires et dispositifs de capture d&rsquo;e-mails<\/li>\n<li>D\u00e9veloppez votre audience gr\u00e2ce aux ic\u00f4nes de r\u00e9seaux sociaux et au flux Instagram int\u00e9gr\u00e9<\/li>\n<li>Tri des cat\u00e9gories de produits de grille de ma\u00e7onnerie<\/li>\n<li>En-t\u00eate et pied de page avec navigation claire, recherche et int\u00e9gration du panier<\/li>\n<\/ul>\n","protected":false},"excerpt":{"rendered":"<p>D\u00e9couvrez le m\u00e9lange ultime de fonctionnalit\u00e9s et de style avec Divi WooCommerce Store, la plateforme parfaite m\u00e9ticuleusement con\u00e7ue pour dynamiser votre entreprise de commerce \u00e9lectronique. Fruit d&rsquo;une collaboration innovante, Divi et WooCommerce se sont unis pour cr\u00e9er une solution de vitrine en ligne qui est non seulement robuste et adaptable, mais aussi visuellement \u00e9poustouflante, vous fournissant tous les outils n\u00e9cessaires pour cr\u00e9er et g\u00e9rer un site Web de commerce \u00e9lectronique en toute simplicit\u00e9.<\/p>\n<p>D\u00e9bordant d&rsquo;une myriade de fonctionnalit\u00e9s premium, Divi WooCommerce Store vous propose un g\u00e9n\u00e9rateur de glisser-d\u00e9poser visuellement intuitif qui vous permet de concevoir votre boutique en ligne sans avoir \u00e0 vous plonger dans les complexit\u00e9s du codage. Ses designs \u00e9l\u00e9gants et hautement personnalisables, associ\u00e9s \u00e0 des fonctionnalit\u00e9s fluides, en font une solution remarquable pour les entrepreneurs du commerce \u00e9lectronique, les aidant \u00e0 cr\u00e9er une exp\u00e9rience d&rsquo;achat unique et personnalis\u00e9e pour leurs clients.<\/p>\n<p>D&rsquo;une large gamme de mises en page et de mod\u00e8les, de splendides options d&rsquo;affichage des produits aux processus de paiement transparents, Divi WooCommerce Store a tout pour plaire. Les pages produits ne sont pas seulement con\u00e7ues pour attirer et engager, mais elles fournissent \u00e9galement des informations d\u00e9taill\u00e9es sur les produits dans un format facile \u00e0 comprendre, conduisant finalement \u00e0 de meilleurs taux de conversion. De plus, il int\u00e8gre des outils et des plugins de r\u00e9f\u00e9rencement robustes qui rendent votre site Web plus visible, augmentant ainsi votre pr\u00e9sence et votre port\u00e9e en ligne.<\/p>\n<p>Ce qui distingue Divi WooCommerce Store, c&rsquo;est l&rsquo;\u00e9quilibre in\u00e9gal\u00e9 qu&rsquo;il maintient entre convivialit\u00e9 et fonctionnalit\u00e9s avanc\u00e9es, ce qui en fait une plate-forme adapt\u00e9e aux d\u00e9butants et aux propri\u00e9taires d&rsquo;entreprises de commerce \u00e9lectronique chevronn\u00e9s. Il fournit \u00e9galement une infrastructure robuste pour g\u00e9rer un trafic et des transactions \u00e9lev\u00e9s, garantissant ainsi une exp\u00e9rience d&rsquo;achat fluide \u00e0 vos clients.<\/p>\n<p>Avec Divi WooCommerce Store, cr\u00e9er un site Web de commerce \u00e9lectronique devient moins une corv\u00e9e et plus un voyage passionnant. Il s\u2019agit v\u00e9ritablement d\u2019une solution holistique pour ceux qui cherchent \u00e0 cr\u00e9er une boutique en ligne professionnelle et sophistiqu\u00e9e qui non seulement vend mais raconte une histoire convaincante sur leur marque. Alors, faites un pas en avant, profitez de la puissance de Divi WooCommerce Store et regardez votre entreprise de commerce \u00e9lectronique atteindre de nouveaux sommets.<\/p>\n","protected":false},"featured_media":146838,"comment_status":"open","ping_status":"open","template":"","meta":[],"product_brand":[2634],"product_cat":[1238,1851,1212],"product_tag":[2326],"class_list":{"0":"post-138866","1":"product","2":"type-product","3":"status-publish","4":"has-post-thumbnail","6":"product_brand-wp-zone","7":"product_cat-commerce-electronique-themes","8":"product_cat-entreprise-commerce-electronique-themes","9":"product_cat-themes","10":"product_tag-wp-zone","11":"member-discount","12":"discount-restricted","14":"first","15":"instock","16":"sale","17":"downloadable","18":"virtual","19":"sold-individually","20":"purchasable","21":"product-type-simple"},"_links":{"self":[{"href":"https:\/\/gpl-love.com\/fr\/wp-json\/wp\/v2\/product\/138866","targetHints":{"allow":["GET"]}}],"collection":[{"href":"https:\/\/gpl-love.com\/fr\/wp-json\/wp\/v2\/product"}],"about":[{"href":"https:\/\/gpl-love.com\/fr\/wp-json\/wp\/v2\/types\/product"}],"replies":[{"embeddable":true,"href":"https:\/\/gpl-love.com\/fr\/wp-json\/wp\/v2\/comments?post=138866"}],"wp:featuredmedia":[{"embeddable":true,"href":"https:\/\/gpl-love.com\/fr\/wp-json\/wp\/v2\/media\/146838"}],"wp:attachment":[{"href":"https:\/\/gpl-love.com\/fr\/wp-json\/wp\/v2\/media?parent=138866"}],"wp:term":[{"taxonomy":"product_brand","embeddable":true,"href":"https:\/\/gpl-love.com\/fr\/wp-json\/wp\/v2\/product_brand?post=138866"},{"taxonomy":"product_cat","embeddable":true,"href":"https:\/\/gpl-love.com\/fr\/wp-json\/wp\/v2\/product_cat?post=138866"},{"taxonomy":"product_tag","embeddable":true,"href":"https:\/\/gpl-love.com\/fr\/wp-json\/wp\/v2\/product_tag?post=138866"}],"curies":[{"name":"wp","href":"https:\/\/api.w.org\/{rel}","templated":true}]}}