{"id":138864,"date":"2024-01-12T00:00:00","date_gmt":"2024-01-11T23:00:00","guid":{"rendered":"https:\/\/gpl-love.com\/fr\/produit\/jasmine\/"},"modified":"2026-03-21T00:00:12","modified_gmt":"2026-03-20T23:00:12","slug":"jasmine","status":"publish","type":"product","link":"https:\/\/gpl-love.com\/fr\/produit\/jasmine\/","title":{"rendered":"Jasmine 2.0.2"},"content":{"rendered":"<h3>Jasmine Traits<\/h3>\n<p>Le th\u00e8me enfant Jasmine Divi est con\u00e7u pour plaire aux blogueurs. Il comporte des modules d&rsquo;appel \u00e0 l&rsquo;action qui permettent une communication facile des principaux types de contenu de blog, des liens vers des cat\u00e9gories populaires et am\u00e9liorent la recherche SEO. En outre, il comprend \u00e9galement une barre lat\u00e9rale compl\u00e8te qui comprend une section de publication r\u00e9cente, une zone de cat\u00e9gories et de balises, ainsi qu&rsquo;un formulaire d&rsquo;inscription aux newsletters afin d&rsquo;augmenter les abonn\u00e9s par courrier \u00e9lectronique. Jasmine comprend \u00e9galement des pages pr\u00e9d\u00e9finies \u00c0 propos, Contact et Blog et est pr\u00e9-int\u00e9gr\u00e9 \u00e0 un plugin Instagram. Pour couronner le tout, ce th\u00e8me enfant fournit de nombreuses fonctionnalit\u00e9s premium telles que l&rsquo;\u00e9diteur de pied de page Aspen pour personnaliser une zone de pied de page \u00e0 l&rsquo;\u00e9chelle du site, un personnalisateur de connexion pour personnaliser la page de connexion wp-admin par d\u00e9faut et un param\u00e8tre de mod\u00e8le de page d&rsquo;erreur 404 pour cr\u00e9er pages de redirection d\u2019erreur.<\/p>\n<ul>\n<li>Parfait pour les blogueurs souhaitant commencer \u00e0 publier diverses formes de contenu et \u00e0 partager des articles avec des abonn\u00e9s sur les r\u00e9seaux sociaux<\/li>\n<li>\u00c9vitez la t\u00e2che de conception et de d\u00e9veloppement de votre site Web et plongez-vous directement dans la g\u00e9n\u00e9ration et la publication de votre contenu.<\/li>\n<li>Ajoutez simplement votre logo, votre copie et vos images, et commencez \u00e0 bloguer d\u00e8s aujourd&rsquo;hui\u00a0!<\/li>\n<li>Profitez de la multitude de fonctionnalit\u00e9s ax\u00e9es sur le contenu, notamment un blog au design exquis, une barre lat\u00e9rale d\u00e9taill\u00e9e et un formulaire d&rsquo;inscription par e-mail.<\/li>\n<\/ul>\n","protected":false},"excerpt":{"rendered":"<p>Jasmine, un th\u00e8me enfant de Divi, fournit une plateforme robuste et riche en fonctionnalit\u00e9s, id\u00e9ale pour les blogueuses. Il m\u00e9lange des illustrations \u00e0 l&rsquo;aquarelle, des titres de scripts au pinceau et des accents de couleurs subtils en rose blush, orange et saumon pour obtenir une esth\u00e9tique globale qui rayonne de f\u00e9minit\u00e9. Jasmine est \u00e9galement m\u00e9ticuleusement con\u00e7u et magnifiquement con\u00e7u.<\/p>\n<p>Le th\u00e8me enfant Jasmine Divi dispose \u00e9galement d&rsquo;une multitude de fonctionnalit\u00e9s con\u00e7ues pour vous aider \u00e0 \u00e9largir l&rsquo;audience de votre blog. Il pr\u00e9sente un menu de navigation captivant et plein de contrastes de couleurs qui encourage un partage facile sur divers r\u00e9seaux sociaux et par courrier \u00e9lectronique pour que les lecteurs puissent faire entendre leur voix au-del\u00e0 des fronti\u00e8res du site. De plus, chaque article de blog unique b\u00e9n\u00e9ficie de cette m\u00eame possibilit\u00e9 de partage.<\/p>\n","protected":false},"featured_media":146837,"comment_status":"open","ping_status":"open","template":"","meta":[],"product_brand":[2634],"product_cat":[1242,1212,1213],"product_tag":[2326],"class_list":{"0":"post-138864","1":"product","2":"type-product","3":"status-publish","4":"has-post-thumbnail","6":"product_brand-wp-zone","7":"product_cat-creatif","8":"product_cat-themes","9":"product_cat-wordpress-themes","10":"product_tag-wp-zone","11":"member-discount","12":"discount-restricted","14":"first","15":"instock","16":"sale","17":"downloadable","18":"virtual","19":"sold-individually","20":"purchasable","21":"product-type-simple"},"_links":{"self":[{"href":"https:\/\/gpl-love.com\/fr\/wp-json\/wp\/v2\/product\/138864","targetHints":{"allow":["GET"]}}],"collection":[{"href":"https:\/\/gpl-love.com\/fr\/wp-json\/wp\/v2\/product"}],"about":[{"href":"https:\/\/gpl-love.com\/fr\/wp-json\/wp\/v2\/types\/product"}],"replies":[{"embeddable":true,"href":"https:\/\/gpl-love.com\/fr\/wp-json\/wp\/v2\/comments?post=138864"}],"wp:featuredmedia":[{"embeddable":true,"href":"https:\/\/gpl-love.com\/fr\/wp-json\/wp\/v2\/media\/146837"}],"wp:attachment":[{"href":"https:\/\/gpl-love.com\/fr\/wp-json\/wp\/v2\/media?parent=138864"}],"wp:term":[{"taxonomy":"product_brand","embeddable":true,"href":"https:\/\/gpl-love.com\/fr\/wp-json\/wp\/v2\/product_brand?post=138864"},{"taxonomy":"product_cat","embeddable":true,"href":"https:\/\/gpl-love.com\/fr\/wp-json\/wp\/v2\/product_cat?post=138864"},{"taxonomy":"product_tag","embeddable":true,"href":"https:\/\/gpl-love.com\/fr\/wp-json\/wp\/v2\/product_tag?post=138864"}],"curies":[{"name":"wp","href":"https:\/\/api.w.org\/{rel}","templated":true}]}}