{"id":138860,"date":"2024-01-12T00:00:00","date_gmt":"2024-01-11T23:00:00","guid":{"rendered":"https:\/\/gpl-love.com\/fr\/produit\/wodster-theme\/"},"modified":"2026-03-21T00:00:10","modified_gmt":"2026-03-20T23:00:10","slug":"wodster-theme","status":"publish","type":"product","link":"https:\/\/gpl-love.com\/fr\/produit\/wodster-theme\/","title":{"rendered":"Wodster Theme 1.1.7"},"content":{"rendered":"<h3>Wodster Theme Traits<\/h3>\n<p>Le th\u00e8me enfant premium Divi de Wodster, sp\u00e9cialement con\u00e7u pour les marques de fitness et d\u2019exercice, peut en effet fournir la solution de site Web id\u00e9ale pour une vari\u00e9t\u00e9 de salles de sport ind\u00e9pendantes, d\u2019installations d\u2019entra\u00eenement et d\u2019entra\u00eeneurs physiques en ligne. Avec ses polices frappantes, ses sections d&rsquo;images captivantes et ses accents de couleurs convaincants, Wodster se d\u00e9marque de la foule et est pr\u00eat \u00e0 maximiser les taux de conversion de votre marque.<\/p>\n<p>Wodster facilite les d\u00e9fis de navigation pour les nouveaux utilisateurs, les guide en douceur tout au long du processus d&rsquo;inscription et communique clairement les objectifs de la marque via sa section \u00ab \u00c0 propos \u00bb o\u00f9 le personnel et les formateurs sont \u00e9galement pr\u00e9sent\u00e9s ; chaque consid\u00e9ration marketing d\u2019une marque de fitness en ligne est abord\u00e9e par ce th\u00e8me complet.<\/p>\n<p>Il existe un blog visuellement attrayant dans un style ma\u00e7onn\u00e9 et une section de connexion des membres dans le cadre des attributs de conception sup\u00e9rieurs de Wodster. Le package comprend un type de message personnalis\u00e9 intitul\u00e9 \u00ab\u00a0WOD\u00a0\u00bb, id\u00e9al pour r\u00e9pertorier les routines d&rsquo;exercices quotidiennes ou les entra\u00eenements du jour.<\/p>\n<p>Le package de th\u00e8mes enfants Wodster Divi comprend de nombreux extras premium tels que\u00a0: l&rsquo;\u00e9diteur de pied de page Aspen (pour styliser une zone de pied de page \u00e0 l&rsquo;\u00e9chelle du site), le personnalisateur de connexion (pour personnaliser la page de connexion wp-admin par d\u00e9faut) et les param\u00e8tres pour cr\u00e9er un 404. Mod\u00e8le de page d\u2019erreur pour la redirection des erreurs.<\/p>\n<p>Veuillez noter que les images du site de d\u00e9monstration pr\u00e9sent\u00e9es avec Wodster ne sont pas incluses ; pour utiliser ces images, il serait n\u00e9cessaire de trouver leur source via une m\u00e9thode de recherche invers\u00e9e, puis d&rsquo;acheter en cons\u00e9quence.<\/p>\n<ul>\n<li>Id\u00e9al pour les marques de fitness et d&rsquo;exercice telles que les gymnases ind\u00e9pendants, les centres d&rsquo;entra\u00eenement et les entra\u00eeneurs physiques en ligne<\/li>\n<li>Attirez l&rsquo;attention des visiteurs de votre site avec des polices audacieuses, des sections d&rsquo;images attrayantes et des accents rouges saisissants.<\/li>\n<li>Convertissez les visiteurs en clients gr\u00e2ce \u00e0 des sections de t\u00e9moignages inspirantes et des formulaires d&rsquo;inscription par courrier \u00e9lectronique attrayants<\/li>\n<li>Utilisez la fonctionnalit\u00e9 de publication personnalis\u00e9e magnifiquement con\u00e7ue \u00ab WOD \u00bb pour publier des routines d&rsquo;exercices quotidiennes ou des entra\u00eenements du jour.<\/li>\n<\/ul>\n","protected":false},"excerpt":{"rendered":"<p>Le th\u00e8me Wodster est le point de d\u00e9part id\u00e9al si vous envisagez de faire des vagues sur le march\u00e9 du fitness et de l&rsquo;exercice, valant plusieurs milliards de dollars. Ce sous-th\u00e8me Divi premium vous offre des solutions de conception de premier ordre pour vous aider \u00e0 donner \u00e0 votre site Web une esth\u00e9tique impressionnante d\u2019un milliard de dollars. Wodster a \u00e9t\u00e9 cr\u00e9\u00e9 sp\u00e9cifiquement pour les entreprises de fitness, leur offrant une plate-forme unique pour \u00e9tablir une pr\u00e9sence en ligne convaincante.<\/p>\n","protected":false},"featured_media":146835,"comment_status":"open","ping_status":"open","template":"","meta":[],"product_brand":[2634],"product_cat":[1242,1212,1213],"product_tag":[2326],"class_list":{"0":"post-138860","1":"product","2":"type-product","3":"status-publish","4":"has-post-thumbnail","6":"product_brand-wp-zone","7":"product_cat-creatif","8":"product_cat-themes","9":"product_cat-wordpress-themes","10":"product_tag-wp-zone","11":"member-discount","12":"discount-restricted","14":"first","15":"instock","16":"sale","17":"downloadable","18":"virtual","19":"sold-individually","20":"purchasable","21":"product-type-simple"},"_links":{"self":[{"href":"https:\/\/gpl-love.com\/fr\/wp-json\/wp\/v2\/product\/138860","targetHints":{"allow":["GET"]}}],"collection":[{"href":"https:\/\/gpl-love.com\/fr\/wp-json\/wp\/v2\/product"}],"about":[{"href":"https:\/\/gpl-love.com\/fr\/wp-json\/wp\/v2\/types\/product"}],"replies":[{"embeddable":true,"href":"https:\/\/gpl-love.com\/fr\/wp-json\/wp\/v2\/comments?post=138860"}],"wp:featuredmedia":[{"embeddable":true,"href":"https:\/\/gpl-love.com\/fr\/wp-json\/wp\/v2\/media\/146835"}],"wp:attachment":[{"href":"https:\/\/gpl-love.com\/fr\/wp-json\/wp\/v2\/media?parent=138860"}],"wp:term":[{"taxonomy":"product_brand","embeddable":true,"href":"https:\/\/gpl-love.com\/fr\/wp-json\/wp\/v2\/product_brand?post=138860"},{"taxonomy":"product_cat","embeddable":true,"href":"https:\/\/gpl-love.com\/fr\/wp-json\/wp\/v2\/product_cat?post=138860"},{"taxonomy":"product_tag","embeddable":true,"href":"https:\/\/gpl-love.com\/fr\/wp-json\/wp\/v2\/product_tag?post=138860"}],"curies":[{"name":"wp","href":"https:\/\/api.w.org\/{rel}","templated":true}]}}