{"id":138858,"date":"2026-01-24T00:00:00","date_gmt":"2026-01-23T23:00:00","guid":{"rendered":"https:\/\/gpl-love.com\/fr\/produit\/userswp-social-login\/"},"modified":"2026-03-21T00:00:09","modified_gmt":"2026-03-20T23:00:09","slug":"userswp-social-login","status":"publish","type":"product","link":"https:\/\/gpl-love.com\/fr\/produit\/userswp-social-login\/","title":{"rendered":"UsersWP Social Login 1.5.6"},"content":{"rendered":"<h3>UsersWP Social Login Traits<\/h3>\n<p>UsersWP Social Login est un plugin puissant et convivial qui permet aux visiteurs du site Web de s&rsquo;inscrire et de se connecter via leurs comptes de r\u00e9seaux sociaux existants. Cette fonctionnalit\u00e9 permettant de gagner du temps \u00e9limine le besoin pour les utilisateurs de m\u00e9moriser un autre ensemble d&rsquo;informations d&rsquo;identification de connexion, am\u00e9liorant ainsi l&rsquo;exp\u00e9rience utilisateur globale. Compatible avec les r\u00e9seaux sociaux populaires tels que Facebook, Twitter, Google et LinkedIn, UsersWP Social Login offre un processus d&rsquo;inscription transparent tout en augmentant les inscriptions sur votre site Web. Gr\u00e2ce \u00e0 son processus d&rsquo;autorisation s\u00e9curis\u00e9, ce plugin maintient un haut niveau de s\u00e9curit\u00e9, garantissant la s\u00e9curit\u00e9 des informations utilisateur. Simple \u00e0 installer et facile \u00e0 configurer, c\u2019est un choix id\u00e9al aussi bien pour les d\u00e9veloppeurs que pour les propri\u00e9taires de sites Web. Mettez \u00e0 niveau votre site Web avec UsersWP Social Login et rationalisez votre processus d&rsquo;enregistrement et de connexion des utilisateurs.<\/p>\n<ul>\n<li>UsersWP Social Login est un outil puissant qui simplifie le processus d&rsquo;authentification des utilisateurs en permettant aux utilisateurs de s&rsquo;inscrire et de se connecter via leurs comptes de r\u00e9seaux sociaux.<\/li>\n<li>Ce plugin prend en charge une vari\u00e9t\u00e9 de plateformes sociales, notamment Facebook, Google, Twitter, LinkedIn et bien d&rsquo;autres.<\/li>\n<li>Il s&rsquo;int\u00e8gre parfaitement \u00e0 votre site Web, offrant une exp\u00e9rience de connexion fluide et rapide \u00e0 vos visiteurs, r\u00e9duisant ainsi les barri\u00e8res \u00e0 l&rsquo;entr\u00e9e.<\/li>\n<li>Le plugin est facile \u00e0 configurer et ne n\u00e9cessite pas de connaissances techniques approfondies, ce qui le rend id\u00e9al pour tous les propri\u00e9taires de sites Web.<\/li>\n<li>UsersWP Social Login am\u00e9liore l&rsquo;exp\u00e9rience utilisateur, augmente les taux d&rsquo;inscription et fournit des donn\u00e9es utilisateur pr\u00e9cieuses \u00e0 partir des profils sociaux.<\/li>\n<li>Il est enti\u00e8rement r\u00e9actif et compatible avec tous les navigateurs, garantissant des performances optimales sur tous les appareils.<\/li>\n<li>Ce produit est livr\u00e9 avec une assistance de haute qualit\u00e9, garantissant que tout probl\u00e8me ou question soit rapidement r\u00e9solu.<\/li>\n<li>Avec la connexion sociale UserWP, vous pouvez augmenter les taux de conversion de votre site Web en simplifiant le processus d&rsquo;inscription et en encourageant davantage d&rsquo;utilisateurs \u00e0 s&rsquo;inscrire.<\/li>\n<\/ul>\n","protected":false},"excerpt":{"rendered":"<p>UsersWP Social Login est un outil innovant et dynamique, m\u00e9ticuleusement con\u00e7u pour simplifier le processus de connexion sur votre site Web en int\u00e9grant les plateformes de m\u00e9dias sociaux populaires. Int\u00e9gr\u00e9 \u00e0 un \u00e9ventail de sites de r\u00e9seaux sociaux renomm\u00e9s, tels que Facebook, Twitter, Instagram, LinkedIn et Google, cet outil permet aux utilisateurs de s&rsquo;inscrire ou de se connecter \u00e0 votre site Web en utilisant leurs comptes de r\u00e9seaux sociaux existants. En plus de fournir une exp\u00e9rience utilisateur in\u00e9gal\u00e9e, UsersWP Social Login r\u00e9duit consid\u00e9rablement le temps d&rsquo;inscription, augmentant ainsi consid\u00e9rablement les chances d&rsquo;engagement des utilisateurs.<\/p>\n<p>Int\u00e9gr\u00e9 \u00e0 une interface intuitive, UsersWP Social Login garantit la facilit\u00e9 de mise en \u0153uvre. Sa compatibilit\u00e9 avec plusieurs plateformes lui conf\u00e8re \u00e9galement un avantage sur les m\u00e9thodes de connexion conventionnelles. Il aspire \u00e0 combler le foss\u00e9 entre votre site Web et les m\u00e9dias sociaux, conduisant finalement \u00e0 une preuve sociale et une cr\u00e9dibilit\u00e9 am\u00e9lior\u00e9es pour votre marque.<\/p>\n<p>Avec UsersWP Social Login, le besoin de m\u00e9moriser des noms d&rsquo;utilisateur et des mots de passe complexes est \u00e9limin\u00e9. Les utilisateurs peuvent naviguer sans effort sur votre site Web, ce qui ajoute \u00e0 leur exp\u00e9rience de navigation globale. De plus, l&rsquo;outil est soumis \u00e0 des mises \u00e0 jour r\u00e9guli\u00e8res, garantissant son adaptabilit\u00e9 \u00e0 la dynamique en constante \u00e9volution des m\u00e9dias sociaux.<\/p>\n<p>L&rsquo;une des principales caract\u00e9ristiques de UsersWP Social Login est son adh\u00e9sion \u00e0 des normes absolues de confidentialit\u00e9. Bien qu&rsquo;il capitalise sur les plateformes de m\u00e9dias sociaux, les donn\u00e9es priv\u00e9es de l&rsquo;utilisateur restent intactes. Il ne stocke aucune donn\u00e9e sensible, respectant ainsi strictement les r\u00e8gles de confidentialit\u00e9 des donn\u00e9es.<\/p>\n<p>En un mot, UsersWP Social Login n&rsquo;est pas seulement un outil ; c&rsquo;est une r\u00e9volution qui aspire \u00e0 transformer la fa\u00e7on dont les utilisateurs interagissent avec votre site Web. L&rsquo;int\u00e9gration de cet outil dans votre site Web se traduira par une augmentation des inscriptions d&rsquo;utilisateurs, un engagement des utilisateurs amplifi\u00e9 et, surtout, une exp\u00e9rience utilisateur transparente.<\/p>\n","protected":false},"featured_media":146834,"comment_status":"open","ping_status":"open","template":"","meta":[],"product_brand":[2560],"product_cat":[1300,1181,1186],"product_tag":[1828],"class_list":{"0":"post-138858","1":"product","2":"type-product","3":"status-publish","4":"has-post-thumbnail","6":"product_brand-ayecode","7":"product_cat-adhesion","8":"product_cat-plugins","9":"product_cat-wordpress-plugins","10":"product_tag-ayecode","11":"member-discount","12":"discount-restricted","14":"first","15":"instock","16":"sale","17":"downloadable","18":"virtual","19":"sold-individually","20":"purchasable","21":"product-type-simple"},"_links":{"self":[{"href":"https:\/\/gpl-love.com\/fr\/wp-json\/wp\/v2\/product\/138858","targetHints":{"allow":["GET"]}}],"collection":[{"href":"https:\/\/gpl-love.com\/fr\/wp-json\/wp\/v2\/product"}],"about":[{"href":"https:\/\/gpl-love.com\/fr\/wp-json\/wp\/v2\/types\/product"}],"replies":[{"embeddable":true,"href":"https:\/\/gpl-love.com\/fr\/wp-json\/wp\/v2\/comments?post=138858"}],"wp:featuredmedia":[{"embeddable":true,"href":"https:\/\/gpl-love.com\/fr\/wp-json\/wp\/v2\/media\/146834"}],"wp:attachment":[{"href":"https:\/\/gpl-love.com\/fr\/wp-json\/wp\/v2\/media?parent=138858"}],"wp:term":[{"taxonomy":"product_brand","embeddable":true,"href":"https:\/\/gpl-love.com\/fr\/wp-json\/wp\/v2\/product_brand?post=138858"},{"taxonomy":"product_cat","embeddable":true,"href":"https:\/\/gpl-love.com\/fr\/wp-json\/wp\/v2\/product_cat?post=138858"},{"taxonomy":"product_tag","embeddable":true,"href":"https:\/\/gpl-love.com\/fr\/wp-json\/wp\/v2\/product_tag?post=138858"}],"curies":[{"name":"wp","href":"https:\/\/api.w.org\/{rel}","templated":true}]}}