{"id":138856,"date":"2024-01-12T00:00:00","date_gmt":"2024-01-11T23:00:00","guid":{"rendered":"https:\/\/gpl-love.com\/fr\/produit\/userswp-bbpress-custom-user-profiles\/"},"modified":"2026-03-21T00:00:08","modified_gmt":"2026-03-20T23:00:08","slug":"userswp-bbpress-custom-user-profiles","status":"publish","type":"product","link":"https:\/\/gpl-love.com\/fr\/produit\/userswp-bbpress-custom-user-profiles\/","title":{"rendered":"UsersWP bbPress Custom User Profiles 1.2.5"},"content":{"rendered":"<h3>UsersWP bbPress Custom User Profiles Traits<\/h3>\n<p>UsersWP bbPress est un puissant outil compl\u00e9mentaire d&rsquo;int\u00e9gration qui connecte UsersWP, un plugin de profil utilisateur et d&rsquo;adh\u00e9sion, \u00e0 bbPress, un logiciel de forum leader pour WordPress. Ce produit offre une int\u00e9gration transparente, permettant aux utilisateurs de g\u00e9rer plus efficacement leurs forums et leurs adh\u00e9sions. Avec UsersWP bbPress, les utilisateurs peuvent facilement cr\u00e9er des profils utilisateur avanc\u00e9s, r\u00e9pertorier les utilisateurs, g\u00e9n\u00e9rer des r\u00e9pertoires d&rsquo;utilisateurs et g\u00e9rer l&rsquo;enregistrement et la connexion des utilisateurs. Il permet \u00e9galement aux utilisateurs d&rsquo;ajouter des champs personnalis\u00e9s, de mod\u00e9rer les discussions sur le forum et de cr\u00e9er des forums communautaires complets sur leur site Web WordPress. Il est convivial, simple \u00e0 configurer et enti\u00e8rement personnalisable, ce qui en fait une solution parfaite pour am\u00e9liorer l&rsquo;engagement de la communaut\u00e9 sur les plateformes en ligne.<\/p>\n<ul>\n<li>UsersWP bbPress est un plugin robuste qui int\u00e8gre de mani\u00e8re transparente bbPress \u00e0 UsersWP.<\/li>\n<li>Il offre une interface conviviale pour g\u00e9rer les profils d&rsquo;utilisateurs, les forums et les discussions.<\/li>\n<li>Permet aux utilisateurs d&rsquo;acc\u00e9der aux forums bbPress directement depuis leur profil UsersWP.<\/li>\n<li>Rationalise le processus de cr\u00e9ation, de mod\u00e9ration et de r\u00e9ponse aux fils de discussion du forum.<\/li>\n<li>Fournit une plate-forme centralis\u00e9e pour les forums, am\u00e9liorant l&rsquo;engagement et l&rsquo;interaction des utilisateurs.<\/li>\n<li>Il propose des param\u00e8tres avanc\u00e9s permettant \u00e0 l&rsquo;administrateur de contr\u00f4ler l&rsquo;acc\u00e8s et les autorisations des utilisateurs.<\/li>\n<li>Le plugin garantit une compatibilit\u00e9 \u00e9lev\u00e9e avec les th\u00e8mes et plugins WordPress et est facile \u00e0 personnaliser.<\/li>\n<li>Acc\u00e9l\u00e8re le processus de cr\u00e9ation de communaut\u00e9 en permettant aux utilisateurs de d\u00e9marrer des discussions, de r\u00e9pondre aux fils de discussion et de rester inform\u00e9s des activit\u00e9s du forum.<\/li>\n<li>Il offre une excellente plate-forme d\u2019interaction communautaire, encourageant davantage l\u2019engagement des utilisateurs sur votre site Web.<\/li>\n<li>Prend en charge plusieurs langues, ce qui le rend adapt\u00e9 \u00e0 un public mondial.<\/li>\n<li>Mises \u00e0 jour r\u00e9guli\u00e8res et support client efficace assur\u00e9 par les d\u00e9veloppeurs.<\/li>\n<\/ul>\n","protected":false},"excerpt":{"rendered":"<p>UsersWP bbPress est un outil remarquable qui offre une solution d&rsquo;int\u00e9gration compl\u00e8te pour les utilisateurs de WordPress recherchant une compatibilit\u00e9 transparente avec bbPress. Ce produit robuste est con\u00e7u pour faciliter et am\u00e9liorer l\u2019exp\u00e9rience utilisateur, favorisant ainsi une interaction et un engagement plus fluides au sein de WordPress. Con\u00e7u avec une grande attention aux d\u00e9tails, UsersWP bbPress est \u00e9quip\u00e9 d&rsquo;un \u00e9ventail de fonctionnalit\u00e9s qui renforcent le processus de gestion des utilisateurs tout en offrant \u00e9galement des options avanc\u00e9es de contr\u00f4le et de mod\u00e9ration du contenu. Se distinguant dans le domaine de l&rsquo;int\u00e9gration WordPress, cet outil allie sans effort fonctionnalit\u00e9 et commodit\u00e9, pr\u00e9sentant une interface conviviale qui permet aux utilisateurs de naviguer facilement dans les complexit\u00e9s de la gestion de sites Web. UsersWP bbPress est sp\u00e9cifiquement con\u00e7u pour r\u00e9pondre aux besoins dynamiques de la communaut\u00e9 WordPress, promettant une exp\u00e9rience utilisateur enrichie et permettant aux utilisateurs de cr\u00e9er un site Web qui correspond vraiment \u00e0 leur vision. Qu&rsquo;il s&rsquo;agisse d&rsquo;un novice entrant dans le monde de la gestion de sites Web ou d&rsquo;un professionnel chevronn\u00e9, cet outil constitue un compagnon de confiance guidant les utilisateurs vers la r\u00e9alisation r\u00e9ussie de leurs objectifs num\u00e9riques. Profitez de la flexibilit\u00e9 de UsersWP bbPress et r\u00e9volutionnez la fa\u00e7on dont vous g\u00e9rez votre site Web WordPress.<\/p>\n","protected":false},"featured_media":146833,"comment_status":"open","ping_status":"open","template":"","meta":[],"product_brand":[2560],"product_cat":[1300,1181,1186],"product_tag":[1828],"class_list":{"0":"post-138856","1":"product","2":"type-product","3":"status-publish","4":"has-post-thumbnail","6":"product_brand-ayecode","7":"product_cat-adhesion","8":"product_cat-plugins","9":"product_cat-wordpress-plugins","10":"product_tag-ayecode","11":"member-discount","12":"discount-restricted","14":"first","15":"instock","16":"sale","17":"downloadable","18":"virtual","19":"sold-individually","20":"purchasable","21":"product-type-simple"},"_links":{"self":[{"href":"https:\/\/gpl-love.com\/fr\/wp-json\/wp\/v2\/product\/138856","targetHints":{"allow":["GET"]}}],"collection":[{"href":"https:\/\/gpl-love.com\/fr\/wp-json\/wp\/v2\/product"}],"about":[{"href":"https:\/\/gpl-love.com\/fr\/wp-json\/wp\/v2\/types\/product"}],"replies":[{"embeddable":true,"href":"https:\/\/gpl-love.com\/fr\/wp-json\/wp\/v2\/comments?post=138856"}],"wp:featuredmedia":[{"embeddable":true,"href":"https:\/\/gpl-love.com\/fr\/wp-json\/wp\/v2\/media\/146833"}],"wp:attachment":[{"href":"https:\/\/gpl-love.com\/fr\/wp-json\/wp\/v2\/media?parent=138856"}],"wp:term":[{"taxonomy":"product_brand","embeddable":true,"href":"https:\/\/gpl-love.com\/fr\/wp-json\/wp\/v2\/product_brand?post=138856"},{"taxonomy":"product_cat","embeddable":true,"href":"https:\/\/gpl-love.com\/fr\/wp-json\/wp\/v2\/product_cat?post=138856"},{"taxonomy":"product_tag","embeddable":true,"href":"https:\/\/gpl-love.com\/fr\/wp-json\/wp\/v2\/product_tag?post=138856"}],"curies":[{"name":"wp","href":"https:\/\/api.w.org\/{rel}","templated":true}]}}