{"id":138852,"date":"2026-05-01T00:00:00","date_gmt":"2026-04-30T22:00:00","guid":{"rendered":"https:\/\/gpl-love.com\/fr\/produit\/userswp-followers\/"},"modified":"2026-05-01T12:31:22","modified_gmt":"2026-05-01T10:31:22","slug":"userswp-followers","status":"publish","type":"product","link":"https:\/\/gpl-love.com\/fr\/produit\/userswp-followers\/","title":{"rendered":"UsersWP Followers 1.2.12"},"content":{"rendered":"<h3>UsersWP Followers Traits<\/h3>\n<p>UsersWP Followers est un plugin dynamique et innovant con\u00e7u pour am\u00e9liorer l&rsquo;exp\u00e9rience utilisateur sur votre site WordPress. Cet outil robuste permet aux utilisateurs de se suivre et de ne plus se suivre, cr\u00e9ant ainsi un environnement de type r\u00e9seau social qui encourage l&rsquo;engagement et l&rsquo;interaction. Avec UsersWP Followers, vous pouvez attirer plus de visiteurs, augmenter l&rsquo;activit\u00e9 des utilisateurs et am\u00e9liorer les performances globales de votre site. Il est intuitif, convivial et s&rsquo;int\u00e8gre parfaitement \u00e0 votre configuration UsersWP existante. Cet outil offre une solution intelligente pour cr\u00e9er une communaut\u00e9 en ligne plus dynamique et interactive.<\/p>\n<ul>\n<li>UsersWP Followers est un plugin WordPress multifonctionnel con\u00e7u pour am\u00e9liorer l&rsquo;interaction des utilisateurs sur votre site Web.<\/li>\n<li>Ce plugin permet aux utilisateurs de se suivre et de suivre leurs activit\u00e9s sur le site Web, \u00e0 l&rsquo;instar des plateformes de m\u00e9dias sociaux.<\/li>\n<li>UsersWP Followers ajoute un \u00e9l\u00e9ment social attrayant \u00e0 votre site, encourageant les utilisateurs \u00e0 se connecter, \u00e0 interagir et \u00e0 rester plus longtemps.<\/li>\n<li>Il offre un moyen pratique de cr\u00e9er une communaut\u00e9 dynamique et active autour de votre contenu ou de vos services.<\/li>\n<li>Les utilisateurs peuvent facilement visualiser leurs abonn\u00e9s et ceux qu&rsquo;ils suivent, simplifiant ainsi la navigation sur le site Web et am\u00e9liorant l&rsquo;exp\u00e9rience utilisateur.<\/li>\n<li>Avec ce plugin, les utilisateurs re\u00e7oivent des notifications sur les nouvelles publications ou les mises \u00e0 jour de ceux qu&rsquo;ils suivent, encourageant ainsi les visites r\u00e9guli\u00e8res du site.<\/li>\n<li>Il est facile \u00e0 installer et s\u2019int\u00e8gre parfaitement \u00e0 votre site Web WordPress, ne n\u00e9cessitant aucune connaissance technique pour fonctionner.<\/li>\n<li>UsersWP Followers prend en charge la personnalisation, permettant aux utilisateurs de faire correspondre l&rsquo;apparence du plugin avec le th\u00e8me et la mise en page de leur site Web.<\/li>\n<li>Il est enti\u00e8rement compatible avec tous les principaux navigateurs et fonctionne efficacement avec les derni\u00e8res versions de WordPress.<\/li>\n<li>Le plugin comprend une documentation compl\u00e8te pour une configuration et une gestion simples.<\/li>\n<\/ul>\n","protected":false},"excerpt":{"rendered":"<p>UsersWP Followers est un plugin m\u00e9ticuleusement con\u00e7u qui offre une gamme exceptionnelle de fonctionnalit\u00e9s, permettant aux propri\u00e9taires de sites Web, en particulier ceux qui utilisent WordPress, de g\u00e9rer et d&rsquo;interagir sans effort avec leurs abonn\u00e9s de mani\u00e8re tr\u00e8s rationalis\u00e9e. Le plugin, r\u00e9put\u00e9 pour sa simplicit\u00e9, sa convivialit\u00e9 et son efficacit\u00e9, permet aux utilisateurs d&rsquo;attirer, de fid\u00e9liser et d&rsquo;interagir avec des abonn\u00e9s, favorisant ainsi une communaut\u00e9 en ligne dynamique et propulsant la croissance de leur pr\u00e9sence en ligne. Cet outil est dot\u00e9 d&rsquo;une multitude de fonctionnalit\u00e9s, chacune \u00e9tant con\u00e7ue pour r\u00e9pondre \u00e0 un aspect diff\u00e9rent de l&rsquo;engagement des utilisateurs, ce qui en fait un atout indispensable pour tout propri\u00e9taire de site Web souhaitant \u00e9largir sa base de followers et am\u00e9liorer ses strat\u00e9gies d&rsquo;engagement. De plus, UsersWP Followers est non seulement facilement installable, mais \u00e9galement enti\u00e8rement personnalisable, permettant aux utilisateurs d&rsquo;adapter de mani\u00e8re transparente les param\u00e8tres du plugin \u00e0 leurs besoins sp\u00e9cifiques. Ce plugin unique t\u00e9moigne de la puissance d\u2019une gestion efficace des abonn\u00e9s, et ses fonctionnalit\u00e9s robustes et son interface intuitive en font l\u2019outil parfait pour ceux qui cherchent \u00e0 \u00e9lever les performances de leur site Web \u00e0 des sommets sans pr\u00e9c\u00e9dent.<\/p>\n","protected":false},"featured_media":146831,"comment_status":"open","ping_status":"open","template":"","meta":[],"product_brand":[2560],"product_cat":[1300,1181,1186],"product_tag":[1828],"class_list":{"0":"post-138852","1":"product","2":"type-product","3":"status-publish","4":"has-post-thumbnail","6":"product_brand-ayecode","7":"product_cat-adhesion","8":"product_cat-plugins","9":"product_cat-wordpress-plugins","10":"product_tag-ayecode","11":"member-discount","12":"discount-restricted","14":"first","15":"instock","16":"sale","17":"downloadable","18":"virtual","19":"sold-individually","20":"purchasable","21":"product-type-simple"},"_links":{"self":[{"href":"https:\/\/gpl-love.com\/fr\/wp-json\/wp\/v2\/product\/138852","targetHints":{"allow":["GET"]}}],"collection":[{"href":"https:\/\/gpl-love.com\/fr\/wp-json\/wp\/v2\/product"}],"about":[{"href":"https:\/\/gpl-love.com\/fr\/wp-json\/wp\/v2\/types\/product"}],"replies":[{"embeddable":true,"href":"https:\/\/gpl-love.com\/fr\/wp-json\/wp\/v2\/comments?post=138852"}],"wp:featuredmedia":[{"embeddable":true,"href":"https:\/\/gpl-love.com\/fr\/wp-json\/wp\/v2\/media\/146831"}],"wp:attachment":[{"href":"https:\/\/gpl-love.com\/fr\/wp-json\/wp\/v2\/media?parent=138852"}],"wp:term":[{"taxonomy":"product_brand","embeddable":true,"href":"https:\/\/gpl-love.com\/fr\/wp-json\/wp\/v2\/product_brand?post=138852"},{"taxonomy":"product_cat","embeddable":true,"href":"https:\/\/gpl-love.com\/fr\/wp-json\/wp\/v2\/product_cat?post=138852"},{"taxonomy":"product_tag","embeddable":true,"href":"https:\/\/gpl-love.com\/fr\/wp-json\/wp\/v2\/product_tag?post=138852"}],"curies":[{"name":"wp","href":"https:\/\/api.w.org\/{rel}","templated":true}]}}