{"id":138850,"date":"2025-12-15T00:00:00","date_gmt":"2025-12-14T23:00:00","guid":{"rendered":"https:\/\/gpl-love.com\/fr\/produit\/userswp-friends\/"},"modified":"2026-03-21T00:00:05","modified_gmt":"2026-03-20T23:00:05","slug":"userswp-friends","status":"publish","type":"product","link":"https:\/\/gpl-love.com\/fr\/produit\/userswp-friends\/","title":{"rendered":"UsersWP Friends 1.2.12"},"content":{"rendered":"<h3>UsersWP Friends Traits<\/h3>\n<p>UsersWP Friends est un plugin dynamique et hautement interactif con\u00e7u pour am\u00e9liorer les fonctionnalit\u00e9s de r\u00e9seaux sociaux sur votre site Web. Cet outil puissant permet aux utilisateurs de cr\u00e9er, g\u00e9rer et \u00e9largir leur liste d&rsquo;amis, favorisant ainsi une communaut\u00e9 en ligne plus engageante et connect\u00e9e. Avec UsersWP Friends, les utilisateurs peuvent envoyer et recevoir des demandes d&rsquo;amis, accepter ou refuser des demandes et avoir un aper\u00e7u simple de leurs amis. Ce plugin est facile \u00e0 int\u00e9grer et compatible avec n\u2019importe quel th\u00e8me WordPress, ce qui en fait un choix parfait pour les sites Web visant \u00e0 favoriser les interactions sociales et le r\u00e9seautage entre leurs utilisateurs. Il est con\u00e7u pour optimiser l&rsquo;interaction des utilisateurs, am\u00e9liorer l&rsquo;engagement de la communaut\u00e9 et augmenter le trafic du site Web. Am\u00e9liorez l&rsquo;exp\u00e9rience sociale de votre site Web avec UsersWP Friends.<\/p>\n<ul>\n<li>UsersWP Friends est un plugin dynamique et convivial pour les sites Web WordPress.<\/li>\n<li>Ce produit permet aux utilisateurs de cr\u00e9er, g\u00e9rer et personnaliser facilement les connexions entre amis au sein de la communaut\u00e9 UsersWP.<\/li>\n<li>Offre des fonctionnalit\u00e9s s\u00e9curis\u00e9es et fiables pour ajouter, accepter ou rejeter des demandes d&rsquo;amis, b\u00e9n\u00e9ficiant \u00e0 la fois aux utilisateurs r\u00e9guliers et aux administrateurs de sites Web.<\/li>\n<li>S&rsquo;int\u00e8gre parfaitement au plugin UsersWP, am\u00e9liorant l&rsquo;exp\u00e9rience utilisateur en cr\u00e9ant une plate-forme communautaire plus interactive et engageante.<\/li>\n<li>Fournit un syst\u00e8me de notification simplifi\u00e9 pour les demandes d&rsquo;amis, les mises \u00e0 jour et les messages.<\/li>\n<li>Il permet aux utilisateurs de cr\u00e9er leur cercle d&rsquo;amis au sein de la communaut\u00e9, rendant la plateforme plus personnalis\u00e9e et centr\u00e9e sur l&rsquo;utilisateur.<\/li>\n<li>Offre une excellente compatibilit\u00e9 de conception avec tous les th\u00e8mes WordPress, garantissant que l&rsquo;attrait esth\u00e9tique du site Web reste intact.<\/li>\n<li>Livr\u00e9 avec des mises \u00e0 jour r\u00e9guli\u00e8res et un support client d\u00e9di\u00e9, offrant aux utilisateurs des performances constantes et une r\u00e9solution rapide des probl\u00e8mes.<\/li>\n<\/ul>\n","protected":false},"excerpt":{"rendered":"<p>Plongez-vous dans l&rsquo;univers fantastique de UsersWP Friends, un produit qui utilise l&rsquo;innovation et la commodit\u00e9 pour favoriser les interactions num\u00e9riques. Ce logiciel convivial est con\u00e7u pour connecter les personnes au sein d&rsquo;un r\u00e9seau exclusif adapt\u00e9 \u00e0 votre propre site Web, permettant aux abonn\u00e9s de votre site de s&rsquo;engager, d&rsquo;interagir, d&rsquo;\u00e9tablir des relations et d&rsquo;\u00e9largir leurs cercles. Agr\u00e9ment\u00e9 de fonctionnalit\u00e9s de pointe, UsersWP Friends \u00e9tend une exp\u00e9rience utilisateur captivante, s\u00e9curis\u00e9e et intuitive. De l&rsquo;organisation de contacts \u00e0 l&rsquo;envoi de messages priv\u00e9s, ce produit propose une vaste gamme de fonctionnalit\u00e9s qui permettent aux utilisateurs de g\u00e9rer leurs connexions de mani\u00e8re transparente.<\/p>\n<p>Ce qui distingue vraiment UsersWP Friends, ce sont ses param\u00e8tres de confidentialit\u00e9 int\u00e9gr\u00e9s, une fonctionnalit\u00e9 soigneusement con\u00e7ue pour prot\u00e9ger l&rsquo;autonomie et la s\u00e9curit\u00e9 num\u00e9riques de l&rsquo;utilisateur. Les utilisateurs peuvent personnaliser leurs param\u00e8tres de confidentialit\u00e9 en indiquant qui peut leur envoyer des demandes d&rsquo;amiti\u00e9, afficher les d\u00e9tails de leur profil et interagir avec eux, garantissant ainsi que leur exp\u00e9rience en ligne est \u00e0 la fois enrichissante et s\u00fbre.<\/p>\n<p>Non seulement cela, mais UsersWP Friends fournit \u00e9galement un syst\u00e8me de recherche efficace permettant aux utilisateurs de d\u00e9couvrir et de se connecter avec de nouveaux amis sans effort. En int\u00e9grant cette fonctionnalit\u00e9, UsersWP Friends r\u00e9volutionne la fa\u00e7on dont les gens se connectent et s&rsquo;engagent au sein d&rsquo;une communaut\u00e9 en ligne, favorisant un environnement de camaraderie et de respect mutuel.<\/p>\n<p>Essentiellement, UsersWP Friends est plus qu\u2019un simple logiciel relationnel ; c&rsquo;est une plateforme innovante qui renforce les liens communautaires, inspire les collaborations et permet aux utilisateurs de contr\u00f4ler leurs interactions en ligne. En choisissant UsersWP Friends pour votre site Web, vous ne faites pas seulement un choix de logiciel ; vous investissez dans une communaut\u00e9 meilleure et plus connect\u00e9e.<\/p>\n","protected":false},"featured_media":146830,"comment_status":"open","ping_status":"open","template":"","meta":[],"product_brand":[2560],"product_cat":[1300,1181,1186],"product_tag":[1828],"class_list":{"0":"post-138850","1":"product","2":"type-product","3":"status-publish","4":"has-post-thumbnail","6":"product_brand-ayecode","7":"product_cat-adhesion","8":"product_cat-plugins","9":"product_cat-wordpress-plugins","10":"product_tag-ayecode","11":"member-discount","12":"discount-restricted","14":"first","15":"instock","16":"sale","17":"downloadable","18":"virtual","19":"sold-individually","20":"purchasable","21":"product-type-simple"},"_links":{"self":[{"href":"https:\/\/gpl-love.com\/fr\/wp-json\/wp\/v2\/product\/138850","targetHints":{"allow":["GET"]}}],"collection":[{"href":"https:\/\/gpl-love.com\/fr\/wp-json\/wp\/v2\/product"}],"about":[{"href":"https:\/\/gpl-love.com\/fr\/wp-json\/wp\/v2\/types\/product"}],"replies":[{"embeddable":true,"href":"https:\/\/gpl-love.com\/fr\/wp-json\/wp\/v2\/comments?post=138850"}],"wp:featuredmedia":[{"embeddable":true,"href":"https:\/\/gpl-love.com\/fr\/wp-json\/wp\/v2\/media\/146830"}],"wp:attachment":[{"href":"https:\/\/gpl-love.com\/fr\/wp-json\/wp\/v2\/media?parent=138850"}],"wp:term":[{"taxonomy":"product_brand","embeddable":true,"href":"https:\/\/gpl-love.com\/fr\/wp-json\/wp\/v2\/product_brand?post=138850"},{"taxonomy":"product_cat","embeddable":true,"href":"https:\/\/gpl-love.com\/fr\/wp-json\/wp\/v2\/product_cat?post=138850"},{"taxonomy":"product_tag","embeddable":true,"href":"https:\/\/gpl-love.com\/fr\/wp-json\/wp\/v2\/product_tag?post=138850"}],"curies":[{"name":"wp","href":"https:\/\/api.w.org\/{rel}","templated":true}]}}