{"id":138846,"date":"2026-04-16T00:00:00","date_gmt":"2026-04-15T22:00:00","guid":{"rendered":"https:\/\/gpl-love.com\/fr\/produit\/userswp-user-to-user-private-messages\/"},"modified":"2026-04-17T00:31:42","modified_gmt":"2026-04-16T22:31:42","slug":"userswp-user-to-user-private-messages","status":"publish","type":"product","link":"https:\/\/gpl-love.com\/fr\/produit\/userswp-user-to-user-private-messages\/","title":{"rendered":"UsersWP User to User Private Messages 1.1.7"},"content":{"rendered":"<h3>UsersWP User to User Private Messages Traits<\/h3>\n<p>UsersWP Private Messaging est un plugin puissant et intuitif qui permet aux utilisateurs de communiquer directement au sein d&rsquo;un site Web aliment\u00e9 par UserWP. Ce plugin am\u00e9liore l&rsquo;interaction des utilisateurs en fournissant une plate-forme s\u00e9curis\u00e9e et priv\u00e9e pour la messagerie directe. Il est facile \u00e0 installer et \u00e0 int\u00e9grer, et une fois activ\u00e9, les utilisateurs peuvent envoyer, recevoir et g\u00e9rer des messages \u00e0 partir de leur profil UserWP. La messagerie priv\u00e9e UsersWP peut stimuler efficacement l&rsquo;engagement des utilisateurs, cr\u00e9ant un sentiment de communaut\u00e9 et favorisant des relations plus personnalis\u00e9es. Id\u00e9al pour les sites de r\u00e9seaux sociaux, les forums ou toute plateforme en ligne n\u00e9cessitant une interaction de l\u2019utilisateur. Il est dot\u00e9 de fonctionnalit\u00e9s robustes telles que des alertes de notification pour les nouveaux messages, une fonction de recherche de messages et une interface conviviale. Faites l&rsquo;exp\u00e9rience d&rsquo;une messagerie priv\u00e9e transparente avec la messagerie priv\u00e9e UsersWP.<\/p>\n<ul>\n<li>UsersWP Private Messaging est un plugin riche en fonctionnalit\u00e9s con\u00e7u pour am\u00e9liorer la communication entre les utilisateurs sur un site WordPress.<\/li>\n<li>Il permet aux utilisateurs d&rsquo;\u00e9changer des messages priv\u00e9s, favorisant ainsi un environnement s\u00e9curis\u00e9 et interactif.<\/li>\n<li>Le plugin est livr\u00e9 avec une interface intuitive, permettant aux utilisateurs de naviguer et de g\u00e9rer facilement leurs messages.<\/li>\n<li>Il fournit une bo\u00eete de r\u00e9ception s\u00e9par\u00e9e, des \u00e9l\u00e9ments envoy\u00e9s et des dossiers poubelle pour une meilleure organisation des messages.<\/li>\n<li>Le plugin prend en charge les pi\u00e8ces jointes, permettant aux utilisateurs d&rsquo;envoyer des fichiers dans leurs messages priv\u00e9s.<\/li>\n<li>UsersWP Private Messaging propose \u00e9galement des notifications en temps r\u00e9el, alertant les utilisateurs lorsqu&rsquo;ils re\u00e7oivent de nouveaux messages.<\/li>\n<li>Le plugin s&rsquo;int\u00e8gre parfaitement \u00e0 WordPress et aux autres modules compl\u00e9mentaires UsersWP pour une exp\u00e9rience utilisateur coh\u00e9rente.<\/li>\n<li>Il garantit \u00e9galement la confidentialit\u00e9 et la s\u00e9curit\u00e9 en cryptant tous les messages pour prot\u00e9ger les informations sensibles.<\/li>\n<li>Les utilisateurs peuvent \u00e9galement bloquer ou signaler d&rsquo;autres utilisateurs, leur permettant ainsi de contr\u00f4ler qui peut leur envoyer des messages.<\/li>\n<li>Le plugin re\u00e7oit des mises \u00e0 jour r\u00e9guli\u00e8res pour des performances am\u00e9lior\u00e9es et de nouvelles fonctionnalit\u00e9s.<\/li>\n<\/ul>\n","protected":false},"excerpt":{"rendered":"<p>UsersWP Private Messaging est un outil incroyablement polyvalent et tr\u00e8s complexe, con\u00e7u en pensant \u00e0 l&rsquo;utilisateur. Ce plugin riche en fonctionnalit\u00e9s s&rsquo;int\u00e9grera de mani\u00e8re transparente \u00e0 votre configuration UsersWP, permettant la libre circulation des messages priv\u00e9s entre les utilisateurs, cr\u00e9ant ainsi un environnement interactif profond\u00e9ment engageant. Il s&rsquo;agit de la solution ultime pour ceux qui souhaitent favoriser une meilleure communication au sein de leur communaut\u00e9 en ligne, offrant la possibilit\u00e9 de se connecter, de communiquer et de collaborer de mani\u00e8re priv\u00e9e et s\u00e9curis\u00e9e. Son caract\u00e8re intuitif et sa conception conviviale le distingue des autres outils similaires, consolidant ainsi sa place en tant qu&rsquo;option incontournable pour la messagerie priv\u00e9e dans un contexte UsersWP. Le plugin, dans son essence, fournit une plate-forme robuste permettant aux utilisateurs non seulement de partager des id\u00e9es, mais \u00e9galement d&rsquo;\u00e9tablir des connexions significatives, tout en pr\u00e9servant leur confidentialit\u00e9. Avec UsersWP Private Messaging, on peut d\u00e9couvrir le dynamisme et la commodit\u00e9 de la messagerie instantan\u00e9e directement sur son site Web, portant l&rsquo;interaction des utilisateurs \u00e0 un tout autre niveau. Et le meilleur ? L&rsquo;installation et la configuration sont un jeu d&rsquo;enfant, garantissant que l&rsquo;utilisateur peut d\u00e9marrer sans aucun d\u00e9lai. Ainsi, que vous soyez un particulier g\u00e9rant un blog ou une entreprise lan\u00e7ant un site Web orient\u00e9 utilisateur, UsersWP Private Messaging est un ajout essentiel \u00e0 votre bo\u00eete \u00e0 outils qui ne manquera pas d&rsquo;enrichir l&rsquo;exp\u00e9rience de votre utilisateur.<\/p>\n","protected":false},"featured_media":146828,"comment_status":"open","ping_status":"open","template":"","meta":[],"product_brand":[2560],"product_cat":[1300,1181,1186],"product_tag":[1828],"class_list":{"0":"post-138846","1":"product","2":"type-product","3":"status-publish","4":"has-post-thumbnail","6":"product_brand-ayecode","7":"product_cat-adhesion","8":"product_cat-plugins","9":"product_cat-wordpress-plugins","10":"product_tag-ayecode","11":"member-discount","12":"discount-restricted","14":"first","15":"instock","16":"sale","17":"downloadable","18":"virtual","19":"sold-individually","20":"purchasable","21":"product-type-simple"},"_links":{"self":[{"href":"https:\/\/gpl-love.com\/fr\/wp-json\/wp\/v2\/product\/138846","targetHints":{"allow":["GET"]}}],"collection":[{"href":"https:\/\/gpl-love.com\/fr\/wp-json\/wp\/v2\/product"}],"about":[{"href":"https:\/\/gpl-love.com\/fr\/wp-json\/wp\/v2\/types\/product"}],"replies":[{"embeddable":true,"href":"https:\/\/gpl-love.com\/fr\/wp-json\/wp\/v2\/comments?post=138846"}],"wp:featuredmedia":[{"embeddable":true,"href":"https:\/\/gpl-love.com\/fr\/wp-json\/wp\/v2\/media\/146828"}],"wp:attachment":[{"href":"https:\/\/gpl-love.com\/fr\/wp-json\/wp\/v2\/media?parent=138846"}],"wp:term":[{"taxonomy":"product_brand","embeddable":true,"href":"https:\/\/gpl-love.com\/fr\/wp-json\/wp\/v2\/product_brand?post=138846"},{"taxonomy":"product_cat","embeddable":true,"href":"https:\/\/gpl-love.com\/fr\/wp-json\/wp\/v2\/product_cat?post=138846"},{"taxonomy":"product_tag","embeddable":true,"href":"https:\/\/gpl-love.com\/fr\/wp-json\/wp\/v2\/product_tag?post=138846"}],"curies":[{"name":"wp","href":"https:\/\/api.w.org\/{rel}","templated":true}]}}