{"id":138842,"date":"2024-01-12T00:00:00","date_gmt":"2024-01-11T23:00:00","guid":{"rendered":"https:\/\/gpl-love.com\/fr\/produit\/userswp-mycred\/"},"modified":"2026-03-21T00:00:02","modified_gmt":"2026-03-20T23:00:02","slug":"userswp-mycred","status":"publish","type":"product","link":"https:\/\/gpl-love.com\/fr\/produit\/userswp-mycred\/","title":{"rendered":"UsersWP MyCred 1.2.7"},"content":{"rendered":"<h3>UsersWP MyCred Traits<\/h3>\n<p>UsersWP MyCred est un plugin incroyablement puissant et strat\u00e9gique qui int\u00e8gre de mani\u00e8re transparente MyCred \u00e0 votre site UsersWP. Ce plugin ajoute plus de fonctionnalit\u00e9s \u00e0 votre site Web, permettant aux utilisateurs de gagner des points, des badges et des classements en fonction de leurs actions. Avec UsersWP MyCred, vous pouvez cr\u00e9er une exp\u00e9rience utilisateur plus engageante et interactive sur votre site. Les utilisateurs peuvent \u00eatre r\u00e9compens\u00e9s pour une gamme d&rsquo;activit\u00e9s, depuis des t\u00e2ches simples comme se connecter ou publier une publication, jusqu&rsquo;\u00e0 des actions plus complexes comme gagner un concours. Il vous permet de mettre en place un syst\u00e8me de r\u00e9compense complet qui encourage efficacement l&rsquo;engagement et la fid\u00e9lit\u00e9 des utilisateurs. De plus, il est facile \u00e0 configurer et enti\u00e8rement personnalisable, vous permettant ainsi d&rsquo;adapter le syst\u00e8me aux besoins sp\u00e9cifiques de votre site.<\/p>\n<ul>\n<li>UsersWP MyCred est un puissant plugin WordPress con\u00e7u pour am\u00e9liorer l&rsquo;exp\u00e9rience et l&rsquo;engagement des utilisateurs.<\/li>\n<li>Cet outil vous permet de r\u00e9compenser vos utilisateurs avec des points num\u00e9riques pour interagir avec votre site Web, cr\u00e9ant ainsi un environnement dynamique et gamifi\u00e9.<\/li>\n<li>Les utilisateurs peuvent gagner des points pour diverses activit\u00e9s telles que la publication de publications, les commentaires, les connexions quotidiennes, etc.<\/li>\n<li>Il comprend un syst\u00e8me robuste de gestion des points, permettant aux administrateurs de suivre et de g\u00e9rer facilement la distribution des points.<\/li>\n<li>Avec UsersWP MyCred, vous pouvez \u00e9galement cr\u00e9er un syst\u00e8me de classement, favorisant un esprit de comp\u00e9tition parmi les utilisateurs et favorisant un engagement continu.<\/li>\n<li>Ce plugin est enti\u00e8rement personnalisable, vous permettant de modifier la valeur des points et le syst\u00e8me d&rsquo;activit\u00e9 en fonction des besoins de votre site.<\/li>\n<li>Il s&rsquo;int\u00e8gre parfaitement \u00e0 votre site Web WordPress, offrant une interface conviviale pour les administrateurs et les utilisateurs.<\/li>\n<li>UsersWP MyCred prend en charge les codes courts, ce qui facilite l&rsquo;affichage des points et des classements des utilisateurs sur n&rsquo;importe quelle partie de votre site Web.<\/li>\n<li>Il est con\u00e7u dans un souci de s\u00e9curit\u00e9, garantissant une allocation \u00e9quitable des points et emp\u00eachant la manipulation des points.<\/li>\n<li>Avec ce plugin, vous pouvez cr\u00e9er une communaut\u00e9 d\u00e9di\u00e9e sur votre site Web, augmentant ainsi la fid\u00e9lit\u00e9 des utilisateurs et augmentant le trafic du site.<\/li>\n<\/ul>\n","protected":false},"excerpt":{"rendered":"<p>UsersWP MyCred est un plugin WordPress exceptionnellement con\u00e7u qui offre un niveau de fonctionnalit\u00e9 in\u00e9gal\u00e9 \u00e0 votre site Web, am\u00e9liorant l&rsquo;interaction des utilisateurs et la gestion du contenu. Intuitif et convivial, cet \u00e9l\u00e9gant plugin facilite un syst\u00e8me de gestion complet, vous donnant ainsi un contr\u00f4le total sur les interactions des utilisateurs de votre site Web. Avec UsersWP MyCred, vous pouvez int\u00e9grer de mani\u00e8re transparente un programme de r\u00e9compense num\u00e9rique dans votre site WordPress, encourageant les utilisateurs \u00e0 s&rsquo;engager et \u00e0 interagir plus activement.<\/p>\n<p>Ce plugin innovant a \u00e9t\u00e9 m\u00e9ticuleusement con\u00e7u, int\u00e9grant un syst\u00e8me de gestion de points unique qui favorisera sans aucun doute une exp\u00e9rience utilisateur plus interactive. UsersWP MyCred non seulement suit et g\u00e8re les points des utilisateurs, mais il vous permet \u00e9galement d&rsquo;\u00e9tablir un syst\u00e8me complexe de r\u00e9compenses qui peut \u00eatre personnalis\u00e9 pour r\u00e9pondre aux besoins individuels de votre site Web. Cet outil polyvalent transforme les t\u00e2ches administratives banales en activit\u00e9s engageantes qui se traduisent par une participation accrue des utilisateurs.<\/p>\n<p>Outre sa fonction principale, UsersWP MyCred est \u00e9galement \u00e9quip\u00e9 d&rsquo;une multitude de fonctionnalit\u00e9s sophistiqu\u00e9es, notamment un syst\u00e8me de shortcodes robuste, un tableau de bord facile \u00e0 utiliser et un syst\u00e8me de points\/badges adaptable. Cette flexibilit\u00e9 inh\u00e9rente garantit que votre site Web peut r\u00e9pondre \u00e0 un large \u00e9ventail de pr\u00e9f\u00e9rences et de comportements d&rsquo;utilisateurs, am\u00e9liorant ainsi l&rsquo;exp\u00e9rience utilisateur globale.<\/p>\n<p>Essentiellement, UsersWP MyCred n&rsquo;est pas seulement un plugin, c&rsquo;est une solution compl\u00e8te qui combine des fonctionnalit\u00e9s avec une interface intuitive pour offrir une exp\u00e9rience utilisateur transparente. Ce produit remarquable parvient \u00e0 r\u00e9sumer l&rsquo;essence de l&rsquo;interaction utilisateur, ce qui en fait un outil inestimable pour tout propri\u00e9taire de site WordPress cherchant \u00e0 favoriser un environnement plus interactif et engageant. Avec UsersWP MyCred, vous pouvez facilement faire passer votre site Web d&rsquo;une plate-forme de base \u00e0 un hub dynamique et interactif qui r\u00e9sonne avec votre public.<\/p>\n","protected":false},"featured_media":146826,"comment_status":"open","ping_status":"open","template":"","meta":[],"product_brand":[2560],"product_cat":[1300,1181,1186],"product_tag":[1828],"class_list":{"0":"post-138842","1":"product","2":"type-product","3":"status-publish","4":"has-post-thumbnail","6":"product_brand-ayecode","7":"product_cat-adhesion","8":"product_cat-plugins","9":"product_cat-wordpress-plugins","10":"product_tag-ayecode","11":"member-discount","12":"discount-restricted","14":"first","15":"instock","16":"sale","17":"downloadable","18":"virtual","19":"sold-individually","20":"purchasable","21":"product-type-simple"},"_links":{"self":[{"href":"https:\/\/gpl-love.com\/fr\/wp-json\/wp\/v2\/product\/138842","targetHints":{"allow":["GET"]}}],"collection":[{"href":"https:\/\/gpl-love.com\/fr\/wp-json\/wp\/v2\/product"}],"about":[{"href":"https:\/\/gpl-love.com\/fr\/wp-json\/wp\/v2\/types\/product"}],"replies":[{"embeddable":true,"href":"https:\/\/gpl-love.com\/fr\/wp-json\/wp\/v2\/comments?post=138842"}],"wp:featuredmedia":[{"embeddable":true,"href":"https:\/\/gpl-love.com\/fr\/wp-json\/wp\/v2\/media\/146826"}],"wp:attachment":[{"href":"https:\/\/gpl-love.com\/fr\/wp-json\/wp\/v2\/media?parent=138842"}],"wp:term":[{"taxonomy":"product_brand","embeddable":true,"href":"https:\/\/gpl-love.com\/fr\/wp-json\/wp\/v2\/product_brand?post=138842"},{"taxonomy":"product_cat","embeddable":true,"href":"https:\/\/gpl-love.com\/fr\/wp-json\/wp\/v2\/product_cat?post=138842"},{"taxonomy":"product_tag","embeddable":true,"href":"https:\/\/gpl-love.com\/fr\/wp-json\/wp\/v2\/product_tag?post=138842"}],"curies":[{"name":"wp","href":"https:\/\/api.w.org\/{rel}","templated":true}]}}