{"id":138840,"date":"2025-09-17T00:00:00","date_gmt":"2025-09-16T22:00:00","guid":{"rendered":"https:\/\/gpl-love.com\/fr\/produit\/userswp-online-users\/"},"modified":"2026-03-21T00:00:01","modified_gmt":"2026-03-20T23:00:01","slug":"userswp-online-users","status":"publish","type":"product","link":"https:\/\/gpl-love.com\/fr\/produit\/userswp-online-users\/","title":{"rendered":"UsersWP Online Users 1.2.6"},"content":{"rendered":"<h3>UsersWP Online Users Traits<\/h3>\n<p>UsersWP Online est un plugin WordPress puissant et convivial con\u00e7u pour rendre la gestion des utilisateurs plus simple et plus efficace. Il vous permet de cr\u00e9er, modifier et g\u00e9rer facilement des profils utilisateur, des recherches d&rsquo;utilisateurs, des champs personnalis\u00e9s et bien plus encore. Avec son interface intuitive et ses fonctionnalit\u00e9s avanc\u00e9es, UsersWP Online permet de g\u00e9rer sans effort de grands volumes d&rsquo;utilisateurs et de personnaliser leurs exp\u00e9riences. Que vous soyez d\u00e9butant ou d\u00e9veloppeur exp\u00e9riment\u00e9, ce plugin offre flexibilit\u00e9 et \u00e9volutivit\u00e9 pour r\u00e9pondre \u00e0 vos besoins. Am\u00e9liorez les fonctionnalit\u00e9s de votre site WordPress et am\u00e9liorez l&rsquo;exp\u00e9rience de votre utilisateur avec UsersWP Online.<\/p>\n<ul>\n<li>UsersWP Online est un plugin WordPress puissant et convivial.<\/li>\n<li>Il vous permet de cr\u00e9er des r\u00e9pertoires d&rsquo;utilisateurs avanc\u00e9s et d&rsquo;ajouter un nombre illimit\u00e9 de champs et de filtres personnalis\u00e9s.<\/li>\n<li>Cette plateforme est parfaite pour les entreprises et les particuliers qui souhaitent g\u00e9rer efficacement leur base de donn\u00e9es d&rsquo;utilisateurs.<\/li>\n<li>UsersWP Online vous permet de concevoir et de mettre en \u0153uvre n&rsquo;importe quel formulaire de votre choix, des simples formulaires de contact aux formulaires d&rsquo;inscription d&rsquo;utilisateurs complets.<\/li>\n<li>Il est livr\u00e9 avec une interface intuitive et facile \u00e0 utiliser qui ne n\u00e9cessite aucune connaissance en codage pour fonctionner.<\/li>\n<li>Le produit est hautement personnalisable et polyvalent pour r\u00e9pondre \u00e0 vos besoins uniques en mati\u00e8re de conception de site Web et de gestion des utilisateurs.<\/li>\n<li>Les utilisateurs peuvent profiter d&rsquo;une int\u00e9gration transparente avec d&rsquo;autres plugins populaires, am\u00e9liorant ainsi ses fonctionnalit\u00e9s et sa convivialit\u00e9.<\/li>\n<li>Il prend en charge l&rsquo;ajout de profils d&rsquo;utilisateurs et de pages de compte, vous permettant de cr\u00e9er une communaut\u00e9 plus engageante et interactive.<\/li>\n<li>UsersWP Online offre un service client de premier ordre pour vous aider en cas de probl\u00e8me ou de demande de renseignements.<\/li>\n<\/ul>\n","protected":false},"excerpt":{"rendered":"<p>UsersWP Online est un outil r\u00e9volutionnaire et innovant m\u00e9ticuleusement con\u00e7u pour r\u00e9volutionner la fa\u00e7on dont les utilisateurs interagissent avec les sites Web. Ce produit remarquable est le fruit de l&rsquo;imagination d&rsquo;une \u00e9quipe de d\u00e9veloppeurs Web d\u00e9vou\u00e9s qui ont mis en commun leurs comp\u00e9tences et leur expertise pour cr\u00e9er une plateforme intuitive et facile \u00e0 naviguer pour les utilisateurs Internet quotidiens. Avec UsersWP Online, vous pouvez g\u00e9rer sans effort votre pr\u00e9sence en ligne, un aspect essentiel dans le monde num\u00e9rique dans lequel nous vivons aujourd&rsquo;hui.<\/p>\n<p>Ce produit t\u00e9moigne du m\u00e9lange de fonctionnalit\u00e9 et de simplicit\u00e9 ; il fournit une plate-forme centralis\u00e9e \u00e0 partir de laquelle vous pouvez g\u00e9rer vos profils d&rsquo;utilisateurs, vos listes d&rsquo;utilisateurs, vos formulaires d&rsquo;inscription et vos formulaires de connexion, entre autres fonctionnalit\u00e9s. La magie derri\u00e8re ce produit r\u00e9side dans sa capacit\u00e9 \u00e0 prendre en charge des t\u00e2ches complexes et \u00e0 les simplifier en processus g\u00e9rables et conviviaux. Sa conception robuste garantit qu&rsquo;il peut g\u00e9rer n&rsquo;importe quelle charge de trafic, tandis que sa flexibilit\u00e9 vous permet de le personnaliser pour r\u00e9pondre \u00e0 vos besoins sp\u00e9cifiques.<\/p>\n<p>UsersWP Online est un outil incroyable qui vous permet de prendre le contr\u00f4le de votre site Web. Ce produit est con\u00e7u avec un seul objectif en t\u00eate\u00a0: offrir une exp\u00e9rience utilisateur in\u00e9gal\u00e9e, transparente, efficace et agr\u00e9able. Ceci est r\u00e9alis\u00e9 en incorporant des fonctionnalit\u00e9s avanc\u00e9es con\u00e7ues pour am\u00e9liorer l\u2019interaction et l\u2019engagement des utilisateurs.<\/p>\n<p>De plus, UsersWP Online est compatible avec presque tous les types de sites Web, qu&rsquo;il s&rsquo;agisse d&rsquo;un simple site de blog, d&rsquo;une boutique en ligne, d&rsquo;un site Web d&rsquo;entreprise ou d&rsquo;un forum communautaire. Cette adaptabilit\u00e9 diversifi\u00e9e t\u00e9moigne de la fa\u00e7on dont ce produit a \u00e9t\u00e9 d\u00e9velopp\u00e9 en pensant \u00e0 l&rsquo;utilisateur. Son interface facile \u00e0 utiliser garantit que vous pouvez exploiter tout le potentiel de l&rsquo;outil, quelle que soit votre expertise technique.<\/p>\n<p>En conclusion, UsersWP Online n&rsquo;est pas seulement un outil, mais plut\u00f4t une solution globale pour g\u00e9rer votre pr\u00e9sence en ligne. Son ensemble complet de fonctionnalit\u00e9s, son interface conviviale et sa conception robuste en font un atout essentiel pour tout propri\u00e9taire de site Web. Avec UsersWP Online, le pouvoir de fa\u00e7onner votre pr\u00e9sence en ligne est entre vos mains.<\/p>\n","protected":false},"featured_media":146825,"comment_status":"open","ping_status":"open","template":"","meta":[],"product_brand":[2560],"product_cat":[1300,1181,1186],"product_tag":[1828],"class_list":{"0":"post-138840","1":"product","2":"type-product","3":"status-publish","4":"has-post-thumbnail","6":"product_brand-ayecode","7":"product_cat-adhesion","8":"product_cat-plugins","9":"product_cat-wordpress-plugins","10":"product_tag-ayecode","11":"member-discount","12":"discount-restricted","14":"first","15":"instock","16":"sale","17":"downloadable","18":"virtual","19":"sold-individually","20":"purchasable","21":"product-type-simple"},"_links":{"self":[{"href":"https:\/\/gpl-love.com\/fr\/wp-json\/wp\/v2\/product\/138840","targetHints":{"allow":["GET"]}}],"collection":[{"href":"https:\/\/gpl-love.com\/fr\/wp-json\/wp\/v2\/product"}],"about":[{"href":"https:\/\/gpl-love.com\/fr\/wp-json\/wp\/v2\/types\/product"}],"replies":[{"embeddable":true,"href":"https:\/\/gpl-love.com\/fr\/wp-json\/wp\/v2\/comments?post=138840"}],"wp:featuredmedia":[{"embeddable":true,"href":"https:\/\/gpl-love.com\/fr\/wp-json\/wp\/v2\/media\/146825"}],"wp:attachment":[{"href":"https:\/\/gpl-love.com\/fr\/wp-json\/wp\/v2\/media?parent=138840"}],"wp:term":[{"taxonomy":"product_brand","embeddable":true,"href":"https:\/\/gpl-love.com\/fr\/wp-json\/wp\/v2\/product_brand?post=138840"},{"taxonomy":"product_cat","embeddable":true,"href":"https:\/\/gpl-love.com\/fr\/wp-json\/wp\/v2\/product_cat?post=138840"},{"taxonomy":"product_tag","embeddable":true,"href":"https:\/\/gpl-love.com\/fr\/wp-json\/wp\/v2\/product_tag?post=138840"}],"curies":[{"name":"wp","href":"https:\/\/api.w.org\/{rel}","templated":true}]}}