{"id":138838,"date":"2025-05-23T00:00:00","date_gmt":"2025-05-22T22:00:00","guid":{"rendered":"https:\/\/gpl-love.com\/fr\/produit\/userswp-profile-progress\/"},"modified":"2026-03-21T00:00:01","modified_gmt":"2026-03-20T23:00:01","slug":"userswp-profile-progress","status":"publish","type":"product","link":"https:\/\/gpl-love.com\/fr\/produit\/userswp-profile-progress\/","title":{"rendered":"UsersWP Profile Progress 1.2.9"},"content":{"rendered":"<h3>UsersWP Profile Progress Traits<\/h3>\n<p>UsersWP Profile Progress est un plugin innovant con\u00e7u pour am\u00e9liorer l&rsquo;engagement des utilisateurs sur votre site Web. Cet outil motive efficacement vos utilisateurs \u00e0 compl\u00e9ter leur profil en pr\u00e9sentant visuellement la progression de leur profil. Avec une interface claire et intuitive, UsersWP Profile Progress affiche une barre de progression sur la page de profil de chaque utilisateur, indiquant le pourcentage d&rsquo;ach\u00e8vement et encourageant les utilisateurs \u00e0 fournir plus d&rsquo;informations. Ce produit est hautement personnalisable, vous permettant de d\u00e9finir les champs requis pour un profil 100 % complet. Il est facile \u00e0 installer, convivial et s&rsquo;int\u00e8gre parfaitement \u00e0 votre configuration UsersWP existante, ce qui en fait un outil indispensable pour tout site Web qui valorise l&rsquo;interaction et la participation des utilisateurs.<\/p>\n<ul>\n<li>UsersWP Profile Progress est un plugin dynamique con\u00e7u pour am\u00e9liorer l&rsquo;engagement des utilisateurs sur votre site Web.<\/li>\n<li>Encourage les utilisateurs \u00e0 compl\u00e9ter leur profil en affichant une barre de progression visuelle indiquant le pourcentage d&rsquo;ach\u00e8vement du profil.<\/li>\n<li>Capable d&rsquo;attribuer des pond\u00e9rations \u00e0 diff\u00e9rents champs de profil, permettant une approche personnalis\u00e9e de la progression du profil.<\/li>\n<li>Peut \u00eatre facilement int\u00e9gr\u00e9 \u00e0 n\u2019importe quel site WordPress, le rendant polyvalent et adaptable.<\/li>\n<li>Fournit une option pour rappeler aux utilisateurs de compl\u00e9ter leur profil, contribuant ainsi \u00e0 am\u00e9liorer l\u2019activit\u00e9 et l\u2019interaction des utilisateurs.<\/li>\n<li>Livr\u00e9 avec une interface simple et conviviale, facile \u00e0 comprendre et \u00e0 naviguer.<\/li>\n<li>Peut \u00eatre personnalis\u00e9 pour correspondre \u00e0 la conception globale et \u00e0 l\u2019esth\u00e9tique de votre site Web, offrant une int\u00e9gration visuelle transparente.<\/li>\n<li>Favorise la satisfaction et l&rsquo;engagement des utilisateurs en r\u00e9compensant les profils compl\u00e9t\u00e9s, am\u00e9liorant ainsi le taux de r\u00e9tention des utilisateurs.<\/li>\n<li>Mises \u00e0 jour r\u00e9guli\u00e8res et assistance professionnelle disponibles, garantissant que le plugin est toujours \u00e0 jour et que les probl\u00e8mes sont rapidement r\u00e9solus.<\/li>\n<li>L&rsquo;installation et la configuration sont simples et le plugin est livr\u00e9 avec une documentation compl\u00e8te pour vous aider.<\/li>\n<\/ul>\n","protected":false},"excerpt":{"rendered":"<p>UsersWP Profile Progress est un produit dynamique et interactif qui porte le concept d&rsquo;engagement des utilisateurs vers de nouveaux sommets. Cet outil puissant a \u00e9t\u00e9 m\u00e9ticuleusement con\u00e7u pour am\u00e9liorer les profils des utilisateurs tout en favorisant et en encourageant l&rsquo;activit\u00e9 des utilisateurs. Il fonctionne en pr\u00e9sentant aux utilisateurs une barre de progression visuellement attrayante, qui suit et affiche le niveau d&rsquo;ach\u00e8vement de leurs profils, leur procurant ainsi un sentiment d&rsquo;accomplissement lorsqu&rsquo;ils continuent d&rsquo;interagir avec la plateforme. Cette barre de progression n\u2019est pas simplement une image statique ; il s&rsquo;agit d&rsquo;une fonctionnalit\u00e9 dynamique qui se met \u00e0 jour en temps r\u00e9el, refl\u00e9tant les modifications et ajouts continus que les utilisateurs apportent \u00e0 leurs profils. De plus, cette fonctionnalit\u00e9 est enti\u00e8rement personnalisable, permettant aux administrateurs de d\u00e9terminer quels champs contribuent \u00e0 la compl\u00e9tion du profil et dans quelle mesure. Cela permet de cr\u00e9er une exp\u00e9rience utilisateur hautement personnalis\u00e9e qui r\u00e9pond aux besoins et pr\u00e9f\u00e9rences sp\u00e9cifiques de chaque utilisateur. De plus, UsersWP Profile Progress est enti\u00e8rement compatible avec le plugin convivial UsersWP, qui offre une large gamme de fonctionnalit\u00e9s con\u00e7ues pour am\u00e9liorer encore l&rsquo;engagement et l&rsquo;interaction des utilisateurs. Ces fonctionnalit\u00e9s contribuent collectivement \u00e0 \u00e9tablir une communaut\u00e9 d&rsquo;utilisateurs dynamique et engag\u00e9e, \u00e0 am\u00e9liorer la fid\u00e9lisation des utilisateurs et \u00e0 favoriser un sentiment de connectivit\u00e9 et d&rsquo;appartenance parmi les utilisateurs.<\/p>\n","protected":false},"featured_media":146824,"comment_status":"open","ping_status":"open","template":"","meta":[],"product_brand":[2560],"product_cat":[1300,1181,1186],"product_tag":[1828],"class_list":{"0":"post-138838","1":"product","2":"type-product","3":"status-publish","4":"has-post-thumbnail","6":"product_brand-ayecode","7":"product_cat-adhesion","8":"product_cat-plugins","9":"product_cat-wordpress-plugins","10":"product_tag-ayecode","11":"member-discount","12":"discount-restricted","14":"first","15":"instock","16":"sale","17":"downloadable","18":"virtual","19":"sold-individually","20":"purchasable","21":"product-type-simple"},"_links":{"self":[{"href":"https:\/\/gpl-love.com\/fr\/wp-json\/wp\/v2\/product\/138838","targetHints":{"allow":["GET"]}}],"collection":[{"href":"https:\/\/gpl-love.com\/fr\/wp-json\/wp\/v2\/product"}],"about":[{"href":"https:\/\/gpl-love.com\/fr\/wp-json\/wp\/v2\/types\/product"}],"replies":[{"embeddable":true,"href":"https:\/\/gpl-love.com\/fr\/wp-json\/wp\/v2\/comments?post=138838"}],"wp:featuredmedia":[{"embeddable":true,"href":"https:\/\/gpl-love.com\/fr\/wp-json\/wp\/v2\/media\/146824"}],"wp:attachment":[{"href":"https:\/\/gpl-love.com\/fr\/wp-json\/wp\/v2\/media?parent=138838"}],"wp:term":[{"taxonomy":"product_brand","embeddable":true,"href":"https:\/\/gpl-love.com\/fr\/wp-json\/wp\/v2\/product_brand?post=138838"},{"taxonomy":"product_cat","embeddable":true,"href":"https:\/\/gpl-love.com\/fr\/wp-json\/wp\/v2\/product_cat?post=138838"},{"taxonomy":"product_tag","embeddable":true,"href":"https:\/\/gpl-love.com\/fr\/wp-json\/wp\/v2\/product_tag?post=138838"}],"curies":[{"name":"wp","href":"https:\/\/api.w.org\/{rel}","templated":true}]}}