{"id":138834,"date":"2025-11-30T00:00:00","date_gmt":"2025-11-29T23:00:00","guid":{"rendered":"https:\/\/gpl-love.com\/fr\/produit\/userswp-advanced-search\/"},"modified":"2026-03-20T23:59:58","modified_gmt":"2026-03-20T22:59:58","slug":"userswp-advanced-search","status":"publish","type":"product","link":"https:\/\/gpl-love.com\/fr\/produit\/userswp-advanced-search\/","title":{"rendered":"UsersWP Advanced Search 1.1.4"},"content":{"rendered":"<h3>UsersWP Advanced Search Traits<\/h3>\n<p>UsersWP Advanced Search est un plugin innovant et robuste con\u00e7u pour am\u00e9liorer les fonctionnalit\u00e9s de n&rsquo;importe quel site Web WordPress. Ce plugin aide principalement \u00e0 am\u00e9liorer et \u00e0 personnaliser les capacit\u00e9s de recherche du site Web. Il offre des options de recherche avanc\u00e9es, permettant aux utilisateurs de rechercher par champs personnalis\u00e9s, emplacements ou tout autre d\u00e9tail sp\u00e9cifique. Avec UsersWP Advanced Search, vous pouvez cr\u00e9er efficacement des r\u00e9pertoires consultables et des sites de r\u00e9f\u00e9rencement. Cet outil est convivial, permettant \u00e0 quiconque de g\u00e9rer et de modifier facilement la fonctionnalit\u00e9 de recherche de son site Web. C&rsquo;est un outil incontournable pour tous ceux qui cherchent \u00e0 cr\u00e9er une exp\u00e9rience utilisateur plus dynamique et efficace sur leur site WordPress.<\/p>\n<ul>\n<li>UsersWP Advanced Search est un puissant outil de recherche pour les sites Web.<\/li>\n<li>Cet outil permet aux utilisateurs de trouver facilement le contenu ou les informations qu\u2019ils recherchent sur votre site Web.<\/li>\n<li>Il est livr\u00e9 avec des filtres de recherche avanc\u00e9s et des options de tri pour affiner les r\u00e9sultats de recherche.<\/li>\n<li>L&rsquo;outil de recherche avanc\u00e9e est compatible avec UsersWP, ce qui facilite son int\u00e9gration \u00e0 votre site Web existant.<\/li>\n<li>C&rsquo;est un excellent outil pour les sites Web avec beaucoup de contenu, car il contribue \u00e0 am\u00e9liorer la navigation et l&rsquo;exp\u00e9rience des utilisateurs.<\/li>\n<li>UsersWP Advanced Search est \u00e9galement hautement personnalisable, vous permettant de modifier ses fonctionnalit\u00e9s en fonction des besoins sp\u00e9cifiques de votre site Web.<\/li>\n<li>Cet outil am\u00e9liore non seulement l&rsquo;exp\u00e9rience utilisateur globale, mais am\u00e9liore \u00e9galement les fonctionnalit\u00e9s de votre site Web.<\/li>\n<\/ul>\n","protected":false},"excerpt":{"rendered":"<p>UsersWP Advanced Search est un outil incroyablement polyvalent, transformant les capacit\u00e9s de recherche de votre site Web en une exp\u00e9rience compl\u00e8te et conviviale. Il s&rsquo;agit d&rsquo;un plugin sup\u00e9rieur qui ajoute une couche robuste de fonctionnalit\u00e9s avanc\u00e9es \u00e0 la fonction de recherche de votre site, permettant ainsi une recherche plus pr\u00e9cise et raffin\u00e9e. UsersWP Advanced Search, par essence, est un outil puissant qui am\u00e9liore la capacit\u00e9 de vos utilisateurs \u00e0 trouver le contenu exact qu&rsquo;ils recherchent, sans avoir \u00e0 passer au crible des r\u00e9sultats non pertinents.<\/p>\n<p>Ce produit innovant dispose d&rsquo;une gamme de fonctionnalit\u00e9s impressionnantes, toutes con\u00e7ues pour offrir un processus de recherche rationalis\u00e9 et efficace \u00e0 vos utilisateurs. Non seulement il renforce les capacit\u00e9s de recherche de votre site, mais il propose \u00e9galement des formulaires de recherche personnalis\u00e9s adapt\u00e9s aux besoins de votre base d&rsquo;utilisateurs sp\u00e9cifique. Ce qui distingue vraiment UsersWP Advanced Search, cependant, c&rsquo;est sa capacit\u00e9 \u00e0 int\u00e9grer plusieurs filtres de recherche, une fonctionnalit\u00e9 qui permet aux utilisateurs d&rsquo;affiner les r\u00e9sultats en fonction de crit\u00e8res sp\u00e9cifiques. Cela garantit que le processus de recherche est non seulement plus rapide, mais \u00e9galement plus pr\u00e9cis.<\/p>\n<p>Mais les avantages de UsersWP Advanced Search s&rsquo;\u00e9tendent bien au-del\u00e0 de ses capacit\u00e9s d&rsquo;affinement de la recherche. Il fournit \u00e9galement une interface intuitive et facile \u00e0 naviguer, rendant l&rsquo;exp\u00e9rience utilisateur transparente et agr\u00e9able. De plus, il est construit avec une architecture fiable et robuste qui garantit que les performances du plugin sont toujours de haute qualit\u00e9, quelle que soit la taille de votre site Web.<\/p>\n<p>En ce qui concerne la compatibilit\u00e9, UsersWP Advanced Search s&rsquo;int\u00e8gre de mani\u00e8re transparente \u00e0 une vari\u00e9t\u00e9 d&rsquo;autres plugins et th\u00e8mes, ce qui en fait une solution polyvalente pour n&rsquo;importe quel site Web. De plus, il offre un haut niveau de personnalisation, vous permettant d&rsquo;adapter la fonction de recherche en fonction des besoins de votre entreprise et des pr\u00e9f\u00e9rences de vos utilisateurs.<\/p>\n<p>En conclusion, UsersWP Advanced Search est plus qu&rsquo;un simple plugin de recherche : c&rsquo;est une solution compl\u00e8te qui am\u00e9liore l&rsquo;exp\u00e9rience utilisateur globale sur votre site Web. En optimisant les fonctionnalit\u00e9s de recherche et en fournissant aux utilisateurs des r\u00e9sultats plus pr\u00e9cis et pr\u00e9cis, il am\u00e9liore consid\u00e9rablement la convivialit\u00e9 de votre site Web, ce qui en fait un ajout essentiel pour tout propri\u00e9taire de site Web qui valorise la satisfaction et l&rsquo;engagement des utilisateurs.<\/p>\n","protected":false},"featured_media":146822,"comment_status":"open","ping_status":"open","template":"","meta":[],"product_brand":[2560],"product_cat":[1300,1181,1186],"product_tag":[1828],"class_list":{"0":"post-138834","1":"product","2":"type-product","3":"status-publish","4":"has-post-thumbnail","6":"product_brand-ayecode","7":"product_cat-adhesion","8":"product_cat-plugins","9":"product_cat-wordpress-plugins","10":"product_tag-ayecode","11":"member-discount","12":"discount-restricted","14":"first","15":"instock","16":"sale","17":"downloadable","18":"virtual","19":"sold-individually","20":"purchasable","21":"product-type-simple"},"_links":{"self":[{"href":"https:\/\/gpl-love.com\/fr\/wp-json\/wp\/v2\/product\/138834","targetHints":{"allow":["GET"]}}],"collection":[{"href":"https:\/\/gpl-love.com\/fr\/wp-json\/wp\/v2\/product"}],"about":[{"href":"https:\/\/gpl-love.com\/fr\/wp-json\/wp\/v2\/types\/product"}],"replies":[{"embeddable":true,"href":"https:\/\/gpl-love.com\/fr\/wp-json\/wp\/v2\/comments?post=138834"}],"wp:featuredmedia":[{"embeddable":true,"href":"https:\/\/gpl-love.com\/fr\/wp-json\/wp\/v2\/media\/146822"}],"wp:attachment":[{"href":"https:\/\/gpl-love.com\/fr\/wp-json\/wp\/v2\/media?parent=138834"}],"wp:term":[{"taxonomy":"product_brand","embeddable":true,"href":"https:\/\/gpl-love.com\/fr\/wp-json\/wp\/v2\/product_brand?post=138834"},{"taxonomy":"product_cat","embeddable":true,"href":"https:\/\/gpl-love.com\/fr\/wp-json\/wp\/v2\/product_cat?post=138834"},{"taxonomy":"product_tag","embeddable":true,"href":"https:\/\/gpl-love.com\/fr\/wp-json\/wp\/v2\/product_tag?post=138834"}],"curies":[{"name":"wp","href":"https:\/\/api.w.org\/{rel}","templated":true}]}}