{"id":138832,"date":"2025-09-17T00:00:00","date_gmt":"2025-09-16T22:00:00","guid":{"rendered":"https:\/\/gpl-love.com\/fr\/produit\/userswp-verified-users\/"},"modified":"2026-03-20T23:59:57","modified_gmt":"2026-03-20T22:59:57","slug":"userswp-verified-users","status":"publish","type":"product","link":"https:\/\/gpl-love.com\/fr\/produit\/userswp-verified-users\/","title":{"rendered":"UsersWP Verified Users 1.2.13"},"content":{"rendered":"<h3>UsersWP Verified Users Traits<\/h3>\n<p>UsersWP Verified Users est un plugin hautement fonctionnel et fiable con\u00e7u pour une gestion efficace des utilisateurs. Il permet aux administrateurs de sites Web de v\u00e9rifier et de g\u00e9rer leurs utilisateurs sans effort. Cet outil offre un moyen transparent d&rsquo;authentifier l&rsquo;identit\u00e9 des utilisateurs, garantissant que seuls les utilisateurs v\u00e9rifi\u00e9s peuvent participer pleinement \u00e0 la communaut\u00e9 du site Web. Avec son interface facile \u00e0 utiliser et ses fonctionnalit\u00e9s robustes, UsersWP Verified Users vous donne la possibilit\u00e9 d&rsquo;am\u00e9liorer la cr\u00e9dibilit\u00e9 de votre site Web, de renforcer la confiance des utilisateurs et de favoriser un environnement en ligne plus s\u00fbr et plus s\u00e9curis\u00e9. Convient \u00e0 un large \u00e9ventail de sites Web, des plateformes de commerce \u00e9lectronique aux sites de r\u00e9seaux sociaux. Am\u00e9liorez d\u00e8s aujourd&rsquo;hui l&rsquo;exp\u00e9rience utilisateur de votre site Web avec les utilisateurs v\u00e9rifi\u00e9s UsersWP.<\/p>\n<ul>\n<li>UsersWP Verified Users est un plugin WordPress de pointe con\u00e7u pour authentifier et v\u00e9rifier les comptes d&rsquo;utilisateurs.<\/li>\n<li>Ce plugin ajoute un badge de v\u00e9rification aux profils d&rsquo;utilisateurs, am\u00e9liorant ainsi la cr\u00e9dibilit\u00e9 et l&rsquo;authenticit\u00e9 de la base d&rsquo;utilisateurs.<\/li>\n<li>Il permet \u00e0 l&rsquo;administrateur du site de v\u00e9rifier manuellement les profils d&rsquo;utilisateurs, garantissant ainsi une communaut\u00e9 s\u00e9curis\u00e9e et digne de confiance.<\/li>\n<li>Le plugin UsersWP Verified Users renforce la preuve sociale, augmente l\u2019engagement des utilisateurs et am\u00e9liore l\u2019exp\u00e9rience utilisateur globale.<\/li>\n<li>Il comprend une fonctionnalit\u00e9 unique qui permet aux utilisateurs de demander une v\u00e9rification, rationalisant ainsi le processus de v\u00e9rification.<\/li>\n<li>Ce plugin est enti\u00e8rement compatible et s\u2019int\u00e8gre facilement \u00e0 n\u2019importe quel th\u00e8me WordPress.<\/li>\n<li>Avec UsersWP Verified Users, les administrateurs de site peuvent g\u00e9rer et surveiller sans effort les utilisateurs v\u00e9rifi\u00e9s et non v\u00e9rifi\u00e9s.<\/li>\n<li>Il aide \u00e0 \u00e9liminer le spam ou les faux comptes, offrant ainsi un environnement plus s\u00fbr \u00e0 votre communaut\u00e9 en ligne.<\/li>\n<li>Le plugin est livr\u00e9 avec des param\u00e8tres personnalisables, permettant aux administrateurs d&rsquo;adapter le processus de v\u00e9rification aux besoins de leur site Web.<\/li>\n<\/ul>\n","protected":false},"excerpt":{"rendered":"<p>UsersWP Verified Users est un outil tr\u00e8s avanc\u00e9, robuste et innovant qui a \u00e9t\u00e9 ing\u00e9nieusement con\u00e7u et strat\u00e9giquement con\u00e7u pour les entreprises, grandes et petites, dans le but de rationaliser leur processus de v\u00e9rification des utilisateurs. Cet outil exceptionnel va au-del\u00e0 de l&rsquo;appel du devoir en fournissant une plate-forme inattaquable sur laquelle les utilisateurs peuvent s&rsquo;inscrire librement, tout en conservant le plus haut niveau de s\u00e9curit\u00e9 et la plus grande int\u00e9grit\u00e9.<\/p>\n<p>La technologie derri\u00e8re UsersWP Verified Users est tout simplement r\u00e9volutionnaire, int\u00e9grant une suite compl\u00e8te de fonctionnalit\u00e9s fonctionnant toutes en harmonie pour garantir que chaque utilisateur est authentifi\u00e9 et v\u00e9rifi\u00e9 avec une pr\u00e9cision m\u00e9ticuleuse. Avec cet outil, les entreprises n&rsquo;ont plus \u00e0 se soucier de la lourde t\u00e2che de v\u00e9rification des utilisateurs, car il automatise non seulement le processus, mais l&rsquo;am\u00e9liore \u00e9galement en int\u00e9grant une technologie de pointe.<\/p>\n<p>L\u2019outil pr\u00e9sente \u00e9galement l\u2019avantage suppl\u00e9mentaire d\u2019\u00eatre incroyablement convivial et facile \u00e0 naviguer, le rendant accessible aux utilisateurs quelle que soit leur expertise technique. Son interface utilisateur a \u00e9t\u00e9 con\u00e7ue avec la plus grande attention aux d\u00e9tails, garantissant que les utilisateurs peuvent trouver rapidement et facilement les fonctions dont ils ont besoin sans complications ni stress inutiles. Il se distingue par sa capacit\u00e9 \u00e0 combiner harmonieusement puissance, performances et simplicit\u00e9 dans un ensemble formidable.<\/p>\n<p>En plus de sa conception innovante et de ses fonctionnalit\u00e9s puissantes, UsersWP Verified Users incarne \u00e9galement une essence de flexibilit\u00e9 et de personnalisation, permettant aux entreprises d&rsquo;adapter l&rsquo;outil pour r\u00e9pondre \u00e0 leurs besoins et pr\u00e9f\u00e9rences sp\u00e9cifiques. Ceci, ainsi que son engagement \u00e0 fournir une v\u00e9rification des utilisateurs de premier ordre, le distingue comme un outil de pointe indispensable pour les entreprises cherchant \u00e0 optimiser leur processus de v\u00e9rification des utilisateurs.<\/p>\n<p>Essentiellement, UsersWP Verified Users est un outil r\u00e9volutionnaire et leader sur le march\u00e9 qui a \u00e9t\u00e9 sp\u00e9cialement con\u00e7u pour faciliter la v\u00e9rification des utilisateurs tout en maintenant un niveau extraordinaire de s\u00e9curit\u00e9, de fiabilit\u00e9 et d&rsquo;efficacit\u00e9. Il s&rsquo;agit d&rsquo;un outil qui permet aux entreprises de fonctionner en toute confiance, sachant que chaque utilisateur est v\u00e9rifi\u00e9 et que l&rsquo;int\u00e9grit\u00e9 de leurs donn\u00e9es est irr\u00e9prochable.<\/p>\n","protected":false},"featured_media":146821,"comment_status":"open","ping_status":"open","template":"","meta":[],"product_brand":[2560],"product_cat":[1300,1181,1186],"product_tag":[1828],"class_list":{"0":"post-138832","1":"product","2":"type-product","3":"status-publish","4":"has-post-thumbnail","6":"product_brand-ayecode","7":"product_cat-adhesion","8":"product_cat-plugins","9":"product_cat-wordpress-plugins","10":"product_tag-ayecode","11":"member-discount","12":"discount-restricted","14":"first","15":"instock","16":"sale","17":"downloadable","18":"virtual","19":"sold-individually","20":"purchasable","21":"product-type-simple"},"_links":{"self":[{"href":"https:\/\/gpl-love.com\/fr\/wp-json\/wp\/v2\/product\/138832","targetHints":{"allow":["GET"]}}],"collection":[{"href":"https:\/\/gpl-love.com\/fr\/wp-json\/wp\/v2\/product"}],"about":[{"href":"https:\/\/gpl-love.com\/fr\/wp-json\/wp\/v2\/types\/product"}],"replies":[{"embeddable":true,"href":"https:\/\/gpl-love.com\/fr\/wp-json\/wp\/v2\/comments?post=138832"}],"wp:featuredmedia":[{"embeddable":true,"href":"https:\/\/gpl-love.com\/fr\/wp-json\/wp\/v2\/media\/146821"}],"wp:attachment":[{"href":"https:\/\/gpl-love.com\/fr\/wp-json\/wp\/v2\/media?parent=138832"}],"wp:term":[{"taxonomy":"product_brand","embeddable":true,"href":"https:\/\/gpl-love.com\/fr\/wp-json\/wp\/v2\/product_brand?post=138832"},{"taxonomy":"product_cat","embeddable":true,"href":"https:\/\/gpl-love.com\/fr\/wp-json\/wp\/v2\/product_cat?post=138832"},{"taxonomy":"product_tag","embeddable":true,"href":"https:\/\/gpl-love.com\/fr\/wp-json\/wp\/v2\/product_tag?post=138832"}],"curies":[{"name":"wp","href":"https:\/\/api.w.org\/{rel}","templated":true}]}}