{"id":138830,"date":"2025-07-07T00:00:00","date_gmt":"2025-07-06T22:00:00","guid":{"rendered":"https:\/\/gpl-love.com\/fr\/produit\/userswp-enhanced-woocommerce-user-profiles\/"},"modified":"2026-03-20T23:59:56","modified_gmt":"2026-03-20T22:59:56","slug":"userswp-enhanced-woocommerce-user-profiles","status":"publish","type":"product","link":"https:\/\/gpl-love.com\/fr\/produit\/userswp-enhanced-woocommerce-user-profiles\/","title":{"rendered":"UsersWP Enhanced WooCommerce user profiles 1.2.12"},"content":{"rendered":"<h3>UsersWP Enhanced WooCommerce user profiles Traits<\/h3>\n<p>UsersWP WooCommerce est un plugin puissant et dynamique con\u00e7u pour am\u00e9liorer les fonctionnalit\u00e9s de votre boutique en ligne. Il s&rsquo;int\u00e8gre parfaitement \u00e0 WooCommerce, vous permettant de g\u00e9rer facilement les profils d&rsquo;utilisateurs, les listes de produits, les commandes et bien plus encore. Avec sa conception conviviale, ses options de personnalisation flexibles et ses performances fiables, UsersWP WooCommerce fournit une solution efficace et rationalis\u00e9e pour g\u00e9rer votre site Web de commerce \u00e9lectronique. Que vous soyez propri\u00e9taire d&rsquo;une petite entreprise ou que vous g\u00e9riez un march\u00e9 en ligne \u00e0 grande \u00e9chelle, ce plugin peut r\u00e9pondre \u00e0 vos besoins, en renfor\u00e7ant l&rsquo;efficacit\u00e9 op\u00e9rationnelle de votre magasin et en am\u00e9liorant l&rsquo;exp\u00e9rience client globale.<\/p>\n<ul>\n<li>UsersWP WooCommerce est un plugin puissant qui int\u00e8gre les fonctionnalit\u00e9s WooCommerce dans le syst\u00e8me de profil utilisateur UsersWP.<\/li>\n<li>Cet outil permet aux utilisateurs de g\u00e9rer leur compte WooCommerce, leurs commandes et leurs t\u00e9l\u00e9chargements directement depuis leur profil UsersWP.<\/li>\n<li>Le plugin fournit une interface transparente et conviviale qui am\u00e9liore l\u2019exp\u00e9rience utilisateur globale.<\/li>\n<li>Il permet aux propri\u00e9taires de sites d&rsquo;ajouter des onglets personnalis\u00e9s pour les sections WooCommerce \u00e0 leur profil UsersWP.<\/li>\n<li>UsersWP WooCommerce prend en charge plusieurs langues et est compatible avec la plupart des th\u00e8mes WordPress.<\/li>\n<li>Id\u00e9al pour les entreprises de commerce \u00e9lectronique, il permet aux clients d&rsquo;avoir une vision claire et un meilleur contr\u00f4le sur leurs achats et leur profil personnel.<\/li>\n<li>Ce plugin simplifie le processus de gestion des transactions de commerce \u00e9lectronique, ce qui en fait un outil essentiel pour tout d\u00e9taillant en ligne utilisant WooCommerce et UsersWP.<\/li>\n<li>UsersWP WooCommerce garantit un haut niveau de s\u00e9curit\u00e9, prot\u00e9geant \u00e0 la fois les donn\u00e9es personnelles et les transactions.<\/li>\n<li>Il n\u00e9cessite que UsersWP et WooCommerce soient install\u00e9s et activ\u00e9s sur votre site WordPress.<\/li>\n<li>Le plugin est r\u00e9guli\u00e8rement mis \u00e0 jour pour maintenir la compatibilit\u00e9 avec les derni\u00e8res versions de WordPress, WooCommerce et UsersWP.<\/li>\n<\/ul>\n","protected":false},"excerpt":{"rendered":"<p>UsersWP WooCommerce est un outil ph\u00e9nom\u00e9nal con\u00e7u pour rationaliser et am\u00e9liorer facilement vos op\u00e9rations commerciales en ligne. En tant que solution de commerce \u00e9lectronique de qualit\u00e9 sup\u00e9rieure, elle est m\u00e9ticuleusement con\u00e7ue et con\u00e7ue pour vous fournir une suite compl\u00e8te de caract\u00e9ristiques et de fonctionnalit\u00e9s qui peuvent s&rsquo;int\u00e9grer de mani\u00e8re transparente \u00e0 votre site Web, le transformant en un march\u00e9 num\u00e9rique \u00e0 part enti\u00e8re.<\/p>\n<p>La majest\u00e9 de UsersWP WooCommerce r\u00e9side dans son adaptabilit\u00e9, sa capacit\u00e9 \u00e0 s&rsquo;adapter aux besoins et aux demandes uniques de votre entreprise, quels qu&rsquo;ils soient. Il offre une multitude d&rsquo;outils qui vous permettent de cr\u00e9er, g\u00e9rer et faire \u00e9voluer votre entreprise avec une facilit\u00e9 exceptionnelle, vous permettant de vous concentrer sur ce qui compte vraiment : vos clients.<\/p>\n<p>Que vous vendiez des biens physiques, des produits num\u00e9riques ou des abonnements, UsersWP WooCommerce a ce qu&rsquo;il vous faut. Il prend en charge une large gamme de types de produits, vous offrant la flexibilit\u00e9 n\u00e9cessaire pour proposer un catalogue diversifi\u00e9 \u00e0 votre client\u00e8le. Son syst\u00e8me de gestion des stocks robuste garantit que vous n&rsquo;\u00eates jamais pris au d\u00e9pourvu par des ruptures de stock, et son support multilingue et multidevise garantit que votre entreprise transcende les fronti\u00e8res et atteint un public mondial.<\/p>\n<p>UsersWP WooCommerce est \u00e9galement un champion de la satisfaction client, offrant une suite de fonctionnalit\u00e9s centr\u00e9es sur le client et con\u00e7ues pour am\u00e9liorer l&rsquo;exp\u00e9rience d&rsquo;achat. Son processus de paiement s\u00e9curis\u00e9 et convivial, associ\u00e9 \u00e0 plusieurs options de passerelle de paiement, facilite l&rsquo;achat pour vos clients. Il fournit \u00e9galement des outils d\u00e9taill\u00e9s de suivi des commandes et d&rsquo;engagement client pour tenir vos clients au courant de leurs achats, favorisant ainsi la confiance et la fid\u00e9lit\u00e9.<\/p>\n<p>Ce produit n\u2019est pas seulement une solution de commerce \u00e9lectronique, mais aussi un puissant outil marketing. UsersWP WooCommerce est \u00e9quip\u00e9 de fonctionnalit\u00e9s d&rsquo;optimisation SEO et d&rsquo;analyses d\u00e9taill\u00e9es qui vous permettent de mieux comprendre vos clients et d&rsquo;atteindre votre march\u00e9 cible plus efficacement.<\/p>\n<p>Pour r\u00e9sumer, UsersWP WooCommerce est une solution de commerce \u00e9lectronique polyvalente, robuste et conviviale qui offre tout ce dont vous avez besoin pour faire passer votre activit\u00e9 en ligne au niveau sup\u00e9rieur. C&rsquo;est la fusion parfaite de puissance, de flexibilit\u00e9 et de simplicit\u00e9, combinant tous ces \u00e9l\u00e9ments pour vous fournir un outil qui non seulement r\u00e9pond \u00e0 vos besoins, mais les surpasse.<\/p>\n","protected":false},"featured_media":146820,"comment_status":"open","ping_status":"open","template":"","meta":[],"product_brand":[2560],"product_cat":[1300,1181,1186],"product_tag":[1828],"class_list":{"0":"post-138830","1":"product","2":"type-product","3":"status-publish","4":"has-post-thumbnail","6":"product_brand-ayecode","7":"product_cat-adhesion","8":"product_cat-plugins","9":"product_cat-wordpress-plugins","10":"product_tag-ayecode","11":"member-discount","12":"discount-restricted","14":"first","15":"instock","16":"sale","17":"downloadable","18":"virtual","19":"sold-individually","20":"purchasable","21":"product-type-simple"},"_links":{"self":[{"href":"https:\/\/gpl-love.com\/fr\/wp-json\/wp\/v2\/product\/138830","targetHints":{"allow":["GET"]}}],"collection":[{"href":"https:\/\/gpl-love.com\/fr\/wp-json\/wp\/v2\/product"}],"about":[{"href":"https:\/\/gpl-love.com\/fr\/wp-json\/wp\/v2\/types\/product"}],"replies":[{"embeddable":true,"href":"https:\/\/gpl-love.com\/fr\/wp-json\/wp\/v2\/comments?post=138830"}],"wp:featuredmedia":[{"embeddable":true,"href":"https:\/\/gpl-love.com\/fr\/wp-json\/wp\/v2\/media\/146820"}],"wp:attachment":[{"href":"https:\/\/gpl-love.com\/fr\/wp-json\/wp\/v2\/media?parent=138830"}],"wp:term":[{"taxonomy":"product_brand","embeddable":true,"href":"https:\/\/gpl-love.com\/fr\/wp-json\/wp\/v2\/product_brand?post=138830"},{"taxonomy":"product_cat","embeddable":true,"href":"https:\/\/gpl-love.com\/fr\/wp-json\/wp\/v2\/product_cat?post=138830"},{"taxonomy":"product_tag","embeddable":true,"href":"https:\/\/gpl-love.com\/fr\/wp-json\/wp\/v2\/product_tag?post=138830"}],"curies":[{"name":"wp","href":"https:\/\/api.w.org\/{rel}","templated":true}]}}