{"id":137149,"date":"2024-01-12T00:00:00","date_gmt":"2024-01-11T23:00:00","guid":{"rendered":"https:\/\/gpl-love.com\/fr\/produit\/userswp-multisite-creator\/"},"modified":"2026-03-20T23:59:52","modified_gmt":"2026-03-20T22:59:52","slug":"userswp-multisite-creator","status":"publish","type":"product","link":"https:\/\/gpl-love.com\/fr\/produit\/userswp-multisite-creator\/","title":{"rendered":"UsersWP Multisite Creator 1.0.5"},"content":{"rendered":"<h3>UsersWP Multisite Creator Traits<\/h3>\n<p>UsersWP Multisite est un plugin WordPress puissant et riche en fonctionnalit\u00e9s con\u00e7u pour g\u00e9rer et rationaliser l&rsquo;exp\u00e9rience utilisateur sur plusieurs r\u00e9seaux de sites Web. Il vous permet de g\u00e9rer, contr\u00f4ler et personnaliser les inscriptions, les profils et les r\u00e9pertoires des utilisateurs sur tous vos sites \u00e0 partir d&rsquo;un emplacement central. Avec UsersWP Multisite, vous pouvez facilement cr\u00e9er et modifier des profils, g\u00e9rer les r\u00f4les des utilisateurs, restreindre l&rsquo;acc\u00e8s et bien plus encore. De plus, ce plugin est con\u00e7u pour fonctionner de mani\u00e8re transparente avec d\u2019autres plugins et th\u00e8mes WordPress populaires, garantissant une exp\u00e9rience utilisateur fluide et coh\u00e9rente. Que vous g\u00e9riez quelques sites ou des centaines, UsersWP Multisite est un outil essentiel pour une gestion efficace et efficiente des utilisateurs.<\/p>\n<ul>\n<li>UsersWP Multisite est un outil puissant con\u00e7u pour g\u00e9rer plusieurs sites Web WordPress.<\/li>\n<li>Ce plugin permet un contr\u00f4le centralis\u00e9 transparent sur tous vos sites Web WordPress \u00e0 partir d\u2019un seul tableau de bord.<\/li>\n<li>Les fonctionnalit\u00e9s incluent une gestion efficace des utilisateurs, une cr\u00e9ation et une suppression faciles de sites.<\/li>\n<li>Offre des fonctionnalit\u00e9s de personnalisation avanc\u00e9es pour r\u00e9pondre aux besoins uniques de chaque site Web.<\/li>\n<li>Facilite les mises \u00e0 jour group\u00e9es de sites, les installations de th\u00e8mes ou de plugins et les sauvegardes sur tous les sites.<\/li>\n<li>Remarquable pour ses mesures de s\u00e9curit\u00e9, notamment la protection anti-spam et les capacit\u00e9s de surveillance.<\/li>\n<li>Fournit des fonctionnalit\u00e9s d&rsquo;optimisation des performances sup\u00e9rieures, aidant vos sites \u00e0 se charger plus rapidement et \u00e0 \u00eatre mieux class\u00e9s.<\/li>\n<li>UsersWP Multisite est facile \u00e0 utiliser, m\u00eame pour les d\u00e9butants, ce qui facilite la gestion de plusieurs sites WordPress.<\/li>\n<li>Il s\u2019int\u00e8gre parfaitement avec d\u2019autres plugins et th\u00e8mes WordPress.<\/li>\n<li>UsersWP Multisite s&rsquo;appuie sur une \u00e9quipe d&rsquo;assistance d\u00e9di\u00e9e pour r\u00e9pondre \u00e0 toute question ou probl\u00e8me.<\/li>\n<\/ul>\n","protected":false},"excerpt":{"rendered":"<p>Le UsersWP Multisite est un outil innovant et puissant qui a \u00e9t\u00e9 m\u00e9ticuleusement con\u00e7u pour simplifier la gestion des sites Web pour les utilisateurs. En tant que solution compl\u00e8te, il s&rsquo;int\u00e8gre harmonieusement \u00e0 votre r\u00e9seau multisite WordPress, offrant une interface transparente et conviviale qui vous permet de g\u00e9rer plusieurs sites Web simultan\u00e9ment. Cet outil puissant est sp\u00e9cialement con\u00e7u pour permettre aux super administrateurs de contr\u00f4ler et de surveiller toutes les facettes de leur r\u00e9seau de sites Web \u00e0 partir d&rsquo;un seul tableau de bord.<\/p>\n<p>Alliant des fonctionnalit\u00e9s exceptionnelles \u00e0 une interface personnalisable, UsersWP Multisite am\u00e9liore l&rsquo;exp\u00e9rience utilisateur en fournissant une plate-forme centralis\u00e9e pour ex\u00e9cuter diverses t\u00e2ches allant de la cr\u00e9ation de site \u00e0 la gestion des utilisateurs. L&rsquo;une des caract\u00e9ristiques supr\u00eames de cet outil est la capacit\u00e9 d&rsquo;autoriser ou de restreindre l&rsquo;acc\u00e8s \u00e0 des sites individuels au sein du r\u00e9seau, am\u00e9liorant ainsi la s\u00e9curit\u00e9 et l&rsquo;int\u00e9grit\u00e9 de votre \u00e9cosyst\u00e8me num\u00e9rique.<\/p>\n<p>La capacit\u00e9 de l&rsquo;outil \u00e0 g\u00e9rer une large gamme de plugins et de th\u00e8mes est tout aussi impressionnante, ce qui en fait un choix id\u00e9al pour les utilisateurs \u00e0 la recherche d&rsquo;une solution polyvalente et adaptable. De plus, il est livr\u00e9 avec une vari\u00e9t\u00e9 de fonctionnalit\u00e9s qui acc\u00e9l\u00e8rent et rationalisent la gestion des sites Web, telles que des actions group\u00e9es efficaces, un assistant de configuration de site convivial et des r\u00f4les et capacit\u00e9s d&rsquo;utilisateur dynamiques.<\/p>\n<p>Essentiellement, UsersWP Multisite est un paradigme d&rsquo;avanc\u00e9e technologique dans le domaine de la gestion de sites Web, \u00e9tendant ses fonctionnalit\u00e9s au-del\u00e0 des fronti\u00e8res conventionnelles en offrant une plate-forme harmonis\u00e9e et compl\u00e8te pour g\u00e9rer plusieurs sites WordPress. Cet outil puissant t\u00e9moigne de l&rsquo;\u00e9volution continue du monde num\u00e9rique, red\u00e9finissant le paysage de la gestion multisite en synth\u00e9tisant polyvalence, efficacit\u00e9 et s\u00e9curit\u00e9 dans une seule plateforme robuste.<\/p>\n","protected":false},"featured_media":146815,"comment_status":"open","ping_status":"open","template":"","meta":[],"product_brand":[2560],"product_cat":[1300,1181,1186],"product_tag":[1828],"class_list":{"0":"post-137149","1":"product","2":"type-product","3":"status-publish","4":"has-post-thumbnail","6":"product_brand-ayecode","7":"product_cat-adhesion","8":"product_cat-plugins","9":"product_cat-wordpress-plugins","10":"product_tag-ayecode","11":"member-discount","12":"discount-restricted","14":"first","15":"instock","16":"sale","17":"downloadable","18":"virtual","19":"sold-individually","20":"purchasable","21":"product-type-simple"},"_links":{"self":[{"href":"https:\/\/gpl-love.com\/fr\/wp-json\/wp\/v2\/product\/137149","targetHints":{"allow":["GET"]}}],"collection":[{"href":"https:\/\/gpl-love.com\/fr\/wp-json\/wp\/v2\/product"}],"about":[{"href":"https:\/\/gpl-love.com\/fr\/wp-json\/wp\/v2\/types\/product"}],"replies":[{"embeddable":true,"href":"https:\/\/gpl-love.com\/fr\/wp-json\/wp\/v2\/comments?post=137149"}],"wp:featuredmedia":[{"embeddable":true,"href":"https:\/\/gpl-love.com\/fr\/wp-json\/wp\/v2\/media\/146815"}],"wp:attachment":[{"href":"https:\/\/gpl-love.com\/fr\/wp-json\/wp\/v2\/media?parent=137149"}],"wp:term":[{"taxonomy":"product_brand","embeddable":true,"href":"https:\/\/gpl-love.com\/fr\/wp-json\/wp\/v2\/product_brand?post=137149"},{"taxonomy":"product_cat","embeddable":true,"href":"https:\/\/gpl-love.com\/fr\/wp-json\/wp\/v2\/product_cat?post=137149"},{"taxonomy":"product_tag","embeddable":true,"href":"https:\/\/gpl-love.com\/fr\/wp-json\/wp\/v2\/product_tag?post=137149"}],"curies":[{"name":"wp","href":"https:\/\/api.w.org\/{rel}","templated":true}]}}