{"id":137147,"date":"2025-11-06T00:00:00","date_gmt":"2025-11-05T23:00:00","guid":{"rendered":"https:\/\/gpl-love.com\/fr\/produit\/userswp-realtime-notifications\/"},"modified":"2026-03-20T23:59:51","modified_gmt":"2026-03-20T22:59:51","slug":"userswp-realtime-notifications","status":"publish","type":"product","link":"https:\/\/gpl-love.com\/fr\/produit\/userswp-realtime-notifications\/","title":{"rendered":"UsersWP Realtime Notifications 1.0.13"},"content":{"rendered":"<h3>UsersWP Realtime Notifications Traits<\/h3>\n<p>UsersWP Real-time Notifications est un outil puissant con\u00e7u pour am\u00e9liorer l&rsquo;exp\u00e9rience utilisateur de votre site Web en fournissant des notifications instantan\u00e9es. Ce plugin permet aux utilisateurs de recevoir des mises \u00e0 jour imm\u00e9diates sur les activit\u00e9s li\u00e9es \u00e0 leur profil, telles que les nouveaux messages, les commentaires, les likes, etc. Il est con\u00e7u pour \u00eatre hautement personnalisable, vous permettant de choisir les types de notifications \u00e0 envoyer et \u00e0 quel moment. UsersWP Real-time Notifications est compatible avec la plupart des th\u00e8mes WordPress et a \u00e9t\u00e9 optimis\u00e9 pour la vitesse afin de garantir qu&rsquo;il ne ralentisse pas votre site. Augmentez l&rsquo;engagement sur votre site avec ce plugin intuitif et facile \u00e0 utiliser.<\/p>\n<ul>\n<li>UsersWP Real-time Notifications est un outil puissant con\u00e7u pour am\u00e9liorer l&rsquo;exp\u00e9rience utilisateur sur votre site Web.<\/li>\n<li>Il permet des notifications en temps r\u00e9el pour les utilisateurs, les tenant inform\u00e9s de toute nouvelle activit\u00e9 ou mise \u00e0 jour.<\/li>\n<li>Ce plugin s&rsquo;int\u00e8gre parfaitement \u00e0 votre compte UsersWP, garantissant un fonctionnement fluide avec un minimum d&rsquo;effort.<\/li>\n<li>Avec cet outil, vous pouvez informer instantan\u00e9ment les utilisateurs des nouveaux messages, des demandes d&rsquo;amis, des commentaires et bien plus encore.<\/li>\n<li>Il est personnalisable, vous permettant de contr\u00f4ler quels types de notifications sont envoy\u00e9es et quand.<\/li>\n<li>Prend en charge plusieurs plates-formes, garantissant que les utilisateurs re\u00e7oivent des notifications quel que soit l&rsquo;appareil qu&rsquo;ils utilisent.<\/li>\n<li>Il est convivial avec une interface intuitive, ce qui le rend facile \u00e0 configurer et \u00e0 utiliser.<\/li>\n<li>Les notifications en temps r\u00e9el UsersWP sont un excellent moyen de stimuler l&rsquo;engagement et l&rsquo;interaction des utilisateurs sur votre site.<\/li>\n<li>Ce plugin est tr\u00e8s fiable et efficace, ce qui en fait un outil indispensable pour tout propri\u00e9taire de site Web.<\/li>\n<\/ul>\n","protected":false},"excerpt":{"rendered":"<p>UsersWP Real-time Notifications est un plugin incroyablement efficace et dynamique con\u00e7u pour fournir aux utilisateurs des notifications instantan\u00e9es en temps r\u00e9el. Ce produit remarquable a la capacit\u00e9 de rationaliser et d&rsquo;am\u00e9liorer l&rsquo;exp\u00e9rience d&rsquo;interaction sur le site Web, permettant aux webmasters d&rsquo;augmenter l&rsquo;engagement des utilisateurs de mani\u00e8re fluide et efficace. Gr\u00e2ce \u00e0 sa technologie innovante, le plugin permet aux utilisateurs de recevoir des mises \u00e0 jour imm\u00e9diates sur l&rsquo;activit\u00e9 de leur compte, comme les nouveaux messages et les demandes d&rsquo;amis. Les fonctionnalit\u00e9s de pointe du plugin UsersWP Real-time Notifications incluent \u00e9galement des param\u00e8tres de notification personnalisables, offrant aux utilisateurs la libert\u00e9 et la polyvalence n\u00e9cessaires pour personnaliser leurs pr\u00e9f\u00e9rences de notification en fonction de leurs besoins et d\u00e9sirs uniques. L\u2019un des aspects cruciaux qui distinguent ce plugin particulier est l\u2019int\u00e9gration transparente qu\u2019il offre. Il est con\u00e7u pour s&rsquo;int\u00e9grer parfaitement \u00e0 diverses plates-formes de sites Web, garantissant une compatibilit\u00e9 et une utilisation sans effort. Avec ce plugin de haute qualit\u00e9, les webmasters peuvent am\u00e9liorer consid\u00e9rablement l&rsquo;exp\u00e9rience utilisateur globale, encourager l&rsquo;interaction des utilisateurs et, en fin de compte, contribuer \u00e0 la croissance et au succ\u00e8s de leur plateforme en ligne. Le plugin UsersWP Real-time Notifications est donc un outil inestimable pour tous ceux qui cherchent \u00e0 mettre \u00e0 niveau les capacit\u00e9s d&rsquo;engagement des utilisateurs de leur site Web. Ce n&rsquo;est pas seulement un plugin ; c&rsquo;est une solution et un catalyseur pour stimuler l&rsquo;interaction et l&rsquo;engagement des utilisateurs dans un paysage num\u00e9rique en constante \u00e9volution.<\/p>\n","protected":false},"featured_media":146814,"comment_status":"open","ping_status":"open","template":"","meta":[],"product_brand":[2560],"product_cat":[1300,1181,1186],"product_tag":[1828],"class_list":{"0":"post-137147","1":"product","2":"type-product","3":"status-publish","4":"has-post-thumbnail","6":"product_brand-ayecode","7":"product_cat-adhesion","8":"product_cat-plugins","9":"product_cat-wordpress-plugins","10":"product_tag-ayecode","11":"member-discount","12":"discount-restricted","14":"first","15":"instock","16":"sale","17":"downloadable","18":"virtual","19":"sold-individually","20":"purchasable","21":"product-type-simple"},"_links":{"self":[{"href":"https:\/\/gpl-love.com\/fr\/wp-json\/wp\/v2\/product\/137147","targetHints":{"allow":["GET"]}}],"collection":[{"href":"https:\/\/gpl-love.com\/fr\/wp-json\/wp\/v2\/product"}],"about":[{"href":"https:\/\/gpl-love.com\/fr\/wp-json\/wp\/v2\/types\/product"}],"replies":[{"embeddable":true,"href":"https:\/\/gpl-love.com\/fr\/wp-json\/wp\/v2\/comments?post=137147"}],"wp:featuredmedia":[{"embeddable":true,"href":"https:\/\/gpl-love.com\/fr\/wp-json\/wp\/v2\/media\/146814"}],"wp:attachment":[{"href":"https:\/\/gpl-love.com\/fr\/wp-json\/wp\/v2\/media?parent=137147"}],"wp:term":[{"taxonomy":"product_brand","embeddable":true,"href":"https:\/\/gpl-love.com\/fr\/wp-json\/wp\/v2\/product_brand?post=137147"},{"taxonomy":"product_cat","embeddable":true,"href":"https:\/\/gpl-love.com\/fr\/wp-json\/wp\/v2\/product_cat?post=137147"},{"taxonomy":"product_tag","embeddable":true,"href":"https:\/\/gpl-love.com\/fr\/wp-json\/wp\/v2\/product_tag?post=137147"}],"curies":[{"name":"wp","href":"https:\/\/api.w.org\/{rel}","templated":true}]}}