{"id":137115,"date":"2026-04-22T00:00:00","date_gmt":"2026-04-21T22:00:00","guid":{"rendered":"https:\/\/gpl-love.com\/fr\/produit\/newsletter-formidable-forms\/"},"modified":"2026-04-23T00:31:22","modified_gmt":"2026-04-22T22:31:22","slug":"newsletter-formidable-forms","status":"publish","type":"product","link":"https:\/\/gpl-love.com\/fr\/produit\/newsletter-formidable-forms\/","title":{"rendered":"Newsletter Formidable Forms 1.2.0"},"content":{"rendered":"<h3>Newsletter Formidable Forms Traits<\/h3>\n<p>Formidable Forms Newsletter est un outil puissant et dynamique con\u00e7u pour g\u00e9rer de mani\u00e8re transparente vos efforts de marketing par newsletter. Avec ce produit innovant, vous pouvez facilement cr\u00e9er et personnaliser des formulaires pour vos newsletters, offrant ainsi un moyen efficace de collecter et de g\u00e9rer les informations sur les abonn\u00e9s. Les formulaires sont enti\u00e8rement r\u00e9actifs, garantissant qu\u2019ils s\u2019affichent parfaitement sur n\u2019importe quel appareil. Ils sont \u00e9galement dot\u00e9s de fonctionnalit\u00e9s avanc\u00e9es telles que la logique conditionnelle, les formulaires multipages, etc. La newsletter Formidable Forms s&rsquo;int\u00e8gre aux services de marketing par e-mail populaires, vous permettant de rationaliser votre strat\u00e9gie de marketing par e-mail. Que vous souhaitiez d\u00e9velopper votre liste de diffusion, augmenter l&rsquo;engagement de votre public ou am\u00e9liorer vos campagnes marketing, la newsletter Formidable Forms est l&rsquo;outil id\u00e9al pour vous.<\/p>\n<ul>\n<li>Newsletter Formidable Forms est un outil puissant con\u00e7u pour cr\u00e9er et g\u00e9rer des newsletters sur des sites Web.<\/li>\n<li>Cette application permet aux utilisateurs de cr\u00e9er des formulaires dynamiques et personnalis\u00e9s pour les newsletters du site Web.<\/li>\n<li>Il est \u00e9quip\u00e9 d&rsquo;une interface conviviale qui rend la cr\u00e9ation de formulaires simple et directe.<\/li>\n<li>Les fonctionnalit\u00e9s incluent une logique conditionnelle, des formulaires multipages, des notifications par e-mail et un g\u00e9n\u00e9rateur de formulaires par glisser-d\u00e9poser pour une personnalisation facile.<\/li>\n<li>Newsletter Formidable Forms permet \u00e9galement une int\u00e9gration transparente avec divers services de marketing par e-mail pour une gestion efficace des abonn\u00e9s.<\/li>\n<li>Il propose une gamme de mod\u00e8les de formulaires pour vous aider \u00e0 d\u00e9marrer et permet une personnalisation en fonction de l&rsquo;image de marque de votre site Web.<\/li>\n<li>Ce produit est con\u00e7u pour am\u00e9liorer l&rsquo;engagement des utilisateurs et augmenter les taux d&rsquo;abonnement gr\u00e2ce \u00e0 des formulaires de newsletter attrayants et conviviaux.<\/li>\n<li>Newsletter Formidable Forms est \u00e9galement livr\u00e9 avec des outils d&rsquo;analyse et de reporting, permettant aux utilisateurs de suivre les performances de leurs formulaires.<\/li>\n<li>Il est con\u00e7u pour \u00eatre r\u00e9actif, garantissant que les formulaires s&rsquo;affichent parfaitement sur tous les appareils, y compris les ordinateurs de bureau, les tablettes et les t\u00e9l\u00e9phones mobiles.<\/li>\n<li>Avec Newsletter Formidable Forms, vous pouvez cr\u00e9er un nombre illimit\u00e9 de formulaires, collecter et g\u00e9rer efficacement les donn\u00e9es des abonn\u00e9s et automatiser l&rsquo;envoi de newsletters.<\/li>\n<li>Des fonctionnalit\u00e9s telles que la protection anti-spam et le cryptage des donn\u00e9es sont \u00e9galement incluses, garantissant la s\u00e9curit\u00e9 des informations des utilisateurs.<\/li>\n<\/ul>\n","protected":false},"excerpt":{"rendered":"<p>La newsletter Formidable Forms est un outil exceptionnellement robuste et dynamique qui a \u00e9t\u00e9 m\u00e9ticuleusement con\u00e7u pour superviser vos strat\u00e9gies marketing de newsletter avec une facilit\u00e9 et une efficacit\u00e9 remarquables. Ce produit r\u00e9volutionnaire, dot\u00e9 d&rsquo;ing\u00e9niosit\u00e9, vous ouvre la voie pour g\u00e9n\u00e9rer et personnaliser des formulaires pour vos newsletters avec la plus grande simplicit\u00e9. Ce faisant, il pr\u00e9sente une m\u00e9thode tr\u00e8s efficace pour accumuler et organiser les informations relatives \u00e0 vos abonn\u00e9s. Affichant une adaptabilit\u00e9 in\u00e9gal\u00e9e, ces formulaires sont enti\u00e8rement r\u00e9actifs, assurant leur apparence optimale sur n&rsquo;importe quel gadget, quelles que soient ses sp\u00e9cifications ou ses dimensions.<\/p>\n<p>De plus, les formulaires sont dot\u00e9s d\u2019une gamme de fonctionnalit\u00e9s sophistiqu\u00e9es. Ceux-ci englobent des \u00e9l\u00e9ments tels que la logique conditionnelle qui permet une prise de d\u00e9cision automatis\u00e9e bas\u00e9e sur des conditions sp\u00e9cifi\u00e9es et des formulaires multipages qui permettent la collecte d&rsquo;informations d\u00e9taill\u00e9es sur plusieurs pages, entre autres fonctionnalit\u00e9s avanc\u00e9es.<\/p>\n<p>De plus, la newsletter Formidable Forms s&rsquo;int\u00e8gre sans effort \u00e0 une multitude de services de marketing par e-mail r\u00e9put\u00e9s. Cette fusion vous permet de synchroniser et de renforcer vos tactiques de marketing par e-mail, amplifiant ainsi leur impact. Que votre objectif soit d&rsquo;amplifier votre liste de diffusion, d&rsquo;accro\u00eetre l&rsquo;implication de votre public ou d&rsquo;enrichir l&rsquo;efficacit\u00e9 de vos efforts marketing, la newsletter Formidable Forms s&rsquo;av\u00e8re \u00eatre un outil exceptionnel qui r\u00e9pond \u00e0 tous vos besoins.<\/p>\n","protected":false},"featured_media":146813,"comment_status":"open","ping_status":"open","template":"","meta":[],"product_brand":[2602],"product_cat":[1191,1181,1186],"product_tag":[2261],"class_list":{"0":"post-137115","1":"product","2":"type-product","3":"status-publish","4":"has-post-thumbnail","6":"product_brand-newsletter","7":"product_cat-formes","8":"product_cat-plugins","9":"product_cat-wordpress-plugins","10":"product_tag-newsletter","11":"member-discount","12":"discount-restricted","14":"first","15":"instock","16":"sale","17":"downloadable","18":"virtual","19":"sold-individually","20":"purchasable","21":"product-type-simple"},"_links":{"self":[{"href":"https:\/\/gpl-love.com\/fr\/wp-json\/wp\/v2\/product\/137115","targetHints":{"allow":["GET"]}}],"collection":[{"href":"https:\/\/gpl-love.com\/fr\/wp-json\/wp\/v2\/product"}],"about":[{"href":"https:\/\/gpl-love.com\/fr\/wp-json\/wp\/v2\/types\/product"}],"replies":[{"embeddable":true,"href":"https:\/\/gpl-love.com\/fr\/wp-json\/wp\/v2\/comments?post=137115"}],"wp:featuredmedia":[{"embeddable":true,"href":"https:\/\/gpl-love.com\/fr\/wp-json\/wp\/v2\/media\/146813"}],"wp:attachment":[{"href":"https:\/\/gpl-love.com\/fr\/wp-json\/wp\/v2\/media?parent=137115"}],"wp:term":[{"taxonomy":"product_brand","embeddable":true,"href":"https:\/\/gpl-love.com\/fr\/wp-json\/wp\/v2\/product_brand?post=137115"},{"taxonomy":"product_cat","embeddable":true,"href":"https:\/\/gpl-love.com\/fr\/wp-json\/wp\/v2\/product_cat?post=137115"},{"taxonomy":"product_tag","embeddable":true,"href":"https:\/\/gpl-love.com\/fr\/wp-json\/wp\/v2\/product_tag?post=137115"}],"curies":[{"name":"wp","href":"https:\/\/api.w.org\/{rel}","templated":true}]}}