{"id":137113,"date":"2024-11-28T00:00:00","date_gmt":"2024-11-27T23:00:00","guid":{"rendered":"https:\/\/gpl-love.com\/fr\/produit\/newsletter-easy-digital-downloads\/"},"modified":"2026-03-20T23:59:49","modified_gmt":"2026-03-20T22:59:49","slug":"newsletter-easy-digital-downloads","status":"publish","type":"product","link":"https:\/\/gpl-love.com\/fr\/produit\/newsletter-easy-digital-downloads\/","title":{"rendered":"Newsletter Easy Digital Downloads 1.1.0"},"content":{"rendered":"<h3>Newsletter Easy Digital Downloads Traits<\/h3>\n<p>Newsletter Easy Digital Downloads est un outil logiciel tr\u00e8s polyvalent qui permet aux entreprises d&rsquo;int\u00e9grer en douceur leur plateforme de t\u00e9l\u00e9chargement num\u00e9rique \u00e0 leur syst\u00e8me d&rsquo;abonnement \u00e0 la newsletter. Ce logiciel est con\u00e7u pour rationaliser vos efforts de marketing num\u00e9rique et est particuli\u00e8rement utile pour les entreprises vendant des produits num\u00e9riques tels que des livres \u00e9lectroniques, de la musique, des graphiques ou tout autre \u00e9l\u00e9ment t\u00e9l\u00e9chargeable. Avec la newsletter Easy Digital Downloads, vous pouvez g\u00e9rer et suivre vos t\u00e9l\u00e9chargements sans effort, tout en augmentant simultan\u00e9ment votre liste d&rsquo;abonn\u00e9s, ce qui facilite l&rsquo;engagement avec votre public et augmente les ventes. Il pr\u00e9sente une interface conviviale, des analyses avanc\u00e9es et un large \u00e9ventail d&rsquo;options personnalisables pour r\u00e9pondre aux besoins sp\u00e9cifiques de votre entreprise. Augmentez vos ventes de produits num\u00e9riques et fid\u00e9lisez votre client\u00e8le gr\u00e2ce \u00e0 la newsletter Easy Digital Downloads.<\/p>\n<ul>\n<li>Newsletter Easy Digital Downloads est un puissant outil de gestion de t\u00e9l\u00e9chargements num\u00e9riques con\u00e7u pour les entreprises et les particuliers.<\/li>\n<li>Fournit une plate-forme facile \u00e0 utiliser pour g\u00e9rer et distribuer du contenu num\u00e9rique via des newsletters.<\/li>\n<li>Comprend un syst\u00e8me de newsletter int\u00e9gr\u00e9 pour tenir les abonn\u00e9s inform\u00e9s des nouveaux contenus.<\/li>\n<li>S&rsquo;int\u00e8gre parfaitement \u00e0 votre site Web et \u00e0 votre plateforme de commerce \u00e9lectronique existants pour un t\u00e9l\u00e9chargement pratique.<\/li>\n<li>Fournit des analyses pour suivre les t\u00e9l\u00e9chargements et surveiller les performances de votre contenu num\u00e9rique.<\/li>\n<li>Assure la s\u00e9curit\u00e9 de votre contenu num\u00e9rique gr\u00e2ce \u00e0 une technologie de cryptage avanc\u00e9e.<\/li>\n<li>Permet aux utilisateurs de s&rsquo;abonner ou de se d\u00e9sinscrire facilement de la newsletter.<\/li>\n<li>Propose des mod\u00e8les personnalisables pour les newsletters, vous permettant de maintenir la coh\u00e9rence de la marque.<\/li>\n<li>Prend en charge divers formats de fichiers pour les t\u00e9l\u00e9chargements, r\u00e9pondant \u00e0 un large \u00e9ventail de besoins en mati\u00e8re de contenu num\u00e9rique.<\/li>\n<li>Aide \u00e0 am\u00e9liorer l\u2019engagement et la fid\u00e9lisation des clients gr\u00e2ce \u00e0 des mises \u00e0 jour r\u00e9guli\u00e8res du contenu.<\/li>\n<li>Id\u00e9al pour les blogueurs, les d\u00e9taillants en ligne, les plateformes d&rsquo;apprentissage en ligne et toute autre entreprise proposant du contenu num\u00e9rique.<\/li>\n<\/ul>\n","protected":false},"excerpt":{"rendered":"<p>Newsletter Easy Digital Downloads est un produit exceptionnel qui s&rsquo;int\u00e8gre parfaitement \u00e0 votre entreprise num\u00e9rique, offrant une myriade de fonctionnalit\u00e9s con\u00e7ues pour vous aider \u00e0 exceller dans vos efforts en ligne. Ce logiciel ph\u00e9nom\u00e9nal est une extension du plugin principal Easy Digital Downloads, con\u00e7u pour augmenter vos efforts de marketing en vous permettant d&rsquo;ajouter vos clients rapidement et efficacement \u00e0 votre liste de newsletter.<\/p>\n<p>Con\u00e7ue m\u00e9ticuleusement avec une interface conviviale, Newsletter Easy Digital Downloads vous permet de capitaliser sur vos t\u00e9l\u00e9chargements num\u00e9riques avec des strat\u00e9gies de marketing automatis\u00e9es. Il prend en charge divers services de newsletter tels que Mailchimp, AWeber et Sendy, vous permettant de rester efficacement connect\u00e9 avec vos clients.<\/p>\n<p>Le logiciel est con\u00e7u pour fonctionner en harmonie avec la majorit\u00e9 des th\u00e8mes WordPress, ce qui en fait un ajout polyvalent \u00e0 votre bo\u00eete \u00e0 outils num\u00e9rique. Avec ce plugin, vous pouvez automatiquement abonner les clients \u00e0 des listes sp\u00e9cifiques en fonction de ce qu&rsquo;ils ont achet\u00e9, et avec une prise en charge compl\u00e8te des groupes d&rsquo;int\u00e9r\u00eat et des champs personnalis\u00e9s, vous pouvez affiner votre strat\u00e9gie marketing pour cibler diff\u00e9rents segments de client\u00e8le.<\/p>\n<p>Le logiciel est \u00e9galement livr\u00e9 avec un syst\u00e8me de reporting complet, offrant des informations claires sur les performances de votre newsletter, vous permettant ainsi de prendre des d\u00e9cisions d&rsquo;am\u00e9lioration bas\u00e9es sur les donn\u00e9es. En int\u00e9grant Newsletter Easy Digital Downloads dans votre entreprise, vous pouvez cr\u00e9er, g\u00e9rer et envoyer des newsletters directement \u00e0 partir de votre tableau de bord WordPress, \u00e9liminant ainsi le besoin de services tiers.<\/p>\n<p>Ce produit n&rsquo;est pas simplement un plugin de newsletter, mais une toute nouvelle dimension d&rsquo;engagement client et d&rsquo;efficacit\u00e9 marketing. Profitez d\u00e8s aujourd\u2019hui du plugin Newsletter Easy Digital Downloads pour lib\u00e9rer tout le potentiel de votre activit\u00e9 en ligne.<\/p>\n","protected":false},"featured_media":146812,"comment_status":"open","ping_status":"open","template":"","meta":[],"product_brand":[2602],"product_cat":[1189,1181,1186],"product_tag":[2261],"class_list":{"0":"post-137113","1":"product","2":"type-product","3":"status-publish","4":"has-post-thumbnail","6":"product_brand-newsletter","7":"product_cat-personnalisation","8":"product_cat-plugins","9":"product_cat-wordpress-plugins","10":"product_tag-newsletter","11":"member-discount","12":"discount-restricted","14":"first","15":"instock","16":"sale","17":"downloadable","18":"virtual","19":"sold-individually","20":"purchasable","21":"product-type-simple"},"_links":{"self":[{"href":"https:\/\/gpl-love.com\/fr\/wp-json\/wp\/v2\/product\/137113","targetHints":{"allow":["GET"]}}],"collection":[{"href":"https:\/\/gpl-love.com\/fr\/wp-json\/wp\/v2\/product"}],"about":[{"href":"https:\/\/gpl-love.com\/fr\/wp-json\/wp\/v2\/types\/product"}],"replies":[{"embeddable":true,"href":"https:\/\/gpl-love.com\/fr\/wp-json\/wp\/v2\/comments?post=137113"}],"wp:featuredmedia":[{"embeddable":true,"href":"https:\/\/gpl-love.com\/fr\/wp-json\/wp\/v2\/media\/146812"}],"wp:attachment":[{"href":"https:\/\/gpl-love.com\/fr\/wp-json\/wp\/v2\/media?parent=137113"}],"wp:term":[{"taxonomy":"product_brand","embeddable":true,"href":"https:\/\/gpl-love.com\/fr\/wp-json\/wp\/v2\/product_brand?post=137113"},{"taxonomy":"product_cat","embeddable":true,"href":"https:\/\/gpl-love.com\/fr\/wp-json\/wp\/v2\/product_cat?post=137113"},{"taxonomy":"product_tag","embeddable":true,"href":"https:\/\/gpl-love.com\/fr\/wp-json\/wp\/v2\/product_tag?post=137113"}],"curies":[{"name":"wp","href":"https:\/\/api.w.org\/{rel}","templated":true}]}}