{"id":137111,"date":"2026-02-26T00:00:00","date_gmt":"2026-02-25T23:00:00","guid":{"rendered":"https:\/\/gpl-love.com\/fr\/produit\/newsletter-elastic-email\/"},"modified":"2026-03-20T23:59:48","modified_gmt":"2026-03-20T22:59:48","slug":"newsletter-elastic-email","status":"publish","type":"product","link":"https:\/\/gpl-love.com\/fr\/produit\/newsletter-elastic-email\/","title":{"rendered":"Newsletter Elastic Email 1.3.0"},"content":{"rendered":"<h3>Newsletter Elastic Email Traits<\/h3>\n<p>La newsletter Elastic Email est une plate-forme tr\u00e8s efficace bas\u00e9e sur le cloud con\u00e7ue pour rationaliser le processus d&rsquo;envoi de courriels ou de newsletters professionnels \u00e0 vos clients ou abonn\u00e9s. Cet outil puissant est \u00e9quip\u00e9 de fonctionnalit\u00e9s avanc\u00e9es, telles que des tests A \/ B sophistiqu\u00e9s, des analyses d\u00e9taill\u00e9es et un s\u00e9quen\u00e7age de messagerie automatis\u00e9, permettant une approche plus strat\u00e9gique de vos campagnes de marketing par e-mail. Avec son API robuste, vous pouvez facilement l&rsquo;int\u00e9grer \u00e0 vos syst\u00e8mes existants. Le courrier \u00e9lectronique \u00e9lastique de newsletter priorise \u00e9galement la s\u00e9curit\u00e9 et garantit que toutes les donn\u00e9es sont prot\u00e9g\u00e9es par des normes de pointe. Son interface conviviale et sa tarification flexible en font un choix pr\u00e9f\u00e9r\u00e9 pour les entreprises de toutes tailles. Boostez votre strat\u00e9gie de marketing par e-mail avec un e-mail \u00e9lastique de newsletter.<\/p>\n<ul>\n<li>Elastic Email Newsletter est un outil de marketing par e-mail sophistiqu\u00e9 con\u00e7u pour les entreprises de toutes tailles.<\/li>\n<li>Fournit des fonctionnalit\u00e9s avanc\u00e9es, notamment des tests A \/ B, des porte-autores et des analyses d\u00e9taill\u00e9es.<\/li>\n<li>Offre une interface conviviale qui permet la cr\u00e9ation et la personnalisation faciles des mod\u00e8les de newsletter.<\/li>\n<li>Prend en charge des e-mails illimit\u00e9s et a un taux de livraison \u00e9lev\u00e9, garantissant que vos newsletters atteignent efficacement votre public cible.<\/li>\n<li>Comprend un syst\u00e8me de gestion de contact efficace pour organiser vos abonn\u00e9s et suivre leurs interactions.<\/li>\n<li>Permet l&rsquo;int\u00e9gration avec diverses applications tierces pour les op\u00e9rations de marketing transparentes.<\/li>\n<li>Offre des fonctionnalit\u00e9s de suivi et de rapport en temps r\u00e9el pour surveiller les performances de votre campagne de messagerie.<\/li>\n<li>Livr\u00e9 avec un support client fiable disponible 24\/7 par e-mail et chat en direct.<\/li>\n<li>Assure un niveau \u00e9lev\u00e9 de s\u00e9curit\u00e9 des donn\u00e9es et se conforme aux r\u00e9glementations internationales de confidentialit\u00e9.<\/li>\n<li>Fournit une solution rentable avec des plans de prix \u00e9volutifs qui r\u00e9pondent \u00e0 la taille et aux besoins de votre entreprise.<\/li>\n<\/ul>\n","protected":false},"excerpt":{"rendered":"<p>Le produit e-mail \u00e9lastique de newsletter est une solution de messagerie sophistiqu\u00e9e et technologiquement avanc\u00e9e con\u00e7ue pour r\u00e9pondre \u00e0 tous vos besoins de communication professionnels. Ce produit r\u00e9volutionnaire vous permet de cr\u00e9er et d&rsquo;envoyer des newsletters magnifiquement con\u00e7ues de mani\u00e8re pratique et efficace, optimisant ainsi les strat\u00e9gies de marketing par e-mail de votre entreprise. Le courrier \u00e9lectronique \u00e9lastique de newsletter est con\u00e7u avec une multitude de fonctionnalit\u00e9s conviviales, telles qu&rsquo;un \u00e9diteur de glisser-d\u00e9poser intuitif et une multitude de mod\u00e8les pr\u00e9-con\u00e7us, vous permettant de cr\u00e9er des newsletters personnalis\u00e9s avec facilit\u00e9 et vitesse. En outre, les fonctionnalit\u00e9s innovantes de ce produit ne se limitent pas \u00e0 la cr\u00e9ation par e-mail; Il fournit \u00e9galement un tableau de bord d&rsquo;analyse complet, vous permettant de suivre et de mesurer le succ\u00e8s de vos campagnes. Le courrier \u00e9lectronique \u00e9lastique de newsletter poss\u00e8de \u00e9galement un taux de livraison \u00e9lev\u00e9, en veillant \u00e0 ce que vos e-mails atteignent la bo\u00eete de r\u00e9ception du destinataire au lieu du dossier de spam, un probl\u00e8me commun avec les e-mails de masse. Avec sa capacit\u00e9 \u00e0 g\u00e9rer de grands volumes de courriels sans compromettre la vitesse ou les performances, ce produit est un partenaire fiable pour les entreprises de toutes tailles et niches. Donc, que vous soyez une startup qui cherche \u00e0 atteindre des clients potentiels ou une grande entreprise visant \u00e0 maintenir une ligne de communication claire avec vos parties prenantes, l&rsquo;e-mail \u00e9lastique de newsletter est un outil inestimable qui \u00e9l\u00e8vera s\u00fbrement vos efforts de marketing par e-mail \u00e0 de nouvelles sommets .<\/p>\n","protected":false},"featured_media":146811,"comment_status":"open","ping_status":"open","template":"","meta":[],"product_brand":[2602],"product_cat":[1189,1181,1186],"product_tag":[2261],"class_list":{"0":"post-137111","1":"product","2":"type-product","3":"status-publish","4":"has-post-thumbnail","6":"product_brand-newsletter","7":"product_cat-personnalisation","8":"product_cat-plugins","9":"product_cat-wordpress-plugins","10":"product_tag-newsletter","11":"member-discount","12":"discount-restricted","14":"first","15":"instock","16":"sale","17":"downloadable","18":"virtual","19":"sold-individually","20":"purchasable","21":"product-type-simple"},"_links":{"self":[{"href":"https:\/\/gpl-love.com\/fr\/wp-json\/wp\/v2\/product\/137111","targetHints":{"allow":["GET"]}}],"collection":[{"href":"https:\/\/gpl-love.com\/fr\/wp-json\/wp\/v2\/product"}],"about":[{"href":"https:\/\/gpl-love.com\/fr\/wp-json\/wp\/v2\/types\/product"}],"replies":[{"embeddable":true,"href":"https:\/\/gpl-love.com\/fr\/wp-json\/wp\/v2\/comments?post=137111"}],"wp:featuredmedia":[{"embeddable":true,"href":"https:\/\/gpl-love.com\/fr\/wp-json\/wp\/v2\/media\/146811"}],"wp:attachment":[{"href":"https:\/\/gpl-love.com\/fr\/wp-json\/wp\/v2\/media?parent=137111"}],"wp:term":[{"taxonomy":"product_brand","embeddable":true,"href":"https:\/\/gpl-love.com\/fr\/wp-json\/wp\/v2\/product_brand?post=137111"},{"taxonomy":"product_cat","embeddable":true,"href":"https:\/\/gpl-love.com\/fr\/wp-json\/wp\/v2\/product_cat?post=137111"},{"taxonomy":"product_tag","embeddable":true,"href":"https:\/\/gpl-love.com\/fr\/wp-json\/wp\/v2\/product_tag?post=137111"}],"curies":[{"name":"wp","href":"https:\/\/api.w.org\/{rel}","templated":true}]}}