{"id":137109,"date":"2025-11-02T00:00:00","date_gmt":"2025-11-01T23:00:00","guid":{"rendered":"https:\/\/gpl-love.com\/fr\/produit\/newsletter-events-manager\/"},"modified":"2026-03-28T23:33:00","modified_gmt":"2026-03-28T22:33:00","slug":"newsletter-events-manager","status":"publish","type":"product","link":"https:\/\/gpl-love.com\/fr\/produit\/newsletter-events-manager\/","title":{"rendered":"Newsletter Events Manager 1.5.3"},"content":{"rendered":"<h3>Newsletter Events Manager Traits<\/h3>\n<p>Le Newsletter Events Manager est un outil innovant et complet con\u00e7u pour rationaliser et am\u00e9liorer votre processus de gestion des \u00e9v\u00e9nements. Ce logiciel vous permet de cr\u00e9er, organiser et g\u00e9rer toutes vos informations li\u00e9es \u00e0 l&rsquo;\u00e9v\u00e9nement dans une seule plate-forme. Avec son interface intuitive, vous pouvez facilement planifier des \u00e9v\u00e9nements, envoyer des invitations, suivre les RSVP et partager des mises \u00e0 jour d&rsquo;\u00e9v\u00e9nements dans votre newsletter. L&rsquo;int\u00e9gration avec les principales plates-formes de messagerie permet de distribuer des newsletters \u00e0 votre public, en les gardant engag\u00e9s et inform\u00e9s. Le Newsletter Events Manager propose \u00e9galement des analyses robustes pour surveiller les performances de vos \u00e9v\u00e9nements et newsletters, vous permettant de prendre des d\u00e9cisions bas\u00e9es sur les donn\u00e9es. Avec cet outil, la gestion des \u00e9v\u00e9nements et des newsletters devient efficace et sans tracas, vous donnant plus de temps pour vous concentrer sur la cr\u00e9ation d&rsquo;exp\u00e9riences m\u00e9morables pour votre public.<\/p>\n<ul>\n<li>Outil complet pour g\u00e9rer et coordination des \u00e9v\u00e9nements de newsletter<\/li>\n<li>Permet une planification, un suivi et une promotion faciles du contenu de newsletter<\/li>\n<li>Fournit des fonctionnalit\u00e9s pour cr\u00e9er et publier des newsletters engageants<\/li>\n<li>Comprend des mod\u00e8les et conceptions personnalisables pour une marque unique<\/li>\n<li>Prend en charge la diss\u00e9mination automatis\u00e9e de newsletter pour une communication efficace<\/li>\n<li>Permet la segmentation du public de newsletter pour des exp\u00e9riences personnalis\u00e9es<\/li>\n<li>Analyse int\u00e9gr\u00e9e pour mesurer les performances des newsletter et l&rsquo;engagement des utilisateurs<\/li>\n<li>Facilite la collaboration avec les membres de l&rsquo;\u00e9quipe dans la cr\u00e9ation et l&rsquo;ex\u00e9cution d&rsquo;\u00e9v\u00e9nements de newsletter<\/li>\n<li>Interface conviviale, adapt\u00e9e aux d\u00e9butants et aux experts<\/li>\n<li>Compatible avec diverses plates-formes et appareils pour un fonctionnement transparent.<\/li>\n<\/ul>\n","protected":false},"excerpt":{"rendered":"<p>Embrassez les capacit\u00e9s puissantes de notre gestionnaire d&rsquo;innovations sur les \u00e9v\u00e9nements de newsletter, un outil qui a \u00e9t\u00e9 m\u00e9ticuleusement con\u00e7u pour rationaliser votre flux de travail et suralimenter vos t\u00e2ches de gestion d&rsquo;\u00e9v\u00e9nements. Ce n&rsquo;est pas seulement une application logicielle principale, c&rsquo;est un m\u00e9lange synergique de fonctionnalit\u00e9s intuitives et de fonctionnalit\u00e9s dynamiques qui ont la capacit\u00e9 de transformer vos op\u00e9rations, ce qui les rend \u00e0 la fois efficaces et efficaces. Impr\u00e9gn\u00e9 de la capacit\u00e9 de g\u00e9rer une gamme de t\u00e2ches de la planification des \u00e9v\u00e9nements, de la planification au marketing par e-mail, cet outil est une solution compl\u00e8te pour les entreprises de toutes tailles et types.<\/p>\n<p>Le Newsletter Events Manager est impr\u00e9gn\u00e9 d&rsquo;une technologie qui vous permet de g\u00e9rer efficacement toutes vos newsletters li\u00e9es \u00e0 l&rsquo;\u00e9v\u00e9nement \u00e0 partir d&rsquo;une seule plate-forme conviviale. Cet outil unique permet aux utilisateurs de planifier de mani\u00e8re transparente les newsletters, de g\u00e9rer les inscriptions et de communiquer des mises \u00e0 jour ou des modifications, tout en fournissant un soutien robuste aux campagnes de marketing. L&rsquo;interface int\u00e9gr\u00e9e du gestionnaire d&rsquo;\u00e9v\u00e9nements de newsletter est fabriqu\u00e9e avec pr\u00e9cision, assurant une navigation et une accessibilit\u00e9 faciles, ce qui en fait une joie \u00e0 utiliser.<\/p>\n<p>Que vous soyez un propri\u00e9taire de petite entreprise, un directeur d&rsquo;\u00e9v\u00e9nements d&rsquo;entreprise ou un professionnel ind\u00e9pendant, le responsable des \u00e9v\u00e9nements de newsletter r\u00e9pond \u00e0 vos besoins uniques et peut \u00eatre adapt\u00e9 pour vous synchroniser avec votre dynamique de workflow sp\u00e9cifique. Ce produit est l&rsquo;aboutissement des efforts de recherche et de d\u00e9veloppement d\u00e9di\u00e9s visant \u00e0 rationaliser le processus de gestion des \u00e9v\u00e9nements, et il t\u00e9moigne de notre engagement \u00e0 \u00e9lever l&rsquo;exp\u00e9rience utilisateur.<\/p>\n<p>Dans un monde qui devient de plus en plus num\u00e9rique, allez en avance sur la courbe avec notre responsable des \u00e9v\u00e9nements de newsletter. Il vous offre la flexibilit\u00e9 et la commodit\u00e9 dont vous avez besoin pour g\u00e9rer efficacement vos \u00e9v\u00e9nements tout en am\u00e9liorant l&rsquo;engagement de votre public. Cet outil logiciel distinctif n&rsquo;est pas seulement une autre application; C&rsquo;est un investissement dans votre avenir, une \u00e9volution strat\u00e9gique vers l&rsquo;efficacit\u00e9, la productivit\u00e9 et le succ\u00e8s. L&rsquo;inclusion de cet outil dans vos op\u00e9rations r\u00e9volutionnera sans aucun doute la fa\u00e7on dont vous g\u00e9rez et communiquera sur vos \u00e9v\u00e9nements.<\/p>\n","protected":false},"featured_media":146810,"comment_status":"open","ping_status":"open","template":"","meta":[],"product_brand":[2602],"product_cat":[1189,1181,1186],"product_tag":[2261],"class_list":{"0":"post-137109","1":"product","2":"type-product","3":"status-publish","4":"has-post-thumbnail","6":"product_brand-newsletter","7":"product_cat-personnalisation","8":"product_cat-plugins","9":"product_cat-wordpress-plugins","10":"product_tag-newsletter","11":"member-discount","12":"discount-restricted","14":"first","15":"instock","16":"sale","17":"downloadable","18":"virtual","19":"sold-individually","20":"purchasable","21":"product-type-simple"},"_links":{"self":[{"href":"https:\/\/gpl-love.com\/fr\/wp-json\/wp\/v2\/product\/137109","targetHints":{"allow":["GET"]}}],"collection":[{"href":"https:\/\/gpl-love.com\/fr\/wp-json\/wp\/v2\/product"}],"about":[{"href":"https:\/\/gpl-love.com\/fr\/wp-json\/wp\/v2\/types\/product"}],"replies":[{"embeddable":true,"href":"https:\/\/gpl-love.com\/fr\/wp-json\/wp\/v2\/comments?post=137109"}],"wp:featuredmedia":[{"embeddable":true,"href":"https:\/\/gpl-love.com\/fr\/wp-json\/wp\/v2\/media\/146810"}],"wp:attachment":[{"href":"https:\/\/gpl-love.com\/fr\/wp-json\/wp\/v2\/media?parent=137109"}],"wp:term":[{"taxonomy":"product_brand","embeddable":true,"href":"https:\/\/gpl-love.com\/fr\/wp-json\/wp\/v2\/product_brand?post=137109"},{"taxonomy":"product_cat","embeddable":true,"href":"https:\/\/gpl-love.com\/fr\/wp-json\/wp\/v2\/product_cat?post=137109"},{"taxonomy":"product_tag","embeddable":true,"href":"https:\/\/gpl-love.com\/fr\/wp-json\/wp\/v2\/product_tag?post=137109"}],"curies":[{"name":"wp","href":"https:\/\/api.w.org\/{rel}","templated":true}]}}