{"id":137107,"date":"2026-02-18T00:00:00","date_gmt":"2026-02-17T23:00:00","guid":{"rendered":"https:\/\/gpl-love.com\/fr\/produit\/newsletter-mailgun\/"},"modified":"2026-03-20T23:59:46","modified_gmt":"2026-03-20T22:59:46","slug":"newsletter-mailgun","status":"publish","type":"product","link":"https:\/\/gpl-love.com\/fr\/produit\/newsletter-mailgun\/","title":{"rendered":"Newsletter Mailgun 4.3.5"},"content":{"rendered":"<h3>Newsletter Mailgun Traits<\/h3>\n<p>La newsletter Mailgun est un produit dynamique et convivial qui r\u00e9volutionne la fa\u00e7on dont vous g\u00e9rez vos strat\u00e9gies de marketing par e-mail. Il s&rsquo;agit d&rsquo;un outil sp\u00e9cialement con\u00e7u pour envoyer, recevoir et suivre les newsletters par e-mail avec efficacit\u00e9 et facilit\u00e9. Avec la newsletter Mailgun, vous pouvez segmenter et automatiser efficacement vos e-mails, en vous assurant qu&rsquo;ils atteignent le bon public au bon moment. Il offre des analyses puissantes pour suivre les performances de votre newsletter, vous aidant \u00e0 prendre des d\u00e9cisions bas\u00e9es sur les donn\u00e9es pour optimiser vos efforts de marketing. Que vous soyez une petite entreprise ou une grande entreprise, le bulletin d&rsquo;information Mailgun offre des solutions fiables, \u00e9volutives et personnalisables pour r\u00e9pondre \u00e0 tous vos besoins en marketing par e-mail.<\/p>\n<ul>\n<li>Le service de newsletter de Mailgun permet aux entreprises d&rsquo;engager efficacement leurs clients gr\u00e2ce au marketing par e-mail.<\/li>\n<li>Fournit une infrastructure de messagerie robuste, fiable et \u00e9volutive pour envoyer, recevoir et suivre les newsletters par e-mail.<\/li>\n<li>Fonctionne des mod\u00e8les de messagerie personnalisables pour r\u00e9pondre aux besoins de votre entreprise et \u00e0 votre image de marque.<\/li>\n<li>Offre des analyses d\u00e9taill\u00e9es pour suivre l&rsquo;efficacit\u00e9 et la port\u00e9e de vos newsletters.<\/li>\n<li>Permet \u00e0 la segmentation et \u00e0 la personnalisation de mieux cibler des publics sp\u00e9cifiques.<\/li>\n<li>Assure des taux de livrabilit\u00e9 \u00e9lev\u00e9s et prot\u00e8ge contre le spam et le phishing.<\/li>\n<li>Enti\u00e8rement compatible avec les syst\u00e8mes de gestion de contenu populaires et prend en charge l&rsquo;int\u00e9gration avec diverses applications et outils.<\/li>\n<li>Livr\u00e9 avec une fonction de test A \/ B int\u00e9gr\u00e9e pour optimiser les performances des newsletter.<\/li>\n<li>Fournit une API pour les d\u00e9veloppeurs pour une int\u00e9gration facile et flexible.<\/li>\n<li>Offre un support client 24\/7 pour aider \u00e0 r\u00e9soudre tous les probl\u00e8mes qui peuvent survenir.<\/li>\n<li>Assure le respect du RGPD et d&rsquo;autres r\u00e9glementations de confidentialit\u00e9.<\/li>\n<\/ul>\n","protected":false},"excerpt":{"rendered":"<p>L&rsquo;outil de newsletter de Mailgun est une solution moderne \u00e0 la pointe de la technologie m\u00e9ticuleusement con\u00e7ue pour r\u00e9pondre \u00e0 tous vos besoins en marketing par e-mail. B\u00e9n\u00e9ficiant d&rsquo;une architecture robuste, cet outil vous apporte une plate-forme qui s&rsquo;int\u00e8gre de mani\u00e8re transparente \u00e0 vos syst\u00e8mes et vous permet d&rsquo;envoyer des newsletters \u00e0 votre public cibl\u00e9, en vous assurant de rester connect\u00e9 avec vos clients, ce qui leur donne des mises \u00e0 jour int\u00e9ressantes sur votre entreprise. Ses fonctionnalit\u00e9s uniques telles que des mod\u00e8les personnalisables et un suivi avanc\u00e9 vous offrent la flexibilit\u00e9 pour cr\u00e9er des newsletters distinctifs qui s&rsquo;alignent sur l&rsquo;identit\u00e9 de votre marque et offrent des informations pr\u00e9cieuses sur les performances de vos e-mails. Avec l&rsquo;outil de newsletter de Mailgun, vous pouvez \u00e9galement d\u00e9couvrir la puissance de ses algorithmes avanc\u00e9s qui garantissent les taux de livrabilit\u00e9 les plus \u00e9lev\u00e9s, en positionnant votre e-mail dans la bo\u00eete de r\u00e9ception du client et non dans le dossier Spam. Cet outil est votre partenaire parfait pour mener des campagnes de marketing par e-mail r\u00e9ussies sans aucun probl\u00e8me technique, vous offrant le contr\u00f4le complet de votre messagerie et de votre engagement d&rsquo;audience. Il est con\u00e7u pour \u00e9lever la visibilit\u00e9 de votre marque, g\u00e9n\u00e9rer une augmentation du trafic et augmenter les taux de conversion, contribuant ainsi efficacement \u00e0 la croissance globale de votre entreprise.<\/p>\n","protected":false},"featured_media":146809,"comment_status":"open","ping_status":"open","template":"","meta":[],"product_brand":[2602],"product_cat":[1189,1181,1186],"product_tag":[2261],"class_list":{"0":"post-137107","1":"product","2":"type-product","3":"status-publish","4":"has-post-thumbnail","6":"product_brand-newsletter","7":"product_cat-personnalisation","8":"product_cat-plugins","9":"product_cat-wordpress-plugins","10":"product_tag-newsletter","11":"member-discount","12":"discount-restricted","14":"first","15":"instock","16":"sale","17":"downloadable","18":"virtual","19":"sold-individually","20":"purchasable","21":"product-type-simple"},"_links":{"self":[{"href":"https:\/\/gpl-love.com\/fr\/wp-json\/wp\/v2\/product\/137107","targetHints":{"allow":["GET"]}}],"collection":[{"href":"https:\/\/gpl-love.com\/fr\/wp-json\/wp\/v2\/product"}],"about":[{"href":"https:\/\/gpl-love.com\/fr\/wp-json\/wp\/v2\/types\/product"}],"replies":[{"embeddable":true,"href":"https:\/\/gpl-love.com\/fr\/wp-json\/wp\/v2\/comments?post=137107"}],"wp:featuredmedia":[{"embeddable":true,"href":"https:\/\/gpl-love.com\/fr\/wp-json\/wp\/v2\/media\/146809"}],"wp:attachment":[{"href":"https:\/\/gpl-love.com\/fr\/wp-json\/wp\/v2\/media?parent=137107"}],"wp:term":[{"taxonomy":"product_brand","embeddable":true,"href":"https:\/\/gpl-love.com\/fr\/wp-json\/wp\/v2\/product_brand?post=137107"},{"taxonomy":"product_cat","embeddable":true,"href":"https:\/\/gpl-love.com\/fr\/wp-json\/wp\/v2\/product_cat?post=137107"},{"taxonomy":"product_tag","embeddable":true,"href":"https:\/\/gpl-love.com\/fr\/wp-json\/wp\/v2\/product_tag?post=137107"}],"curies":[{"name":"wp","href":"https:\/\/api.w.org\/{rel}","templated":true}]}}