{"id":137105,"date":"2026-02-18T00:00:00","date_gmt":"2026-02-17T23:00:00","guid":{"rendered":"https:\/\/gpl-love.com\/fr\/produit\/newsletter-mailjet\/"},"modified":"2026-03-20T23:59:45","modified_gmt":"2026-03-20T22:59:45","slug":"newsletter-mailjet","status":"publish","type":"product","link":"https:\/\/gpl-love.com\/fr\/produit\/newsletter-mailjet\/","title":{"rendered":"Newsletter Mailjet 4.2.8"},"content":{"rendered":"<h3>Newsletter Mailjet Traits<\/h3>\n<p>La newsletter MailJet est un puissant outil de marketing par e-mail con\u00e7u pour faciliter la cr\u00e9ation et la distribution des newsletters. Ce produit propose une gamme de fonctionnalit\u00e9s, notamment un constructeur de messagerie intuitif, une segmentation des destinataires, des mod\u00e8les personnalisables et des tests A \/ B. Avec la newsletter Mailjet, les utilisateurs peuvent cr\u00e9er des newsletters attrayantes et engageantes sans aucune comp\u00e9tence de codage. Il permet \u00e9galement le suivi des performances des e-mails gr\u00e2ce \u00e0 une analyse compl\u00e8te, permettant aux entreprises de surveiller les ouvertures, les clics et les rebonds pour une gestion efficace de campagne. La plate-forme est compatible avec diverses plateformes d&rsquo;int\u00e9gration transparente, ce qui en fait un choix pr\u00e9f\u00e9r\u00e9 pour les entreprises qui cherchent \u00e0 am\u00e9liorer leurs strat\u00e9gies de marketing par e-mail.<\/p>\n<ul>\n<li>La newsletter MailJet est une plate-forme de marketing par e-mail con\u00e7ue pour les entreprises de toutes tailles.<\/li>\n<li>Offre des mod\u00e8les de newsletter personnalisables pour cr\u00e9er un contenu engageant et de haute qualit\u00e9 pour les destinataires.<\/li>\n<li>Permet la segmentation des contacts pour des campagnes de marketing cibl\u00e9es.<\/li>\n<li>Permet l&rsquo;automatisation des processus de marketing par e-mail pour accro\u00eetre l&rsquo;efficacit\u00e9 et la productivit\u00e9.<\/li>\n<li>Fournit des statistiques et des analyses en temps r\u00e9el pour comprendre les performances de vos campagnes.<\/li>\n<li>Assure des taux de livraison \u00e9lev\u00e9s et une protection des spams pour une communication fiable et efficace.<\/li>\n<li>Offre des fonctionnalit\u00e9s de test et de personnalisation A \/ B pour un engagement optimis\u00e9.<\/li>\n<li>Prend en charge la collaboration multi-utilisateurs, permettant aux \u00e9quipes de travailler ensemble sur la conception et la distribution des newsletter.<\/li>\n<li>S&rsquo;int\u00e8gre aux outils CRM populaires, aux plateformes de m\u00e9dias sociaux et aux syst\u00e8mes de commerce \u00e9lectronique pour un fonctionnement transparent.<\/li>\n<li>Fonctionne le soutien linguistique international et se conforme aux lois mondiales de confidentialit\u00e9 pour une utilisation s\u00fbre et s\u00e9curis\u00e9e.<\/li>\n<\/ul>\n","protected":false},"excerpt":{"rendered":"<p>MailJet Newsletter est un produit exceptionnel, un outil num\u00e9rique vraiment dynamique et innovant qui r\u00e9sume les derni\u00e8res progr\u00e8s de la technologie de marketing par e-mail. Il est con\u00e7u pour rationaliser le processus de cr\u00e9ation et d&rsquo;envoi de newsletters \u00e0 un large \u00e9ventail de publics, soigneusement con\u00e7us pour rendre l&rsquo;exp\u00e9rience de l&rsquo;utilisateur aussi fluide et engageant que possible.<\/p>\n<p>Le g\u00e9nie derri\u00e8re la newsletter Mailjet est la fa\u00e7on dont il combine sans effort des fonctionnalit\u00e9s robustes avec des fonctionnalit\u00e9s de conception intuitives. Il poss\u00e8de un \u00e9diteur de courrier \u00e9lectronique \u00e0 la pointe de la technologie et glisser-d\u00e9poser qui permet aux utilisateurs de construire des newsletters esth\u00e9tiquement agr\u00e9ables et de haute qualit\u00e9 sans avoir besoin de comp\u00e9tences techniques avanc\u00e9es. Cet outil avanc\u00e9 n&rsquo;est pas simplement un fournisseur de newsletters standard; Il ouvre la porte \u00e0 la libert\u00e9 cr\u00e9ative, permettant aux utilisateurs de personnaliser leur contenu et leur conception en fonction des besoins et des pr\u00e9f\u00e9rences sp\u00e9cifiques de leurs destinataires.<\/p>\n<p>De plus, MailJet Newsletter poss\u00e8de des outils de suivi et analytiques impressionnants. Ces fonctionnalit\u00e9s sophistiqu\u00e9es vous permettent de surveiller et d&rsquo;\u00e9valuer les performances de vos newsletters en temps r\u00e9el, offrant des informations pr\u00e9cieuses sur les taux d&rsquo;ouverture, les taux de clics et les niveaux d&rsquo;engagement globaux. En fournissant ces mesures essentielles, la plate-forme vous permet de prendre des d\u00e9cisions \u00e9clair\u00e9es, d&rsquo;affiner votre strat\u00e9gie et d&rsquo;optimiser les futurs newsletters pour r\u00e9ussir.<\/p>\n<p>De plus, MailJet Newsletter comprend l&rsquo;importance de l&rsquo;int\u00e9gration transparente avec vos syst\u00e8mes et processus existants. Il est con\u00e7u pour int\u00e9grer impeccablement avec plusieurs plates-formes CRM et solutions de commerce \u00e9lectronique, garantissant un flux de travail en douceur et une facilit\u00e9 d&rsquo;utilisation incroyable. Avec son infrastructure robuste, il est con\u00e7u pour g\u00e9rer les exigences rigoureuses des exp\u00e9diteurs \u00e0 volume \u00e9lev\u00e9, tout en maintenant la vitesse et la fiabilit\u00e9.<\/p>\n<p>En conclusion, la newsletter Mailjet n&rsquo;est pas seulement un autre outil num\u00e9rique; C&rsquo;est un alli\u00e9 puissant dans vos efforts de marketing par e-mail. Avec son m\u00e9lange de conception conviviale, de fonctionnalit\u00e9s avanc\u00e9es et de performances impressionnantes, il est con\u00e7u pour \u00e9lever votre jeu de marketing par e-mail \u00e0 de nouveaux sommets. Que vous soyez un propri\u00e9taire de petite entreprise qui cherche \u00e0 vous connecter avec vos clients, un professionnel du marketing qui cherche \u00e0 optimiser vos campagnes, ou une grande entreprise visant \u00e0 rationaliser vos processus, le bulletin de courrier se distingue comme le choix parfait.<\/p>\n","protected":false},"featured_media":146808,"comment_status":"open","ping_status":"open","template":"","meta":[],"product_brand":[2602],"product_cat":[1189,1181,1186],"product_tag":[2261],"class_list":{"0":"post-137105","1":"product","2":"type-product","3":"status-publish","4":"has-post-thumbnail","6":"product_brand-newsletter","7":"product_cat-personnalisation","8":"product_cat-plugins","9":"product_cat-wordpress-plugins","10":"product_tag-newsletter","11":"member-discount","12":"discount-restricted","14":"first","15":"instock","16":"sale","17":"downloadable","18":"virtual","19":"sold-individually","20":"purchasable","21":"product-type-simple"},"_links":{"self":[{"href":"https:\/\/gpl-love.com\/fr\/wp-json\/wp\/v2\/product\/137105","targetHints":{"allow":["GET"]}}],"collection":[{"href":"https:\/\/gpl-love.com\/fr\/wp-json\/wp\/v2\/product"}],"about":[{"href":"https:\/\/gpl-love.com\/fr\/wp-json\/wp\/v2\/types\/product"}],"replies":[{"embeddable":true,"href":"https:\/\/gpl-love.com\/fr\/wp-json\/wp\/v2\/comments?post=137105"}],"wp:featuredmedia":[{"embeddable":true,"href":"https:\/\/gpl-love.com\/fr\/wp-json\/wp\/v2\/media\/146808"}],"wp:attachment":[{"href":"https:\/\/gpl-love.com\/fr\/wp-json\/wp\/v2\/media?parent=137105"}],"wp:term":[{"taxonomy":"product_brand","embeddable":true,"href":"https:\/\/gpl-love.com\/fr\/wp-json\/wp\/v2\/product_brand?post=137105"},{"taxonomy":"product_cat","embeddable":true,"href":"https:\/\/gpl-love.com\/fr\/wp-json\/wp\/v2\/product_cat?post=137105"},{"taxonomy":"product_tag","embeddable":true,"href":"https:\/\/gpl-love.com\/fr\/wp-json\/wp\/v2\/product_tag?post=137105"}],"curies":[{"name":"wp","href":"https:\/\/api.w.org\/{rel}","templated":true}]}}