{"id":137103,"date":"2026-02-23T00:00:00","date_gmt":"2026-02-22T23:00:00","guid":{"rendered":"https:\/\/gpl-love.com\/fr\/produit\/newsletter-reports-and-retargeting\/"},"modified":"2026-03-20T23:59:45","modified_gmt":"2026-03-20T22:59:45","slug":"newsletter-reports-and-retargeting","status":"publish","type":"product","link":"https:\/\/gpl-love.com\/fr\/produit\/newsletter-reports-and-retargeting\/","title":{"rendered":"Newsletter Reports et Retargeting 4.7.2"},"content":{"rendered":"<h3>Newsletter Reports et Retargeting Traits<\/h3>\n<p>Notre bulletin d&rsquo;information et de reciblage est un outil puissant qui optimise vos strat\u00e9gies de marketing et am\u00e9liore l&rsquo;engagement des consommateurs. Il fournit des rapports complets sur vos campagnes de newsletter, mettant en \u00e9vidence les mesures cl\u00e9s telles que les taux d&rsquo;ouverture, les taux de clics et les taux de conversion. Cette fonctionnalit\u00e9 analytique riche en donn\u00e9es vous permet de mieux comprendre le comportement et les pr\u00e9f\u00e9rences de votre public, identifiant ce qui fonctionne et ce qui ne fait pas dans vos newsletters. De plus, notre produit propose \u00e9galement une fonctionnalit\u00e9 de reciblage, qui vous permet de cr\u00e9er des campagnes personnalis\u00e9es pour votre public qui ont montr\u00e9 de l&rsquo;int\u00e9r\u00eat pour vos produits ou services mais qui n&rsquo;ont pas converti. En r\u00e9engageant ces clients potentiels avec des annonces cibl\u00e9es, vous pouvez augmenter vos chances de conversions et de retour sur investissement. Ce produit \u00e0 double fonction est con\u00e7u pour rationaliser vos efforts de marketing et vous aider \u00e0 prendre des d\u00e9cisions bas\u00e9es sur les donn\u00e9es pour la croissance des entreprises.<\/p>\n<ul>\n<li>Un logiciel robuste fournissant des rapports avanc\u00e9s de newsletter, permettant aux entreprises de g\u00e9rer et de surveiller efficacement leurs campagnes de marketing par e-mail.<\/li>\n<li>Comprend un outil de r\u00e9-ciblage intelligent, permettant aux sp\u00e9cialistes du marketing de contacter strat\u00e9giquement les clients potentiels qui ont montr\u00e9 de l&rsquo;int\u00e9r\u00eat pour leurs produits ou services.<\/li>\n<li>Offre des rapports complets sur l&rsquo;engagement des newsletter, y compris les taux d&rsquo;ouverture, les taux de clics et la croissance des abonn\u00e9s.<\/li>\n<li>Facilite la prise de d\u00e9cision bas\u00e9e sur les donn\u00e9es en fournissant un aper\u00e7u des performances des newsletter et du comportement du public.<\/li>\n<li>La fonction de reciblage aide \u00e0 augmenter les taux de conversion en recibant les clients potentiels qui n&rsquo;ont pas effectu\u00e9 leurs achats.<\/li>\n<li>\u00c9quip\u00e9 d&rsquo;une interface conviviale et de rapports faciles \u00e0 comprendre, ce qui le rend accessible aux sp\u00e9cialistes du marketing de tous les niveaux de comp\u00e9tence.<\/li>\n<li>Permet la personnalisation des strat\u00e9gies de reciblage bas\u00e9es sur le comportement individuel des clients, am\u00e9liorant l&rsquo;efficacit\u00e9 marketing globale.<\/li>\n<li>S&rsquo;int\u00e8gre parfaitement \u00e0 divers fournisseurs de services de messagerie, ce qui le rend polyvalent et pratique pour les entreprises de toutes tailles.<\/li>\n<li>Fournit des mises \u00e0 jour et des notifications en temps r\u00e9el, garantir que les entreprises peuvent r\u00e9agir rapidement aux changements et aux tendances.<\/li>\n<li>Le logiciel est con\u00e7u pour respecter les r\u00e9glementations du RGPD afin d&rsquo;assurer la protection des donn\u00e9es utilisateur.<\/li>\n<\/ul>\n","protected":false},"excerpt":{"rendered":"<p>Notre produit polyvalent facilite une communication efficace et un marketing cibl\u00e9 gr\u00e2ce au m\u00e9lange innovant des rapports de newsletter et \u00e0 un reciblage. Cet outil complet offre une analyse d\u00e9taill\u00e9e et approfondie des performances de votre entreprise et de l&rsquo;engagement des clients gr\u00e2ce \u00e0 des rapports d&rsquo;information m\u00e9ticuleusement con\u00e7us, en mettant en lumi\u00e8re les pr\u00e9f\u00e9rences de vos clients, leurs mod\u00e8les d&rsquo;interaction et l&rsquo;impact global de vos newsletters. Con\u00e7us pour articuler m\u00eame les donn\u00e9es les plus complexes dans un r\u00e9cit compr\u00e9hensible, ces rapports offrent un aper\u00e7u complet des performances de votre newsletter, vous permettant de prendre des d\u00e9cisions bas\u00e9es sur les donn\u00e9es et d&rsquo;optimiser vos strat\u00e9gies.<\/p>\n<p>En plus de ces informations analytiques, le produit dispose \u00e9galement d&rsquo;un outil de reciblage sophistiqu\u00e9, une strat\u00e9gie de marketing avanc\u00e9e con\u00e7ue pour vous aider \u00e0 saisir l&rsquo;int\u00e9r\u00eat des clients potentiels qui ont pr\u00e9c\u00e9demment manifest\u00e9 leur int\u00e9r\u00eat pour vos produits ou services. Cet outil fonctionne en servant des annonces cibl\u00e9es aux clients qui ont d\u00e9j\u00e0 visit\u00e9 votre site ou interagi avec votre contenu, augmentant la probabilit\u00e9 de conversion en gardant votre marque \u00e0 l&rsquo;avant-garde de leur esprit.<\/p>\n<p>Ensemble, les rapports de newsletter et le reciblage constituent un outil puissant et complet qui \u00e9quipe votre entreprise des outils n\u00e9cessaires pour mieux comprendre votre public et les recibler efficacement, conduisant \u00e0 une augmentation de l&rsquo;engagement et des conversions. Ce produit fume la puissance des informations ax\u00e9es sur les donn\u00e9es avec des capacit\u00e9s strat\u00e9giques de reciblage, ce qui en fait un atout indispensable pour toute entreprise d\u00e9sireuse d&rsquo;am\u00e9liorer son engagement client et de stimuler ses ventes.<\/p>\n","protected":false},"featured_media":146807,"comment_status":"open","ping_status":"open","template":"","meta":[],"product_brand":[2602],"product_cat":[1207,1181,1186],"product_tag":[2261],"class_list":{"0":"post-137103","1":"product","2":"type-product","3":"status-publish","4":"has-post-thumbnail","6":"product_brand-newsletter","7":"product_cat-commercialisation-wordpress-plugins","8":"product_cat-plugins","9":"product_cat-wordpress-plugins","10":"product_tag-newsletter","11":"member-discount","12":"discount-restricted","14":"first","15":"instock","16":"sale","17":"downloadable","18":"virtual","19":"sold-individually","20":"purchasable","21":"product-type-simple"},"_links":{"self":[{"href":"https:\/\/gpl-love.com\/fr\/wp-json\/wp\/v2\/product\/137103","targetHints":{"allow":["GET"]}}],"collection":[{"href":"https:\/\/gpl-love.com\/fr\/wp-json\/wp\/v2\/product"}],"about":[{"href":"https:\/\/gpl-love.com\/fr\/wp-json\/wp\/v2\/types\/product"}],"replies":[{"embeddable":true,"href":"https:\/\/gpl-love.com\/fr\/wp-json\/wp\/v2\/comments?post=137103"}],"wp:featuredmedia":[{"embeddable":true,"href":"https:\/\/gpl-love.com\/fr\/wp-json\/wp\/v2\/media\/146807"}],"wp:attachment":[{"href":"https:\/\/gpl-love.com\/fr\/wp-json\/wp\/v2\/media?parent=137103"}],"wp:term":[{"taxonomy":"product_brand","embeddable":true,"href":"https:\/\/gpl-love.com\/fr\/wp-json\/wp\/v2\/product_brand?post=137103"},{"taxonomy":"product_cat","embeddable":true,"href":"https:\/\/gpl-love.com\/fr\/wp-json\/wp\/v2\/product_cat?post=137103"},{"taxonomy":"product_tag","embeddable":true,"href":"https:\/\/gpl-love.com\/fr\/wp-json\/wp\/v2\/product_tag?post=137103"}],"curies":[{"name":"wp","href":"https:\/\/api.w.org\/{rel}","templated":true}]}}