{"id":137101,"date":"2025-05-01T00:00:00","date_gmt":"2025-04-30T22:00:00","guid":{"rendered":"https:\/\/gpl-love.com\/fr\/produit\/newsletter-sparkpost\/"},"modified":"2026-03-20T23:59:44","modified_gmt":"2026-03-20T22:59:44","slug":"newsletter-sparkpost","status":"publish","type":"product","link":"https:\/\/gpl-love.com\/fr\/produit\/newsletter-sparkpost\/","title":{"rendered":"Newsletter SparkPost 1.2.8"},"content":{"rendered":"<h3>Newsletter SparkPost Traits<\/h3>\n<p>SparkPost Newsletter est un outil puissant cr\u00e9\u00e9 pour les entreprises qui souhaitent engager leurs clients gr\u00e2ce au marketing par e-mail. Il leur offre la possibilit\u00e9 de cr\u00e9er, d&rsquo;envoyer et de suivre facilement les newsletters par e-mail. Cet outil poss\u00e8de une interface intuitive qui fait de la conception de newsletters attrayants un jeu d&rsquo;enfant. Il propose des analyses robustes qui aident les entreprises \u00e0 comprendre comment leurs newsletters effectuent et apportent des am\u00e9liorations en fonction des donn\u00e9es r\u00e9elles. Avec SparkPost Newsletter, les entreprises peuvent cr\u00e9er des liens plus significatifs avec leur public, g\u00e9n\u00e9rer plus de trafic vers leurs sites Web et, finalement, augmenter leurs ventes. C&rsquo;est une solution efficace pour les entreprises de toutes tailles qui souhaitent \u00e9lever leurs efforts de marketing par e-mail.<\/p>\n<ul>\n<li>SparkPost Newsletter est un service de livraison d&rsquo;e-mail bas\u00e9 sur le cloud con\u00e7u pour les entreprises de toutes tailles.<\/li>\n<li>Offre des solutions robustes pour la cr\u00e9ation, l&rsquo;envoi et le suivi des newsletters et d&rsquo;autres campagnes par e-mail.<\/li>\n<li>Fournit une gamme de mod\u00e8les pr\u00e9-con\u00e7us, ce qui rend la cr\u00e9ation de newsletter rapidement et facile.<\/li>\n<li>\u00c9quip\u00e9 d&rsquo;analyses puissantes pour suivre les taux de livraison, les taux d&rsquo;ouverture, les taux de clics et d&rsquo;autres mesures cl\u00e9s.<\/li>\n<li>Prend en charge les API pour l&rsquo;int\u00e9gration transparente avec d&rsquo;autres logiciels et applications Web.<\/li>\n<li>Fonctionne la gestion de la r\u00e9putation de l&rsquo;exp\u00e9diteur avanc\u00e9 pour assurer une livrabilit\u00e9 \u00e9lev\u00e9e par e-mail.<\/li>\n<li>Comprend des outils pour g\u00e9rer les listes d&rsquo;abonn\u00e9s et automatiser les envois de messagerie.<\/li>\n<li>Offre des options de tarification flexibles, du service de niveau gratuit aux forfaits premium.<\/li>\n<li>Se conforme aux donn\u00e9es internationales et aux r\u00e9glementations de confidentialit\u00e9.<\/li>\n<li>Fournit un support client d\u00e9di\u00e9 24\/7 et un acc\u00e8s \u00e0 une base de connaissances compl\u00e8te.<\/li>\n<\/ul>\n","protected":false},"excerpt":{"rendered":"<p>SparkPost est une solution de newsletter tr\u00e8s sophistiqu\u00e9e et innovante qui sert de plate-forme compl\u00e8te pour tous vos besoins en marketing par e-mail. Cet outil facile \u00e0 utiliser aide les entreprises et les particuliers \u00e0 rationaliser leurs campagnes de marketing par e-mail, avec des fonctionnalit\u00e9s qui vous permettent de concevoir facilement des newsletters professionnels et engageants. Avec SparkPost, vous pouvez contacter votre public de mani\u00e8re personnalis\u00e9e et efficace, offrant un contenu qui r\u00e9sonne et stimule l&rsquo;engagement.<\/p>\n<p>La plate-forme est \u00e9quip\u00e9e d&rsquo;une vari\u00e9t\u00e9 de fonctionnalit\u00e9s innovantes qui font du marketing par e-mail un jeu d&rsquo;enfant. L&rsquo;une de ses principales forces r\u00e9side dans ses fonctionnalit\u00e9s d&rsquo;analyse et de rapport, qui vous fournissent des informations exploitables sur vos campagnes par e-mail. Des taux d&rsquo;ouverture aux taux de clics, Sparkpost vous permet de surveiller tous les aspects de vos performances de newsletter, vous aidant ainsi \u00e0 prendre des d\u00e9cisions bas\u00e9es sur les donn\u00e9es pour optimiser vos campagnes.<\/p>\n<p>En plus de ces fonctionnalit\u00e9s impressionnantes, SparkPost poss\u00e8de \u00e9galement une interface utilisateur intuitive qui simplifie le processus de fabrication et d&rsquo;envoi de newsletters. Quel que soit votre niveau d&rsquo;expertise technique, vous pouvez cr\u00e9er sans effort des newsletters visuellement attrayants qui refl\u00e8tent l&rsquo;image de votre marque. L&rsquo;\u00e9diteur de glisser-d\u00e9poser de la plate-forme, ainsi qu&rsquo;une vaste biblioth\u00e8que de mod\u00e8les pr\u00e9-con\u00e7us, permettent aux utilisateurs de concevoir facilement des newsletters qui se d\u00e9marquent dans des bo\u00eetes de r\u00e9ception encombr\u00e9es.<\/p>\n<p>De plus, Sparkpost priorise \u00e9galement la d\u00e9livrabilit\u00e9, en vous assurant que vos newsletters atteignent leurs b\u00e9n\u00e9ficiaires pr\u00e9vus. La plate-forme poss\u00e8de des taux de livraison de pointe, ce qui signifie que votre message est plus susceptible de se retrouver dans la bo\u00eete de r\u00e9ception, plut\u00f4t que dans le dossier de spam.<\/p>\n<p>Essentiellement, Sparkpost est une puissante solution de newsletter qui combine la simplicit\u00e9 avec la sophistication. Que vous soyez un propri\u00e9taire de petite entreprise qui cherche \u00e0 se connecter avec les clients ou une grande organisation visant \u00e0 rationaliser vos strat\u00e9gies de marketing par e-mail, SparkPost fournit une plate-forme riche en fonctionnalit\u00e9s qui peut r\u00e9pondre \u00e0 tous vos besoins. Ses fonctionnalit\u00e9s innovantes, son interface conviviale, ses analyses robustes et ses taux de livrabilit\u00e9 \u00e9lev\u00e9s en font un excellent outil dans votre arsenal de marketing num\u00e9rique.<\/p>\n","protected":false},"featured_media":146806,"comment_status":"open","ping_status":"open","template":"","meta":[],"product_brand":[2602],"product_cat":[1189,1181,1186],"product_tag":[2261],"class_list":{"0":"post-137101","1":"product","2":"type-product","3":"status-publish","4":"has-post-thumbnail","6":"product_brand-newsletter","7":"product_cat-personnalisation","8":"product_cat-plugins","9":"product_cat-wordpress-plugins","10":"product_tag-newsletter","11":"member-discount","12":"discount-restricted","14":"first","15":"instock","16":"sale","17":"downloadable","18":"virtual","19":"sold-individually","20":"purchasable","21":"product-type-simple"},"_links":{"self":[{"href":"https:\/\/gpl-love.com\/fr\/wp-json\/wp\/v2\/product\/137101","targetHints":{"allow":["GET"]}}],"collection":[{"href":"https:\/\/gpl-love.com\/fr\/wp-json\/wp\/v2\/product"}],"about":[{"href":"https:\/\/gpl-love.com\/fr\/wp-json\/wp\/v2\/types\/product"}],"replies":[{"embeddable":true,"href":"https:\/\/gpl-love.com\/fr\/wp-json\/wp\/v2\/comments?post=137101"}],"wp:featuredmedia":[{"embeddable":true,"href":"https:\/\/gpl-love.com\/fr\/wp-json\/wp\/v2\/media\/146806"}],"wp:attachment":[{"href":"https:\/\/gpl-love.com\/fr\/wp-json\/wp\/v2\/media?parent=137101"}],"wp:term":[{"taxonomy":"product_brand","embeddable":true,"href":"https:\/\/gpl-love.com\/fr\/wp-json\/wp\/v2\/product_brand?post=137101"},{"taxonomy":"product_cat","embeddable":true,"href":"https:\/\/gpl-love.com\/fr\/wp-json\/wp\/v2\/product_cat?post=137101"},{"taxonomy":"product_tag","embeddable":true,"href":"https:\/\/gpl-love.com\/fr\/wp-json\/wp\/v2\/product_tag?post=137101"}],"curies":[{"name":"wp","href":"https:\/\/api.w.org\/{rel}","templated":true}]}}