{"id":137099,"date":"2026-04-10T00:00:00","date_gmt":"2026-04-09T22:00:00","guid":{"rendered":"https:\/\/gpl-love.com\/fr\/produit\/getpaid-advertising\/"},"modified":"2026-04-10T12:30:59","modified_gmt":"2026-04-10T10:30:59","slug":"getpaid-advertising","status":"publish","type":"product","link":"https:\/\/gpl-love.com\/fr\/produit\/getpaid-advertising\/","title":{"rendered":"GetPaid Advertising 1.2.8"},"content":{"rendered":"<h3>GetPaid Advertising Traits<\/h3>\n<p>La publicit\u00e9 GetPaid est une plate-forme publicitaire dynamique et innovante con\u00e7ue pour aider les entreprises \u00e0 d\u00e9velopper leur visibilit\u00e9 en ligne, \u00e0 engager leur public cible et \u00e0 augmenter efficacement les ventes. Notre plateforme permet aux annonceurs de cr\u00e9er des annonces convaincantes et personnalis\u00e9es qui r\u00e9sonnent avec leur public. Avec la publicit\u00e9 GetPaid, les entreprises peuvent suivre leurs performances publicitaires en temps r\u00e9el, leur permettant de prendre des d\u00e9cisions \u00e9clair\u00e9es et de maximiser leur retour sur investissement. Son interface conviviale facilite la cr\u00e9ation et la gestion de ses campagnes publicitaires. Que vous soyez une petite entreprise ou une grande entreprise, GetPaid Advertising fournit une solution rentable pour atteindre vos objectifs publicitaires.<\/p>\n<ul>\n<li>GetPaid Advertising est une plate-forme de marketing num\u00e9rique de pointe con\u00e7ue pour mon\u00e9tiser votre pr\u00e9sence en ligne.<\/li>\n<li>Il propose des outils avanc\u00e9s d&rsquo;analyse de donn\u00e9es et de ciblage pour garantir que vos publicit\u00e9s atteignent le bon public et g\u00e9n\u00e8rent des revenus maximaux.<\/li>\n<li>La plate-forme prend en charge une vari\u00e9t\u00e9 de formats d&rsquo;annonces, y compris les annonces d&rsquo;affichage, les publicit\u00e9s vid\u00e9o, les annonces natives, etc.<\/li>\n<li>La publicit\u00e9 GetPaid fournit des rapports complets et un suivi en temps r\u00e9el pour mesurer les performances de vos annonces et optimiser vos campagnes.<\/li>\n<li>Il dispose d&rsquo;une interface intuitive et conviviale qui facilite l&rsquo;utilisation m\u00eame pour les d\u00e9butants sans exp\u00e9rience publicitaire pr\u00e9alable.<\/li>\n<li>La plate-forme garantit un syst\u00e8me de paiement s\u00e9curis\u00e9, garantissant que vous recevez vos revenus rapidement et en toute s\u00e9curit\u00e9.<\/li>\n<li>Avec GetPaid Advertising, peut mon\u00e9tiser votre site Web, votre blog ou votre plateforme de m\u00e9dias sociaux, vous aidant \u00e0 transformer votre trafic en ligne en un flux de revenus stable.<\/li>\n<li>Il offre un service client d\u00e9di\u00e9 et un support technique pour vous aider avec les probl\u00e8mes et garantir que vos campagnes publicitaires se d\u00e9roulent bien.<\/li>\n<\/ul>\n","protected":false},"excerpt":{"rendered":"<p>Immerger dans le monde des solutions marketing innovantes avec GetPaid Advertising, une plate-forme compl\u00e8te con\u00e7ue en pensant aux besoins dynamiques des entreprises. En tant que plate-forme publicitaire r\u00e9volutionnaire, la publicit\u00e9 GetPaid incarne une fusion de la technologie et de la cr\u00e9ativit\u00e9, fournissant des r\u00e9sultats in\u00e9gal\u00e9s qui permettent aux marques et aux individus d&rsquo;atteindre de nouveaux sommets dans leur parcours de marketing num\u00e9rique. Avec une ferme conviction dans le pouvoir des strat\u00e9gies de marketing robustes, la publicit\u00e9 GetPaid s&rsquo;efforce de rendre des solutions qui sont non seulement technologiquement avanc\u00e9es mais aussi de mani\u00e8re comp\u00e9titive. Nous reconnaissons la valeur de l&rsquo;identit\u00e9 unique de chaque entreprise et nous nous effor\u00e7ons d&rsquo;amplifier leur voix dans un monde qui regorge de bruit num\u00e9rique. Notre plateforme offre un niveau de commodit\u00e9, d&rsquo;efficacit\u00e9 et d&rsquo;efficacit\u00e9 qui est in\u00e9gal\u00e9 sur le march\u00e9 mondial, ce qui fait de nous la solution incontournable pour les entreprises qui cherchent \u00e0 innover dans le paysage num\u00e9rique. Ne manquez pas l&rsquo;opportunit\u00e9 d&rsquo;\u00e9lever vos efforts de marketing avec la publicit\u00e9 GetPaid, o\u00f9 la technologie rencontre la cr\u00e9ativit\u00e9 et les visions se transforment en r\u00e9sultats tangibles.<\/p>\n","protected":false},"featured_media":146805,"comment_status":"open","ping_status":"open","template":"","meta":[],"product_brand":[2560],"product_cat":[1182,1401,1181],"product_tag":[1828],"class_list":{"0":"post-137099","1":"product","2":"type-product","3":"status-publish","4":"has-post-thumbnail","6":"product_brand-ayecode","7":"product_cat-commerce-electronique-plugins","8":"product_cat-paiement-commerce-electronique-plugins","9":"product_cat-plugins","10":"product_tag-ayecode","11":"member-discount","12":"discount-restricted","14":"first","15":"instock","16":"sale","17":"downloadable","18":"virtual","19":"sold-individually","20":"purchasable","21":"product-type-simple"},"_links":{"self":[{"href":"https:\/\/gpl-love.com\/fr\/wp-json\/wp\/v2\/product\/137099","targetHints":{"allow":["GET"]}}],"collection":[{"href":"https:\/\/gpl-love.com\/fr\/wp-json\/wp\/v2\/product"}],"about":[{"href":"https:\/\/gpl-love.com\/fr\/wp-json\/wp\/v2\/types\/product"}],"replies":[{"embeddable":true,"href":"https:\/\/gpl-love.com\/fr\/wp-json\/wp\/v2\/comments?post=137099"}],"wp:featuredmedia":[{"embeddable":true,"href":"https:\/\/gpl-love.com\/fr\/wp-json\/wp\/v2\/media\/146805"}],"wp:attachment":[{"href":"https:\/\/gpl-love.com\/fr\/wp-json\/wp\/v2\/media?parent=137099"}],"wp:term":[{"taxonomy":"product_brand","embeddable":true,"href":"https:\/\/gpl-love.com\/fr\/wp-json\/wp\/v2\/product_brand?post=137099"},{"taxonomy":"product_cat","embeddable":true,"href":"https:\/\/gpl-love.com\/fr\/wp-json\/wp\/v2\/product_cat?post=137099"},{"taxonomy":"product_tag","embeddable":true,"href":"https:\/\/gpl-love.com\/fr\/wp-json\/wp\/v2\/product_tag?post=137099"}],"curies":[{"name":"wp","href":"https:\/\/api.w.org\/{rel}","templated":true}]}}