{"id":137097,"date":"2024-01-09T00:00:00","date_gmt":"2024-01-08T23:00:00","guid":{"rendered":"https:\/\/gpl-love.com\/fr\/produit\/getpaid-digital-downloads\/"},"modified":"2026-03-20T23:59:42","modified_gmt":"2026-03-20T22:59:42","slug":"getpaid-digital-downloads","status":"publish","type":"product","link":"https:\/\/gpl-love.com\/fr\/produit\/getpaid-digital-downloads\/","title":{"rendered":"GetPaid Digital Downloads 2.0.0"},"content":{"rendered":"<h3>GetPaid Digital Downloads Traits<\/h3>\n<p>Les t\u00e9l\u00e9chargements num\u00e9riques GetPaid sont un outil essentiel pour tous ceux qui cherchent \u00e0 vendre des produits num\u00e9riques en ligne. Cette solution puissante vous permet de t\u00e9l\u00e9charger et de vendre facilement tout type de contenu num\u00e9rique, y compris des livres \u00e9lectroniques, de la musique, des vid\u00e9os, des logiciels et plus encore. Avec les t\u00e9l\u00e9chargements num\u00e9riques GetPaid, vous pouvez g\u00e9rer facilement votre inventaire num\u00e9rique, suivre les ventes avec des rapports d\u00e9taill\u00e9s et s\u00e9curiser vos fichiers avec une gestion des droits num\u00e9riques robuste. L&rsquo;outil prend \u00e9galement en charge plusieurs passerelles de paiement pour les transactions transparentes \u00e0 l&rsquo;\u00e9chelle mondiale. Il propose une interface conviviale, ce qui permet \u00e0 quiconque de naviguer facilement. Que vous soyez une entreprise en ligne \u00e9tablie ou un entrepreneur en solo, avec des t\u00e9l\u00e9chargements num\u00e9riques GetPaid, vous pouvez mon\u00e9tiser votre contenu num\u00e9rique efficacement et efficacement.<\/p>\n<ul>\n<li>GetPaid Digital Downloads est une solution de commerce \u00e9lectronique premium pour vendre des produits num\u00e9riques en ligne.<\/li>\n<li>La plate-forme permet aux utilisateurs de vendre divers produits num\u00e9riques tels que les livres \u00e9lectroniques, la musique, les logiciels, les graphiques, etc.<\/li>\n<li>Dispose d&rsquo;une interface conviviale qui facilite le t\u00e9l\u00e9chargement et la gestion faciles des produits num\u00e9riques.<\/li>\n<li>Livr\u00e9 avec une passerelle de paiement s\u00e9curis\u00e9e qui prend en charge plusieurs devises, ce qui le rend adapt\u00e9 aux entreprises mondiales.<\/li>\n<li>Fournit un syst\u00e8me de livraison instantan\u00e9, garantissant que les clients re\u00e7oivent leurs biens num\u00e9riques achet\u00e9s imm\u00e9diatement apr\u00e8s le paiement.<\/li>\n<li>Outil d&rsquo;analyse int\u00e9gr\u00e9 pour le suivi des ventes, le comportement des clients et d&rsquo;autres mesures importantes.<\/li>\n<li>Assure une s\u00e9curit\u00e9 de haut niveau pour les vendeurs et les acheteurs, prot\u00e9geant les donn\u00e9es et transactions sensibles.<\/li>\n<li>Offres des options de tarification flexibles, permettant aux vendeurs de mettre en place des r\u00e9ductions, des offres promotionnelles ou des prix \u00e0 plusieurs niveaux.<\/li>\n<li>Prend en charge l&rsquo;int\u00e9gration avec divers outils de marketing et plateformes pour une meilleure port\u00e9e et maximisation des ventes.<\/li>\n<li>Fournit un excellent service de support client pour g\u00e9rer tout probl\u00e8me ou demandes de renseignements rapidement et efficacement.<\/li>\n<\/ul>\n","protected":false},"excerpt":{"rendered":"<p>GetPaid Digital Downloads est une plate-forme innovante \u00e0 la pointe de la technologie qui s&rsquo;int\u00e8gre de mani\u00e8re transparente \u00e0 votre site Web, vous offrant une suite diversifi\u00e9e d&rsquo;outils con\u00e7us pour simplifier et rationaliser le processus de vente de produits num\u00e9riques en ligne. Adapt\u00e9 aux entreprises de toutes tailles, ce syst\u00e8me dynamique est m\u00e9ticuleusement con\u00e7u pour prendre en charge un large \u00e9ventail de produits num\u00e9riques, des ebooks et des fichiers musicaux aux logiciels et \u00e0 l&rsquo;art num\u00e9rique. Son interface conviviale, associ\u00e9e \u00e0 des fonctionnalit\u00e9s sophistiqu\u00e9es telles que des passerelles de paiement s\u00e9curis\u00e9es, des syst\u00e8mes de livraison automatis\u00e9s et des contr\u00f4les anti-piratage robustes, garantit que vos produits num\u00e9riques sont s\u00fbrs, s\u00e9curis\u00e9s et facilement accessibles \u00e0 vos clients. En outre, ses outils d&rsquo;analyse int\u00e9gr\u00e9s fournissent des donn\u00e9es perspicaces sur les tendances des ventes, le comportement des clients et les performances des produits, vous permettant de prendre des d\u00e9cisions et des strat\u00e9gies bas\u00e9es sur les donn\u00e9es pour votre entreprise. Avec les t\u00e9l\u00e9chargements num\u00e9riques GetPaid, vous pouvez mon\u00e9tiser sans effort votre contenu num\u00e9rique, atteindre un public plus large et \u00e9lever votre entreprise \u00e0 de nouveaux sommets sur le march\u00e9 num\u00e9rique.<\/p>\n","protected":false},"featured_media":146804,"comment_status":"open","ping_status":"open","template":"","meta":[],"product_brand":[2560],"product_cat":[1182,1401,1181],"product_tag":[1828],"class_list":{"0":"post-137097","1":"product","2":"type-product","3":"status-publish","4":"has-post-thumbnail","6":"product_brand-ayecode","7":"product_cat-commerce-electronique-plugins","8":"product_cat-paiement-commerce-electronique-plugins","9":"product_cat-plugins","10":"product_tag-ayecode","11":"member-discount","12":"discount-restricted","14":"first","15":"instock","16":"sale","17":"downloadable","18":"virtual","19":"sold-individually","20":"purchasable","21":"product-type-simple"},"_links":{"self":[{"href":"https:\/\/gpl-love.com\/fr\/wp-json\/wp\/v2\/product\/137097","targetHints":{"allow":["GET"]}}],"collection":[{"href":"https:\/\/gpl-love.com\/fr\/wp-json\/wp\/v2\/product"}],"about":[{"href":"https:\/\/gpl-love.com\/fr\/wp-json\/wp\/v2\/types\/product"}],"replies":[{"embeddable":true,"href":"https:\/\/gpl-love.com\/fr\/wp-json\/wp\/v2\/comments?post=137097"}],"wp:featuredmedia":[{"embeddable":true,"href":"https:\/\/gpl-love.com\/fr\/wp-json\/wp\/v2\/media\/146804"}],"wp:attachment":[{"href":"https:\/\/gpl-love.com\/fr\/wp-json\/wp\/v2\/media?parent=137097"}],"wp:term":[{"taxonomy":"product_brand","embeddable":true,"href":"https:\/\/gpl-love.com\/fr\/wp-json\/wp\/v2\/product_brand?post=137097"},{"taxonomy":"product_cat","embeddable":true,"href":"https:\/\/gpl-love.com\/fr\/wp-json\/wp\/v2\/product_cat?post=137097"},{"taxonomy":"product_tag","embeddable":true,"href":"https:\/\/gpl-love.com\/fr\/wp-json\/wp\/v2\/product_tag?post=137097"}],"curies":[{"name":"wp","href":"https:\/\/api.w.org\/{rel}","templated":true}]}}