{"id":137095,"date":"2025-11-30T00:00:00","date_gmt":"2025-11-29T23:00:00","guid":{"rendered":"https:\/\/gpl-love.com\/fr\/produit\/getpaid-license-manager\/"},"modified":"2026-03-20T23:59:40","modified_gmt":"2026-03-20T22:59:40","slug":"getpaid-license-manager","status":"publish","type":"product","link":"https:\/\/gpl-love.com\/fr\/produit\/getpaid-license-manager\/","title":{"rendered":"GetPaid License Manager 2.0.1"},"content":{"rendered":"<h3>GetPaid License Manager Traits<\/h3>\n<p>GetPaid License Manager est un puissant outil logiciel con\u00e7u pour rationaliser et automatiser le processus de gestion des licences logicielles. Cet outil dynamique aide non seulement \u00e0 suivre et \u00e0 g\u00e9rer les licences, mais aussi \u00e0 conformit\u00e9 aux accords de licences logicielles. Le GetPaid License Manager fournit un syst\u00e8me centralis\u00e9 pour g\u00e9rer toutes vos licences logicielles, vous aidant \u00e0 \u00e9viter les p\u00e9nalit\u00e9s, les amendes ou les probl\u00e8mes juridiques li\u00e9s \u00e0 la non-conformit\u00e9. Il aide \u00e9galement \u00e0 optimiser les d\u00e9penses logicielles en identifiant les licences inutilis\u00e9es ou sous-utilis\u00e9es. Cette solution innovante est parfaite pour les entreprises de toutes tailles, offrant une vision claire et organis\u00e9e de toutes les licences logicielles \u00e0 travers l&rsquo;organisation.<\/p>\n<ul>\n<li>Le GetPaid License Manager est un outil de gestion des produits num\u00e9riques robuste, con\u00e7u pour le suivi transparent et l&rsquo;organisation des licences logicielles.<\/li>\n<li>Ce produit garantit une gestion et une distribution efficaces des licences logicielles au sein d&rsquo;une organisation, s&rsquo;adressant aux entreprises de toutes tailles.<\/li>\n<li>Le gestionnaire de licences prend en charge divers mod\u00e8les de licences, notamment des licences d&rsquo;utilisateurs perp\u00e9tuelles, d&rsquo;abonnement et simultan\u00e9es.<\/li>\n<li>Il est \u00e9quip\u00e9 de capacit\u00e9s pour g\u00e9n\u00e9rer, valider et renouveler les licences logicielles, am\u00e9liorant le contr\u00f4le global des actifs logiciels.<\/li>\n<li>Il fournit un tableau de bord complet pour la surveillance en temps r\u00e9el des licences, offrant des informations d\u00e9taill\u00e9es sur l&rsquo;utilisation, l&rsquo;allocation et l&rsquo;expiration.<\/li>\n<li>Avec ses fonctionnalit\u00e9s de s\u00e9curit\u00e9 fiables, il prot\u00e8ge votre logiciel contre l&rsquo;utilisation et le piratage non autoris\u00e9s.<\/li>\n<li>Le GetPaid License Manager s&rsquo;int\u00e8gre parfaitement \u00e0 un large \u00e9ventail d&rsquo;applications commerciales, renfor\u00e7ant ainsi l&rsquo;efficacit\u00e9 op\u00e9rationnelle.<\/li>\n<li>Il dispose d&rsquo;une interface intuitive et conviviale, ce qui facilite la gestion efficace des utilisateurs non techniques.<\/li>\n<li>L&rsquo;outil permet \u00e9galement la livraison et l&rsquo;activation de licences automatis\u00e9es, \u00e9liminant ainsi les proc\u00e9dures manuelles et gagnant du temps pr\u00e9cieux.<\/li>\n<li>Ses fonctionnalit\u00e9s de rapports avanc\u00e9es permettent aux utilisateurs de g\u00e9n\u00e9rer divers rapports li\u00e9s \u00e0 l&rsquo;utilisation de licences, \u00e0 la conformit\u00e9, etc., en aidant ainsi \u00e0 la prise de d\u00e9cision \u00e9clair\u00e9e.<\/li>\n<\/ul>\n","protected":false},"excerpt":{"rendered":"<p>Le GetPaid License Manager est un outil logiciel sophistiqu\u00e9 con\u00e7u et d\u00e9velopp\u00e9 avec la plus grande pr\u00e9cision, int\u00e9grant plusieurs fonctionnalit\u00e9s qui rationalisent les t\u00e2ches souvent intenses de la gestion de la licence logicielle et leurs aspects associ\u00e9s de mani\u00e8re efficace. Emball\u00e9 avec une technologie de chiffrement avanc\u00e9e, cet impressionnant gestionnaire de licences est sp\u00e9cifiquement con\u00e7u pour renforcer la s\u00e9curit\u00e9, garantissant la plus grande sauvegarde des donn\u00e9es sensibles et emp\u00eachant un acc\u00e8s non autoris\u00e9. Le logiciel est un point culminant des technologies de pointe et des interfaces conviviales qui font de la gestion des licences un jeu d&rsquo;enfant, ind\u00e9pendamment de leur type ou de leur quantit\u00e9. En plus de ces fonctionnalit\u00e9s remarquables, il propose \u00e9galement des informations analytiques d\u00e9taill\u00e9es, en aidant les propri\u00e9taires d&rsquo;entreprise \u00e0 prendre des d\u00e9cisions \u00e9clair\u00e9es sur leur utilisation et leur allocation de licence. Le GetPaid License Manager, avec ses fonctionnalit\u00e9s exceptionnelles et son chiffrement haut de gamme, t\u00e9moigne vraiment des progr\u00e8s de la technologie moderne, offrant une solution transparente et s\u00e9curis\u00e9e pour tous les besoins de gestion de licences logicielles.<\/p>\n","protected":false},"featured_media":146803,"comment_status":"open","ping_status":"open","template":"","meta":[],"product_brand":[2560],"product_cat":[1182,1401,1181],"product_tag":[1828],"class_list":{"0":"post-137095","1":"product","2":"type-product","3":"status-publish","4":"has-post-thumbnail","6":"product_brand-ayecode","7":"product_cat-commerce-electronique-plugins","8":"product_cat-paiement-commerce-electronique-plugins","9":"product_cat-plugins","10":"product_tag-ayecode","11":"member-discount","12":"discount-restricted","14":"first","15":"instock","16":"sale","17":"downloadable","18":"virtual","19":"sold-individually","20":"purchasable","21":"product-type-simple"},"_links":{"self":[{"href":"https:\/\/gpl-love.com\/fr\/wp-json\/wp\/v2\/product\/137095","targetHints":{"allow":["GET"]}}],"collection":[{"href":"https:\/\/gpl-love.com\/fr\/wp-json\/wp\/v2\/product"}],"about":[{"href":"https:\/\/gpl-love.com\/fr\/wp-json\/wp\/v2\/types\/product"}],"replies":[{"embeddable":true,"href":"https:\/\/gpl-love.com\/fr\/wp-json\/wp\/v2\/comments?post=137095"}],"wp:featuredmedia":[{"embeddable":true,"href":"https:\/\/gpl-love.com\/fr\/wp-json\/wp\/v2\/media\/146803"}],"wp:attachment":[{"href":"https:\/\/gpl-love.com\/fr\/wp-json\/wp\/v2\/media?parent=137095"}],"wp:term":[{"taxonomy":"product_brand","embeddable":true,"href":"https:\/\/gpl-love.com\/fr\/wp-json\/wp\/v2\/product_brand?post=137095"},{"taxonomy":"product_cat","embeddable":true,"href":"https:\/\/gpl-love.com\/fr\/wp-json\/wp\/v2\/product_cat?post=137095"},{"taxonomy":"product_tag","embeddable":true,"href":"https:\/\/gpl-love.com\/fr\/wp-json\/wp\/v2\/product_tag?post=137095"}],"curies":[{"name":"wp","href":"https:\/\/api.w.org\/{rel}","templated":true}]}}