{"id":137093,"date":"2024-01-09T00:00:00","date_gmt":"2024-01-08T23:00:00","guid":{"rendered":"https:\/\/gpl-love.com\/fr\/produit\/getpaid-custom-item-success-page\/"},"modified":"2026-03-20T23:59:39","modified_gmt":"2026-03-20T22:59:39","slug":"getpaid-custom-item-success-page","status":"publish","type":"product","link":"https:\/\/gpl-love.com\/fr\/produit\/getpaid-custom-item-success-page\/","title":{"rendered":"GetPaid Custom Item Success Page 2.0.0"},"content":{"rendered":"<h3>GetPaid Custom Item Success Page Traits<\/h3>\n<p>La page GetPaid Custom Article Success est un produit tr\u00e8s efficace et personnalisable con\u00e7u pour am\u00e9liorer votre exp\u00e9rience de commerce \u00e9lectronique. Ce produit est sp\u00e9cialement con\u00e7u pour offrir \u00e0 vos clients une exp\u00e9rience de magasinage transparente et personnalis\u00e9e. La page GetPaid Custom Article Success vous permet d&rsquo;\u00e9laborer une page de r\u00e9ussite des achats personnalis\u00e9s pour chaque produit, vous permettant de livrer des messages personnalis\u00e9s, de promouvoir des produits connexes ou de fournir des informations importantes imm\u00e9diatement apr\u00e8s un achat r\u00e9ussi. Il est convivial, adaptable \u00e0 tout mod\u00e8le commercial, et facilement int\u00e9gr\u00e9 aux syst\u00e8mes de commerce \u00e9lectronique existants. Am\u00e9liorez le parcours de vos clients, renforcez la satisfaction des clients et augmentez les achats r\u00e9p\u00e9t\u00e9s avec la page de r\u00e9ussite des articles personnalis\u00e9s GetPaid.<\/p>\n<ul>\n<li>La page GetPaid Custom Article Success est con\u00e7ue pour am\u00e9liorer l&rsquo;exp\u00e9rience utilisateur lors des transactions en ligne.<\/li>\n<li>Ce produit est sp\u00e9cifiquement cr\u00e9\u00e9 pour fournir une confirmation visuelle pour les paiements r\u00e9ussis.<\/li>\n<li>Il permet aux vendeurs de personnaliser la page de r\u00e9ussite en ligne avec leur marque et leur style, offrant une exp\u00e9rience client coh\u00e9rente.<\/li>\n<li>La page de r\u00e9ussite comprend des informations essentielles telles que les d\u00e9tails de la transaction, le num\u00e9ro de facture et les d\u00e9tails d&rsquo;achat.<\/li>\n<li>Il offre aux entreprises l&rsquo;occasion d&rsquo;engager les clients apr\u00e8s l&rsquo;achat, avec des options pour inclure des messages promotionnels ou des liens vers d&rsquo;autres produits.<\/li>\n<li>Ce produit est compatible avec toutes les passerelles de paiement GetPaid, assurant une int\u00e9gration transparente avec les syst\u00e8mes de paiement existants.<\/li>\n<li>La page GetPaid Custom Article Success est facile \u00e0 configurer et \u00e0 naviguer, ne n\u00e9cessitant aucune connaissance technique avanc\u00e9e.<\/li>\n<li>Il renforce la satisfaction des clients en reconnaissant imm\u00e9diatement les transactions r\u00e9ussies, en r\u00e9duisant l&rsquo;incertitude et en am\u00e9liorant la confiance.<\/li>\n<\/ul>\n","protected":false},"excerpt":{"rendered":"<p>Pr\u00e9sentation de la page de r\u00e9ussite des articles personnalis\u00e9s GetPaid, un outil r\u00e9volutionnaire con\u00e7u habilement pour am\u00e9liorer votre exp\u00e9rience de transaction en ligne. Cette interface Web est sp\u00e9cialement con\u00e7ue pour servir de plate-forme interactive conviviale qui enregistre et reconna\u00eet m\u00e9ticuleusement chacune de vos transactions r\u00e9ussies. Ses fonctionnalit\u00e9s impressionnantes sont complexes dans son syst\u00e8me, vous guidant de mani\u00e8re transparente \u00e0 chaque \u00e9tape du processus, aboutissant \u00e0 la derni\u00e8re \u00e9tape de la confirmation des transactions. Cette page de r\u00e9ussite innovante se caract\u00e9rise par sa capacit\u00e9 sup\u00e9rieure \u00e0 fournir des mises \u00e0 jour en temps r\u00e9el et \u00e0 g\u00e9n\u00e9rer des re\u00e7us d\u00e9taill\u00e9s, en vous garantissant un enregistrement tangible de toutes vos transactions. Avec la page de r\u00e9ussite des articles personnalis\u00e9s GetPaid, vous \u00eates non seulement assur\u00e9 d&rsquo;un processus de transaction fluide, efficace et s\u00e9curis\u00e9, mais \u00e9galement pr\u00e9sent\u00e9 la possibilit\u00e9 d&rsquo;avoir un enregistrement bien organis\u00e9 et facilement accessible de toutes vos transactions. Cet outil t\u00e9moigne des progr\u00e8s r\u00e9alis\u00e9s en mati\u00e8re de mise \u00e0 profit de la technologie pour faciliter les op\u00e9rations commerciales, et est en effet un incontournable pour toute personne ou entit\u00e9 qui priorise l&rsquo;efficacit\u00e9, la pr\u00e9cision et la commodit\u00e9 de leurs transactions financi\u00e8res.<\/p>\n","protected":false},"featured_media":146802,"comment_status":"open","ping_status":"open","template":"","meta":[],"product_brand":[2560],"product_cat":[1182,1401,1181],"product_tag":[1828],"class_list":{"0":"post-137093","1":"product","2":"type-product","3":"status-publish","4":"has-post-thumbnail","6":"product_brand-ayecode","7":"product_cat-commerce-electronique-plugins","8":"product_cat-paiement-commerce-electronique-plugins","9":"product_cat-plugins","10":"product_tag-ayecode","11":"member-discount","12":"discount-restricted","14":"first","15":"instock","16":"sale","17":"downloadable","18":"virtual","19":"sold-individually","20":"purchasable","21":"product-type-simple"},"_links":{"self":[{"href":"https:\/\/gpl-love.com\/fr\/wp-json\/wp\/v2\/product\/137093","targetHints":{"allow":["GET"]}}],"collection":[{"href":"https:\/\/gpl-love.com\/fr\/wp-json\/wp\/v2\/product"}],"about":[{"href":"https:\/\/gpl-love.com\/fr\/wp-json\/wp\/v2\/types\/product"}],"replies":[{"embeddable":true,"href":"https:\/\/gpl-love.com\/fr\/wp-json\/wp\/v2\/comments?post=137093"}],"wp:featuredmedia":[{"embeddable":true,"href":"https:\/\/gpl-love.com\/fr\/wp-json\/wp\/v2\/media\/146802"}],"wp:attachment":[{"href":"https:\/\/gpl-love.com\/fr\/wp-json\/wp\/v2\/media?parent=137093"}],"wp:term":[{"taxonomy":"product_brand","embeddable":true,"href":"https:\/\/gpl-love.com\/fr\/wp-json\/wp\/v2\/product_brand?post=137093"},{"taxonomy":"product_cat","embeddable":true,"href":"https:\/\/gpl-love.com\/fr\/wp-json\/wp\/v2\/product_cat?post=137093"},{"taxonomy":"product_tag","embeddable":true,"href":"https:\/\/gpl-love.com\/fr\/wp-json\/wp\/v2\/product_tag?post=137093"}],"curies":[{"name":"wp","href":"https:\/\/api.w.org\/{rel}","templated":true}]}}