{"id":137089,"date":"2024-01-09T00:00:00","date_gmt":"2024-01-08T23:00:00","guid":{"rendered":"https:\/\/gpl-love.com\/fr\/produit\/getpaid-paid-trials\/"},"modified":"2026-03-20T23:59:38","modified_gmt":"2026-03-20T22:59:38","slug":"getpaid-paid-trials","status":"publish","type":"product","link":"https:\/\/gpl-love.com\/fr\/produit\/getpaid-paid-trials\/","title":{"rendered":"GetPaid Paid Trials 2.0.0"},"content":{"rendered":"<h3>GetPaid Paid Trials Traits<\/h3>\n<p>GetPaid Pay\u00e9 Trials est une plate-forme innovante con\u00e7ue pour vous offrir une exp\u00e9rience de gain unique. Cette plateforme vous permet de gagner de l&rsquo;argent en participant \u00e0 divers essais offerts par diff\u00e9rentes soci\u00e9t\u00e9s. Ces essais vont de tester de nouveaux produits, services, applications et plus encore. Avec des essais payants GetPaid, non seulement vous avez la possibilit\u00e9 d&rsquo;essayer de nouveaux produits passionnants avant de frapper le march\u00e9, mais vous \u00eates \u00e9galement r\u00e9compens\u00e9 pour votre temps et vos efforts. Les t\u00e2ches d&rsquo;essai sont simples et la participation est flexible, vous permettant de travailler \u00e0 votre commodit\u00e9 et \u00e0 votre rythme. Pour chaque essai r\u00e9ussi termin\u00e9, vous gagnez un montant sp\u00e9cifique, qui peut \u00eatre facilement \u00e9chang\u00e9. Commencez \u00e0 gagner de l&rsquo;argent avec des essais payants GetPaid aujourd&rsquo;hui et profitez des avantages de cette opportunit\u00e9 de gain rentable et agr\u00e9able.<\/p>\n<ul>\n<li>GetPaid Paye Trials est une plate-forme unique offrant aux utilisateurs la possibilit\u00e9 de gagner de l&rsquo;argent en participant \u00e0 des essais payants.<\/li>\n<li>Il offre aux utilisateurs une grande vari\u00e9t\u00e9 d&rsquo;essais de diff\u00e9rentes industries pour participer, assurant un ajustement pour les int\u00e9r\u00eats et l&rsquo;expertise de chacun.<\/li>\n<li>La plate-forme garantit que tous les essais proviennent de sources v\u00e9rifi\u00e9es et fiables, garantissant la s\u00e9curit\u00e9 et la confiance de ses utilisateurs.<\/li>\n<li>Avec des essais payants GetPaid, les utilisateurs peuvent participer \u00e0 des essais du confort de leurs maisons, offrant un moyen pratique et flexible de gagner un revenu suppl\u00e9mentaire.<\/li>\n<li>La plate-forme propose une interface simple et conviviale, ce qui permet aux utilisateurs de naviguer facilement et de trouver des essais qui leur conviennent le mieux.<\/li>\n<li>Les essais payants GetPaid garantissent des paiements rapides et fiables \u00e0 ses utilisateurs \u00e0 la r\u00e9ussite de chaque essai.<\/li>\n<li>Les utilisateurs peuvent \u00e9galement suivre leurs revenus et g\u00e9rer efficacement leurs essais avec les outils de gestion int\u00e9gr\u00e9s de la plateforme.<\/li>\n<li>Il fournit \u00e9galement un support client, pr\u00eat \u00e0 aider et \u00e0 r\u00e9soudre les probl\u00e8mes auxquels les utilisateurs pourraient \u00eatre confront\u00e9s.<\/li>\n<li>Avec des essais payants GetPaid, les utilisateurs ont \u00e9galement la possibilit\u00e9 de d\u00e9couvrir et d&rsquo;essayer de nouveaux produits ou services avant de commencer le march\u00e9.<\/li>\n<li>La plate-forme est gratuite et ouverte aux utilisateurs du monde entier, ce qui en fait une opportunit\u00e9 lucrative pour quiconque recherche un moyen facile et fiable de gagner un revenu suppl\u00e9mentaire.<\/li>\n<\/ul>\n","protected":false},"excerpt":{"rendered":"<p>GetPaid Pay\u00e9 Trials est une plate-forme r\u00e9volutionnaire con\u00e7ue pour r\u00e9inventer la fa\u00e7on dont les particuliers et les entreprises s&rsquo;engagent dans les \u00e9tudes de march\u00e9. Enracin\u00e9 dans notre engagement \u00e0 am\u00e9liorer l&rsquo;efficacit\u00e9 et la productivit\u00e9 des \u00e9tudes de march\u00e9, les essais payants GetPaid sont un outil de pointe qui relie les entreprises \u00e0 des personnes d\u00e9sireuses de participer \u00e0 des essais payants. En tant qu&rsquo;utilisateur, vous avez la possibilit\u00e9 de gagner en participant \u00e0 des essais, en aidant les entreprises \u00e0 mieux comprendre leurs produits ou services. Simultan\u00e9ment, en tant qu&rsquo;entreprise, vous avez la possibilit\u00e9 d&rsquo;obtenir des informations pr\u00e9cieuses de vrais utilisateurs, de propulser votre produit ou votre service \u00e0 de nouveaux sommets de succ\u00e8s et de satisfaction client. Cette plate-forme \u00e0 double facette n&rsquo;est pas seulement un conduit passif pour les transactions, mais un participant actif \u00e0 la conduite des \u00e9tudes de march\u00e9, r\u00e9volutionnant le paysage des essais payants et promouvant un \u00e9cosyst\u00e8me mutuellement b\u00e9n\u00e9fique pour les entreprises et les particuliers. La sophistication des essais payants GetPaid t\u00e9moigne de la poursuite implacable de l&rsquo;innovation, visant \u00e0 briser les obstacles, \u00e0 favoriser la croissance et, finalement, \u00e0 transformer la fa\u00e7on dont nous percevons et participons \u00e0 des \u00e9tudes de march\u00e9.<\/p>\n","protected":false},"featured_media":146800,"comment_status":"open","ping_status":"open","template":"","meta":[],"product_brand":[2560],"product_cat":[1182,1401,1181],"product_tag":[1828],"class_list":{"0":"post-137089","1":"product","2":"type-product","3":"status-publish","4":"has-post-thumbnail","6":"product_brand-ayecode","7":"product_cat-commerce-electronique-plugins","8":"product_cat-paiement-commerce-electronique-plugins","9":"product_cat-plugins","10":"product_tag-ayecode","11":"member-discount","12":"discount-restricted","14":"first","15":"instock","16":"sale","17":"downloadable","18":"virtual","19":"sold-individually","20":"purchasable","21":"product-type-simple"},"_links":{"self":[{"href":"https:\/\/gpl-love.com\/fr\/wp-json\/wp\/v2\/product\/137089","targetHints":{"allow":["GET"]}}],"collection":[{"href":"https:\/\/gpl-love.com\/fr\/wp-json\/wp\/v2\/product"}],"about":[{"href":"https:\/\/gpl-love.com\/fr\/wp-json\/wp\/v2\/types\/product"}],"replies":[{"embeddable":true,"href":"https:\/\/gpl-love.com\/fr\/wp-json\/wp\/v2\/comments?post=137089"}],"wp:featuredmedia":[{"embeddable":true,"href":"https:\/\/gpl-love.com\/fr\/wp-json\/wp\/v2\/media\/146800"}],"wp:attachment":[{"href":"https:\/\/gpl-love.com\/fr\/wp-json\/wp\/v2\/media?parent=137089"}],"wp:term":[{"taxonomy":"product_brand","embeddable":true,"href":"https:\/\/gpl-love.com\/fr\/wp-json\/wp\/v2\/product_brand?post=137089"},{"taxonomy":"product_cat","embeddable":true,"href":"https:\/\/gpl-love.com\/fr\/wp-json\/wp\/v2\/product_cat?post=137089"},{"taxonomy":"product_tag","embeddable":true,"href":"https:\/\/gpl-love.com\/fr\/wp-json\/wp\/v2\/product_tag?post=137089"}],"curies":[{"name":"wp","href":"https:\/\/api.w.org\/{rel}","templated":true}]}}