{"id":137087,"date":"2025-11-30T00:00:00","date_gmt":"2025-11-29T23:00:00","guid":{"rendered":"https:\/\/gpl-love.com\/fr\/produit\/getpaid-sales-funnels\/"},"modified":"2026-03-20T23:59:37","modified_gmt":"2026-03-20T22:59:37","slug":"getpaid-sales-funnels","status":"publish","type":"product","link":"https:\/\/gpl-love.com\/fr\/produit\/getpaid-sales-funnels\/","title":{"rendered":"GetPaid Sales Funnels 2.0.3"},"content":{"rendered":"<h3>GetPaid Sales Funnels Traits<\/h3>\n<p>GetPaid Sales Funnels est un outil exceptionnel qui permet aux entreprises d&rsquo;optimiser leur processus de vente. Ces entonnoirs de vente dynamiques et personnalisables permettent aux entreprises de concevoir et de mettre en \u0153uvre une strat\u00e9gie \u00e9tape par \u00e9tape pour convertir les prospects en clients. GetPaid Sales Funnels fournit une interface intuitive qui facilite le suivi et l&rsquo;analyse du comportement du client. L&rsquo;outil offre une vue compl\u00e8te de votre processus de vente, aidant \u00e0 identifier les goulots d&rsquo;\u00e9tranglement, les conversions de suivi et les opportunit\u00e9s de croissance. Avec ses fonctionnalit\u00e9s avanc\u00e9es et sa conception facile \u00e0 utiliser, GetPaid Sales Funnels est l&rsquo;outil parfait pour am\u00e9liorer vos strat\u00e9gies de vente et augmenter vos revenus.<\/p>\n<ul>\n<li>GetPaid Sales Funnels est un outil tr\u00e8s efficace con\u00e7u pour rationaliser votre processus de vente et augmenter vos revenus.<\/li>\n<li>Offre des structures d&rsquo;entonnoir de vente strat\u00e9giques et personnalisables pour r\u00e9pondre aux besoins uniques de votre entreprise.<\/li>\n<li>Utilisez des analyses de suivi avanc\u00e9es pour surveiller les progr\u00e8s et l&rsquo;efficacit\u00e9 de vos entonnoirs de vente.<\/li>\n<li>Comprend une interface facile \u00e0 utiliser, ce qui facilite la cr\u00e9ation et la gestion de vos entonnoirs de vente.<\/li>\n<li>Permet l&rsquo;optimisation des taux de conversion en identifiant les goulots d&rsquo;\u00e9tranglement potentiels ou les fuites dans votre processus de vente.<\/li>\n<li>\u00c9quip\u00e9 de mod\u00e8les int\u00e9gr\u00e9s s&rsquo;adressant \u00e0 diverses industries, offrant un moyen rapide et efficace de faire fonctionner vos entonnoirs de vente.<\/li>\n<li>Prend en charge l&rsquo;int\u00e9gration avec divers outils de marketing et CRM, facilitant le transfert de donn\u00e9es transparente et l&rsquo;efficacit\u00e9 am\u00e9lior\u00e9e.<\/li>\n<li>Fournit des rapports d\u00e9taill\u00e9s et des informations sur le comportement des clients, vous aidant \u00e0 prendre des d\u00e9cisions commerciales \u00e9clair\u00e9es.<\/li>\n<li>Offre une fonction de test A \/ B pour vous aider \u00e0 identifier les strat\u00e9gies les plus efficaces pour votre entreprise.<\/li>\n<li>Encourage la r\u00e9tention et la fid\u00e9lit\u00e9 de la client\u00e8le en les guidant tout au long du processus d&rsquo;achat de mani\u00e8re syst\u00e9matique et convaincante.<\/li>\n<li>GetPaid Sales Funnels est un excellent outil pour les entreprises de toutes tailles visant \u00e0 optimiser leurs efforts de vente et de marketing.<\/li>\n<\/ul>\n","protected":false},"excerpt":{"rendered":"<p>Les entonnoirs de vente GetPaid sont des outils de marketing num\u00e9rique m\u00e9ticuleusement con\u00e7us qui ont \u00e9t\u00e9 fabriqu\u00e9s avec l&rsquo;objectif principal d&rsquo;amplifier consid\u00e9rablement le potentiel de votre entreprise en ligne. Avec la mise en \u0153uvre de ces syst\u00e8mes structur\u00e9s experts, vous pouvez rationaliser b\u00e9n\u00e9fique le parcours de vos clients potentiels, en les guidant de l&rsquo;\u00e9tape initiale de prendre conscience de votre produit \u00e0 la derni\u00e8re \u00e9tape de l&rsquo;achat.<\/p>\n<p>Ces entonnoirs ne sont pas des aides visuelles statiques, mais des processus dynamiques qui peuvent s&rsquo;adapter aux besoins changeants de votre groupe d\u00e9mographique cible. Ils servent essentiellement de feuilles de route strat\u00e9giques qui d\u00e9limitent la voie que vos clients potentiels devraient id\u00e9alement emprunter, cr\u00e9ant ainsi un environnement propice \u00e0 l&rsquo;augmentation des ventes.<\/p>\n<p>De plus, les entonnoirs de vente GetPaid t\u00e9moignent de l&rsquo;int\u00e9gration transparente de la technologie de pointe avec des strat\u00e9gies de marketing sophistiqu\u00e9es. Les fonctionnalit\u00e9s qu&rsquo;ils englobent permettent aux entrepreneurs d&rsquo;acqu\u00e9rir des informations pr\u00e9cieuses sur le comportement des clients, facilitant ainsi la fabrication de campagnes de marketing personnalis\u00e9es et plus efficaces.<\/p>\n<p>La complexit\u00e9 de leur conception et l&rsquo;ing\u00e9niosit\u00e9 de leur fonction font que ces ventes sont des actifs inestimables. Ils ont le potentiel d&rsquo;am\u00e9liorer consid\u00e9rablement vos efforts de marketing num\u00e9rique, offrant une plate-forme pour la croissance et la rentabilit\u00e9 des entreprises durables dans un paysage num\u00e9rique de plus en plus comp\u00e9titif. Les entonnoirs de vente GetPaid ne sont pas seulement des outils; Ce sont des solutions compl\u00e8tes qui visent \u00e0 transformer votre vision commerciale en une r\u00e9alit\u00e9 r\u00e9ussie.<\/p>\n","protected":false},"featured_media":146799,"comment_status":"open","ping_status":"open","template":"","meta":[],"product_brand":[2560],"product_cat":[1182,1401,1181],"product_tag":[1828],"class_list":{"0":"post-137087","1":"product","2":"type-product","3":"status-publish","4":"has-post-thumbnail","6":"product_brand-ayecode","7":"product_cat-commerce-electronique-plugins","8":"product_cat-paiement-commerce-electronique-plugins","9":"product_cat-plugins","10":"product_tag-ayecode","11":"member-discount","12":"discount-restricted","14":"first","15":"instock","16":"sale","17":"downloadable","18":"virtual","19":"sold-individually","20":"purchasable","21":"product-type-simple"},"_links":{"self":[{"href":"https:\/\/gpl-love.com\/fr\/wp-json\/wp\/v2\/product\/137087","targetHints":{"allow":["GET"]}}],"collection":[{"href":"https:\/\/gpl-love.com\/fr\/wp-json\/wp\/v2\/product"}],"about":[{"href":"https:\/\/gpl-love.com\/fr\/wp-json\/wp\/v2\/types\/product"}],"replies":[{"embeddable":true,"href":"https:\/\/gpl-love.com\/fr\/wp-json\/wp\/v2\/comments?post=137087"}],"wp:featuredmedia":[{"embeddable":true,"href":"https:\/\/gpl-love.com\/fr\/wp-json\/wp\/v2\/media\/146799"}],"wp:attachment":[{"href":"https:\/\/gpl-love.com\/fr\/wp-json\/wp\/v2\/media?parent=137087"}],"wp:term":[{"taxonomy":"product_brand","embeddable":true,"href":"https:\/\/gpl-love.com\/fr\/wp-json\/wp\/v2\/product_brand?post=137087"},{"taxonomy":"product_cat","embeddable":true,"href":"https:\/\/gpl-love.com\/fr\/wp-json\/wp\/v2\/product_cat?post=137087"},{"taxonomy":"product_tag","embeddable":true,"href":"https:\/\/gpl-love.com\/fr\/wp-json\/wp\/v2\/product_tag?post=137087"}],"curies":[{"name":"wp","href":"https:\/\/api.w.org\/{rel}","templated":true}]}}