{"id":137083,"date":"2024-01-09T00:00:00","date_gmt":"2024-01-08T23:00:00","guid":{"rendered":"https:\/\/gpl-love.com\/fr\/produit\/getpaid-contact-form-7\/"},"modified":"2026-03-20T23:59:35","modified_gmt":"2026-03-20T22:59:35","slug":"getpaid-contact-form-7","status":"publish","type":"product","link":"https:\/\/gpl-love.com\/fr\/produit\/getpaid-contact-form-7\/","title":{"rendered":"GetPaid Contact Form 7 2.0.3"},"content":{"rendered":"<h3>GetPaid Contact Form 7 Traits<\/h3>\n<p>Le formulaire de contact GetPaid est un outil innovant et efficace qui permet l&rsquo;int\u00e9gration transparente des formulaires de paiement dans votre site Web. Ce produit est sp\u00e9cialement con\u00e7u pour fonctionner avec le plugin de contact populaire du formulaire 7, vous permettant d&rsquo;ajouter des passerelles de paiement \u00e0 vos formulaires de contact sans effort. Avec ce produit, vous pouvez facilement permettre \u00e0 vos clients d&rsquo;effectuer des paiements ou des dons via le formulaire de contact, simplifier les transactions et am\u00e9liorer l&rsquo;exp\u00e9rience utilisateur. Il prend en charge plusieurs passerelles de paiement, offrant une flexibilit\u00e9 et une commodit\u00e9 \u00e0 vos clients. Le formulaire de contact GetPaid 7 est convivial, facile \u00e0 configurer et \u00e0 personnaliser en fonction des besoins de votre entreprise. C&rsquo;est un outil parfait pour les sites Web de commerce \u00e9lectronique, les sites de dons ou toute plate-forme en ligne qui n\u00e9cessite un syst\u00e8me de paiement s\u00e9curis\u00e9 et efficace.<\/p>\n<ul>\n<li>GetPaid Contact Form 7 est un module compl\u00e9mentaire hautement fonctionnel pour le plugin GetPaid.<\/li>\n<li>Il s&rsquo;int\u00e8gre parfaitement au formulaire de contact 7, l&rsquo;un des plugins de formulaire de contact les plus populaires disponibles pour WordPress.<\/li>\n<li>Permet aux utilisateurs de cr\u00e9er des formulaires de paiement personnalis\u00e9s, leur permettant de recevoir facilement des paiements pour des produits ou des services en ligne.<\/li>\n<li>Rationalise le processus de collecte des coordonn\u00e9es et de r\u00e9ception des paiements des clients en un seul endroit.<\/li>\n<li>Offre une interface conviviale, ce qui permet aux utilisateurs de configurer et de g\u00e9rer facilement leurs formulaires de paiement.<\/li>\n<li>Fournit des options de personnalisation flexibles pour r\u00e9pondre \u00e0 diff\u00e9rents besoins commerciaux.<\/li>\n<li>Prend en charge plusieurs passerelles de paiement, augmentant la commodit\u00e9 pour les entreprises et leurs clients.<\/li>\n<li>Offre un suivi et des rapports en temps r\u00e9el sur les transactions de paiement.<\/li>\n<li>Am\u00e9liore les capacit\u00e9s de commerce \u00e9lectronique de tout site WordPress, am\u00e9liorant la satisfaction des clients et augmentant les ventes.<\/li>\n<li>Livr\u00e9 avec un support client fiable pour tout probl\u00e8me technique ou demandes de renseignements.<\/li>\n<\/ul>\n","protected":false},"excerpt":{"rendered":"<p>GetPaid Contact Form 7 est un outil num\u00e9rique innovant et complet sp\u00e9cifiquement con\u00e7u pour rationaliser le processus des op\u00e9rations de transaction en ligne. Il est con\u00e7u avec une interface conviviale qui rend exceptionnellement facile pour toute personne, quel que soit son niveau de comp\u00e9tence technique, pour naviguer et utiliser de mani\u00e8re approfondie. Cet outil permet aux utilisateurs d&rsquo;int\u00e9grer tous les formulaires cr\u00e9\u00e9s avec le formulaire de contact 7 de mani\u00e8re transparente, ce qui rend l&rsquo;exp\u00e9rience encore plus fluide. L&rsquo;outil GetPaid Contact Form 7 est intrins\u00e8quement polyvalent et offre une multiplicit\u00e9 de fonctions, qui comprend mais sans s&rsquo;y limiter, la cr\u00e9ation et la gestion des factures, la mise en place de paiements r\u00e9currents et le suivi de l&rsquo;historique des transactions. De plus, il a \u00e9t\u00e9 \u00e9quip\u00e9 d&rsquo;un portail de paiement sophistiqu\u00e9 et s\u00e9curis\u00e9, garantissant que toutes les transactions sont trait\u00e9es rapidement et en toute s\u00e9curit\u00e9. Cet outil est \u00e9galement con\u00e7u pour offrir une excellente compatibilit\u00e9 avec diverses plates-formes, ce qui signifie que vous pouvez facilement l&rsquo;int\u00e9grer dans n&rsquo;importe quel syst\u00e8me existant. Que vous soyez un propri\u00e9taire de petite entreprise qui cherche \u00e0 rationaliser votre processus de facturation ou une grande organisation cherchant \u00e0 am\u00e9liorer vos op\u00e9rations de transaction num\u00e9rique, l&rsquo;outil GetPaid Contact Form 7 est un actif inestimable qui peut simplifier et am\u00e9liorer consid\u00e9rablement vos transactions financi\u00e8res en ligne.<\/p>\n","protected":false},"featured_media":146797,"comment_status":"open","ping_status":"open","template":"","meta":[],"product_brand":[2560],"product_cat":[1182,1401,1181],"product_tag":[1828],"class_list":{"0":"post-137083","1":"product","2":"type-product","3":"status-publish","4":"has-post-thumbnail","6":"product_brand-ayecode","7":"product_cat-commerce-electronique-plugins","8":"product_cat-paiement-commerce-electronique-plugins","9":"product_cat-plugins","10":"product_tag-ayecode","11":"member-discount","12":"discount-restricted","14":"first","15":"instock","16":"sale","17":"downloadable","18":"virtual","19":"sold-individually","20":"purchasable","21":"product-type-simple"},"_links":{"self":[{"href":"https:\/\/gpl-love.com\/fr\/wp-json\/wp\/v2\/product\/137083","targetHints":{"allow":["GET"]}}],"collection":[{"href":"https:\/\/gpl-love.com\/fr\/wp-json\/wp\/v2\/product"}],"about":[{"href":"https:\/\/gpl-love.com\/fr\/wp-json\/wp\/v2\/types\/product"}],"replies":[{"embeddable":true,"href":"https:\/\/gpl-love.com\/fr\/wp-json\/wp\/v2\/comments?post=137083"}],"wp:featuredmedia":[{"embeddable":true,"href":"https:\/\/gpl-love.com\/fr\/wp-json\/wp\/v2\/media\/146797"}],"wp:attachment":[{"href":"https:\/\/gpl-love.com\/fr\/wp-json\/wp\/v2\/media?parent=137083"}],"wp:term":[{"taxonomy":"product_brand","embeddable":true,"href":"https:\/\/gpl-love.com\/fr\/wp-json\/wp\/v2\/product_brand?post=137083"},{"taxonomy":"product_cat","embeddable":true,"href":"https:\/\/gpl-love.com\/fr\/wp-json\/wp\/v2\/product_cat?post=137083"},{"taxonomy":"product_tag","embeddable":true,"href":"https:\/\/gpl-love.com\/fr\/wp-json\/wp\/v2\/product_tag?post=137083"}],"curies":[{"name":"wp","href":"https:\/\/api.w.org\/{rel}","templated":true}]}}